{"id":647,"date":"2021-03-29T02:13:52","date_gmt":"2021-03-29T02:13:52","guid":{"rendered":"http:\/\/localhost\/nuss\/?page_id=647"},"modified":"2025-09-11T09:13:25","modified_gmt":"2025-09-11T09:13:25","slug":"servizi","status":"publish","type":"page","link":"https:\/\/lyhninternationalhotelchengdu.com\/it\/servizi\/","title":{"rendered":"Servizi"},"content":{"rendered":"<div data-elementor-type=\"wp-page\" data-elementor-id=\"647\" class=\"elementor elementor-647\">\n\t\t\t\t\t\t<section class=\"elementor-section elementor-top-section elementor-element elementor-element-3353bc8 elementor-section-boxed elementor-section-gap-beside-yes elementor-section-height-default elementor-section-height-default elementor-section-column-vertical-align-stretch\" data-id=\"3353bc8\" data-element_type=\"section\" data-e-type=\"section\">\n\t\t\t\t\t\t<div class=\"elementor-container elementor-column-gap-extended\">\n\t\t\t\t\t<div class=\"elementor-column elementor-col-100 elementor-top-column elementor-element elementor-element-0a2bc64\" data-id=\"0a2bc64\" data-element_type=\"column\" data-e-type=\"column\">\n\t\t\t<div class=\"elementor-widget-wrap elementor-element-populated\">\n\t\t\t\t\t\t<div class=\"elementor-element elementor-element-447e3ef elementor-widget__width-initial elementor-invisible elementor-widget elementor-widget-text-editor\" data-id=\"447e3ef\" data-element_type=\"widget\" data-e-type=\"widget\" data-settings=\"{&quot;_animation&quot;:&quot;nussFadeInUp&quot;}\" data-widget_type=\"text-editor.default\">\n\t\t\t\t\t\t\t\t\t<p><strong data-spm-anchor-id=\"a2ty_o01.29997173.0.i82.4901c9211d0XT3\">Servizi eccezionali progettati per comfort, praticit\u00e0 e connessione al Lyhn International Hotel Chengdu Taikoo Li<\/strong><\/p>\t\t\t\t\t\t\t\t<\/div>\n\t\t\t\t\t<\/div>\n\t\t<\/div>\n\t\t\t\t\t<\/div>\n\t\t<\/section>\n\t\t<div class=\"elementor-element elementor-element-41b173e e-flex e-con-boxed e-con e-parent\" data-id=\"41b173e\" data-element_type=\"container\" data-e-type=\"container\">\n\t\t\t\t\t<div class=\"e-con-inner\">\n\t\t\t\t<div class=\"elementor-element elementor-element-96bc701 elementor-widget elementor-widget-text-editor\" data-id=\"96bc701\" data-element_type=\"widget\" data-e-type=\"widget\" data-widget_type=\"text-editor.default\">\n\t\t\t\t\t\t\t\t\t<div class=\"svelte-1c06zsf\" data-lang-code=\"\"><p data-spm-anchor-id=\"a2ty_o01.29997173.0.i83.4901c9211d0XT3\">A <strong>Lyhn International Hotel Chengdu Taikoo Li<\/strong>, situato nel cuore vibrante di una delle citt\u00e0 pi\u00f9 dinamiche della Cina a <strong>No.1 Tidu Street, distretto di Qingyang, Chengdu, Sichuan 610000<\/strong>, il servizio non \u00e8 solo uno standard, \u00e8 una filosofia. Fin dall&#039;apertura delle sue porte nel <strong>2014<\/strong>, l&#039;hotel ha ridefinito l&#039;ospitalit\u00e0 urbana unendo tecnologie all&#039;avanguardia a un&#039;attenzione profondamente personalizzata, creando un&#039;esperienza che \u00e8 al tempo stesso impeccabile e memorabile per ogni ospite.<\/p><p>Dal momento del tuo arrivo, il nostro impegno per l&#039;eccellenza diventa evidente. <strong>reception aperta 24 ore su 24<\/strong> accoglie viaggiatori da tutto il mondo con personale multilingue fluente in <strong>Inglese e cinese mandarino<\/strong>, garantendo una comunicazione chiara e un&#039;assistenza attenta indipendentemente dal fuso orario o dall&#039;itinerario. Che tu stia effettuando il check-in a tarda notte dopo un lungo volo o abbia bisogno di aiuto urgente per organizzare un incontro di lavoro, il nostro team \u00e8 sempre pronto, supportato da strumenti come <strong>ausili per la traduzione e chioschi per il check-in automatico<\/strong> per rendere il tuo arrivo senza sforzo.<\/p><p>Una delle caratteristiche pi\u00f9 discusse del nostro ecosistema di servizi \u00e8 la nostra flotta di <strong>robot di servizio<\/strong>, compreso l&#039;amato <strong>robot di consegna a forma di panda<\/strong> che hanno deliziato gli ospiti in tutte le recensioni su Trip.com. Questi assistenti intelligenti si muovono nei corridoi per consegnare il servizio in camera, asciugamani extra, spazzolini da denti per i bambini o persino buoni per il t\u00e8 pomeridiano, aggiungendo un tocco di divertimento futuristico pur mantenendo efficienza e igiene. \u00c8 innovazione con personalit\u00e0, che riflette la nostra convinzione che il lusso moderno debba essere intelligente. <em>E<\/em> Caldo.<\/p><p>Per i viaggiatori d&#039;affari, andiamo oltre i servizi di base. Il nostro completo <strong>servizi alle imprese<\/strong> includono l&#039;accesso a una struttura completamente attrezzata <strong>sala conferenze<\/strong>, <strong>sala polifunzionale<\/strong>, E <strong>centro commerciale<\/strong>, rendendoci la scelta preferita dai professionisti che visitano i centri commerciali di Chengdu. Hai bisogno di stampare contratti, inviare un fax o prenotare biglietti last minute? La nostra reception offre <strong>servizi di fax\/fotocopie<\/strong>, <strong>supporto postale<\/strong>, E <strong>prenotazione tour e biglietti<\/strong> \u2014 tutto progettato per far s\u00ec che il tuo programma scorra senza intoppi. Forniamo anche <strong>chiamate di sveglia<\/strong>, <strong>check-in e check-out rapidi<\/strong>, E <strong>cassette di sicurezza<\/strong> per una maggiore comodit\u00e0.<\/p><p>Gli ospiti apprezzano i piccoli dettagli che fanno la differenza: omaggio <strong>deposito bagagli<\/strong> prima del check-in o dopo il check-out, <strong>Wi-Fi ad alta velocit\u00e0 gratuito<\/strong> in tutta la propriet\u00e0, e <strong>piani non fumatori<\/strong> per un soggiorno pi\u00f9 sano. Per chi viaggia con la famiglia, piccoli accorgimenti come <strong>pantofole per bambini<\/strong> E <strong>spazzolini da denti<\/strong> sono forniti su richiesta, rafforzando la nostra reputazione di scelta privilegiata per soggiorni in famiglia nel centro di Chengdu.<\/p><p>Sappiamo che il comfort va oltre la stanza. Ecco perch\u00e9 offriamo <strong>Lavanderia self-service 24 ore su 24<\/strong> E <strong>servizi di stiratura e stiratura a vapore in loco<\/strong>, cos\u00ec puoi viaggiare leggero e fresco. Il nostro <strong>lavanderia<\/strong> L&#039;hotel \u00e8 dotato di macchinari moderni e detersivo gratuito, mentre il servizio di lavanderia a secco professionale \u00e8 disponibile presso la reception. Che il vostro soggiorno sia di due notti o di due settimane, questi servizi vi faranno sentire come a casa.<\/p><p>Ristorazione e relax sono ugualmente ben supportati. Gli ospiti hanno accesso al nostro elegante <strong>sala da t\u00e8<\/strong> E <strong>sala da gioco<\/strong>, perfetto per conversazioni tranquille, giochi informali o per rilassarsi con una tazza di t\u00e8 cinese di alta qualit\u00e0. <strong>bar della hall<\/strong> E <strong>caff\u00e8<\/strong> offrono spazi invitanti per il caff\u00e8 del mattino o per un drink serale, mentre <strong>servizio in camera<\/strong> porta i sapori di <strong>Rong Ting Shi Fu (\u84c9\u5ead\u98df\u5e9c)<\/strong> direttamente a casa tua, spesso consegnato tramite robot, con grande gioia dei clienti abituali.<\/p><p>Il trasporto \u00e8 reso facile con <strong>servizi di prenotazione taxi<\/strong> offerto dal nostro attento personale. Sebbene l&#039;hotel non offra un servizio navetta aeroportuale, il nostro team sar\u00e0 lieto di assistervi nella prenotazione di taxi affidabili o di app di ride-hailing come Didi, particolarmente utili per i visitatori internazionali che desiderano esplorare la citt\u00e0. Situato a soli <strong>640 metri dalla stazione della metropolitana Taisheng South Road (linea 3)<\/strong>, siamo anche a pochi passi dai trasporti pubblici, che ti collegano senza sforzo alle principali attrazioni come <strong>Taikoo Li (15 minuti a piedi)<\/strong>, <strong>Chunxi Road<\/strong>, E <strong>Via antica Jinli<\/strong>.<\/p><p>Dietro le quinte, rigorosi protocolli di sicurezza garantiscono la massima tranquillit\u00e0. L&#039;intera struttura dispone di <strong>sorveglianza CCTV<\/strong>, <strong>rilevatori di fumo<\/strong>, <strong>allarmi antincendio<\/strong>, e un <strong>sistema di ingresso con tessera magnetica<\/strong>. Un dedicato <strong>squadra del personale di sicurezza<\/strong> monitora i locali 24 ore su 24, mentre <strong>sistemi di ventilazione<\/strong> E <strong>ascensori<\/strong> vengono sottoposti a regolare manutenzione per garantirne la salute e l&#039;accessibilit\u00e0.<\/p><p>Ogni servizio del Lyhn International Hotel \u00e8 guidato da un principio: <strong>anticipare i bisogni prima che si presentino<\/strong>Con una stellare <strong>Valutazione del servizio 9,6\/10<\/strong> Nelle oltre 9.300 recensioni verificate su Trip.com, gli ospiti elogiano costantemente la reattivit\u00e0, la gentilezza e la professionalit\u00e0 del nostro personale, dall&#039;attenzione personale del direttore HeLiang alla paziente assistenza dell&#039;addetto alla reception Wei Youyan agli ospiti cinesi stranieri che hanno difficolt\u00e0 con le barriere linguistiche.<\/p><p>Questo non \u00e8 solo un hotel con ottimi servizi, \u00e8 un posto dove <strong>la tecnologia incontra l&#039;umanit\u00e0<\/strong>, Dove <strong>l&#039;efficienza migliora l&#039;esperienza<\/strong>e dove ogni dettaglio \u00e8 curato per rendere il vostro soggiorno a Chengdu ancora pi\u00f9 speciale. Al Lyhn International Hotel Chengdu Taikoo Li, un servizio eccezionale non \u00e8 un optional. \u00c8 ci\u00f2 che siamo.<\/p><\/div>\t\t\t\t\t\t\t\t<\/div>\n\t\t\t\t\t<\/div>\n\t\t\t\t<\/div>\n\t\t\t\t<section class=\"elementor-section elementor-top-section elementor-element elementor-element-13a7802a elementor-section-stretched elementor-section-boxed elementor-section-gap-beside-yes elementor-section-height-default elementor-section-height-default elementor-section-column-vertical-align-stretch\" data-id=\"13a7802a\" data-element_type=\"section\" data-e-type=\"section\" data-settings=\"{&quot;background_background&quot;:&quot;classic&quot;,&quot;stretch_section&quot;:&quot;section-stretched&quot;}\">\n\t\t\t\t\t\t<div class=\"elementor-container elementor-column-gap-extended\">\n\t\t\t\t\t<div class=\"elementor-column elementor-col-100 elementor-top-column elementor-element elementor-element-cc3d97a\" data-id=\"cc3d97a\" data-element_type=\"column\" data-e-type=\"column\">\n\t\t\t<div class=\"elementor-widget-wrap elementor-element-populated\">\n\t\t\t\t\t\t<div class=\"elementor-element elementor-element-3673d6ff elementor-widget elementor-widget-nuss-heading\" data-id=\"3673d6ff\" data-element_type=\"widget\" data-e-type=\"widget\" data-widget_type=\"nuss-heading.default\">\n\t\t\t\t<div class=\"elementor-widget-container\">\n\t\t\t\t\t\t\t<div class=\"nuss-modern-heading\">\r\n\t\t\t\t\t\t<div class=\"heading-secondary-wrap\">\r\n\t\t\t\t<h3 class=\"heading-secondary elementor-heading-title\">Controlla disponibile <\/h3>\t\t\t<\/div>\r\n\t\t\r\n\t\t\t\r\n\t\t\t\r\n\t\t\t\t\t<\/div>\r\n\t\t\t\t\t<\/div>\n\t\t\t\t<\/div>\n\t\t\t\t<div class=\"elementor-element elementor-element-1f054b4a elementor-widget elementor-widget-text-editor\" data-id=\"1f054b4a\" data-element_type=\"widget\" data-e-type=\"widget\" data-widget_type=\"text-editor.default\">\n\t\t\t\t\t\t\t\t\t<iframe border=\"0\" src=\"https:\/\/www.trip.com\/partners\/ad\/S5321409?Allianceid=4590391&#038;SID=258456612&#038;trip_sub1=\" style=\"width:1200px;height:200px\" frameborder=\"0\" scrolling=\"no\" id=\"S5321409\"><\/iframe>\t\t\t\t\t\t\t\t<\/div>\n\t\t\t\t\t<\/div>\n\t\t<\/div>\n\t\t\t\t\t<\/div>\n\t\t<\/section>\n\t\t\t\t<\/div>","protected":false},"excerpt":{"rendered":"<p>Exceptional Services Designed for Comfort, Convenience, and Connection at Lyhn International Hotel Chengdu Taikoo Li At Lyhn International Hotel Chengdu Taikoo Li, located in the vibrant heart of one of China\u2019s most dynamic cities at No.1 Tidu Street, Qingyang District, Chengdu, Sichuan 610000, service is not just a standard \u2014 it\u2019s a philosophy. Since opening [&hellip;]<\/p>\n","protected":false},"author":1,"featured_media":0,"parent":0,"menu_order":0,"comment_status":"closed","ping_status":"closed","template":"","meta":{"footnotes":""},"class_list":["post-647","page","type-page","status-publish","hentry","post-no-thumbnail"],"_links":{"self":[{"href":"https:\/\/lyhninternationalhotelchengdu.com\/it\/wp-json\/wp\/v2\/pages\/647","targetHints":{"allow":["GET"]}}],"collection":[{"href":"https:\/\/lyhninternationalhotelchengdu.com\/it\/wp-json\/wp\/v2\/pages"}],"about":[{"href":"https:\/\/lyhninternationalhotelchengdu.com\/it\/wp-json\/wp\/v2\/types\/page"}],"author":[{"embeddable":true,"href":"https:\/\/lyhninternationalhotelchengdu.com\/it\/wp-json\/wp\/v2\/users\/1"}],"replies":[{"embeddable":true,"href":"https:\/\/lyhninternationalhotelchengdu.com\/it\/wp-json\/wp\/v2\/comments?post=647"}],"version-history":[{"count":0,"href":"https:\/\/lyhninternationalhotelchengdu.com\/it\/wp-json\/wp\/v2\/pages\/647\/revisions"}],"wp:attachment":[{"href":"https:\/\/lyhninternationalhotelchengdu.com\/it\/wp-json\/wp\/v2\/media?parent=647"}],"curies":[{"name":"parola chiave","href":"https:\/\/api.w.org\/{rel}","templated":true}]}}