{"id":612,"date":"2021-03-26T10:04:13","date_gmt":"2021-03-26T10:04:13","guid":{"rendered":"http:\/\/localhost\/nuss\/?page_id=612"},"modified":"2025-09-11T09:03:42","modified_gmt":"2025-09-11T09:03:42","slug":"ristorante","status":"publish","type":"page","link":"https:\/\/lyhninternationalhotelchengdu.com\/it\/ristorante\/","title":{"rendered":"Ristorante"},"content":{"rendered":"<div data-elementor-type=\"wp-page\" data-elementor-id=\"612\" class=\"elementor elementor-612\">\n\t\t\t\t\t\t<section class=\"elementor-section elementor-top-section elementor-element elementor-element-e2effe8 elementor-section-boxed elementor-section-gap-beside-yes elementor-section-height-default elementor-section-height-default elementor-section-column-vertical-align-stretch\" data-id=\"e2effe8\" data-element_type=\"section\" data-e-type=\"section\">\n\t\t\t\t\t\t<div class=\"elementor-container elementor-column-gap-extended\">\n\t\t\t\t\t<div class=\"elementor-column elementor-col-100 elementor-top-column elementor-element elementor-element-e18f688\" data-id=\"e18f688\" data-element_type=\"column\" data-e-type=\"column\">\n\t\t\t<div class=\"elementor-widget-wrap elementor-element-populated\">\n\t\t\t\t\t\t<div class=\"elementor-element elementor-element-6db146d elementor-widget__width-initial elementor-invisible elementor-widget elementor-widget-text-editor\" data-id=\"6db146d\" data-element_type=\"widget\" data-e-type=\"widget\" data-settings=\"{&quot;_animation&quot;:&quot;nussFadeInUp&quot;}\" data-widget_type=\"text-editor.default\">\n\t\t\t\t\t\t\t\t\t<p><strong data-spm-anchor-id=\"a2ty_o01.29997173.0.i77.4901c9211d0XT3\">Assapora l&#039;anima del Sichuan: scopri Rong Ting Shi Fu, il cuore culinario del Lyhn International Hotel Chengdu Taikoo Li<\/strong><\/p>\t\t\t\t\t\t\t\t<\/div>\n\t\t\t\t\t<\/div>\n\t\t<\/div>\n\t\t\t\t\t<\/div>\n\t\t<\/section>\n\t\t<div class=\"elementor-element elementor-element-f73e441 e-flex e-con-boxed e-con e-parent\" data-id=\"f73e441\" data-element_type=\"container\" data-e-type=\"container\">\n\t\t\t\t\t<div class=\"e-con-inner\">\n\t\t\t\t<div class=\"elementor-element elementor-element-f1d94b1 elementor-widget elementor-widget-nuss-image-gallery\" data-id=\"f1d94b1\" data-element_type=\"widget\" data-e-type=\"widget\" data-widget_type=\"nuss-image-gallery.default\">\n\t\t\t\t<div class=\"elementor-widget-container\">\n\t\t\t\t\t\t\t<div class=\"nuss-grid-wrapper\" data-grid=\"{&quot;type&quot;:&quot;grid&quot;,&quot;ratio&quot;:null,&quot;columns&quot;:3,&quot;gutter&quot;:30}\">\r\n\t\t\t<div class=\"nuss-grid lazy-grid\">\r\n\t\t\t\t<div class=\"grid-sizer\"><\/div>\r\n\r\n\t\t\t\t\t\t\t\t\t\t\t\t<div class=\"grid-item\">\r\n\t\t\t\t\t\t<div class=\"nuss-box\">\t\t<div class=\"nuss-image image\">\r\n\t\t\t<img decoding=\"async\"  src=\"https:\/\/lyhninternationalhotelchengdu.com\/wp-content\/uploads\/2025\/09\/Lyhn-International-Hotel-Chengdu-Taikoo-Li-52.webp\" alt=\"Lyhn International Hotel Chengdu Taikoo Li (52)\" \/>\t\t<\/div>\r\n\t\t\t\t<\/div>\t\t\t\t\t<\/div>\r\n\t\t\t\t\t\t<div class=\"grid-item\">\r\n\t\t\t\t\t\t<div class=\"nuss-box\">\t\t<div class=\"nuss-image image\">\r\n\t\t\t<img decoding=\"async\"  src=\"https:\/\/lyhninternationalhotelchengdu.com\/wp-content\/uploads\/2025\/09\/Lyhn-International-Hotel-Chengdu-Taikoo-Li-49.webp\" alt=\"Lyhn International Hotel Chengdu Taikoo Li (49)\" \/>\t\t<\/div>\r\n\t\t\t\t<\/div>\t\t\t\t\t<\/div>\r\n\t\t\t\t\t\t<div class=\"grid-item\">\r\n\t\t\t\t\t\t<div class=\"nuss-box\">\t\t<div class=\"nuss-image image\">\r\n\t\t\t<img decoding=\"async\"  src=\"https:\/\/lyhninternationalhotelchengdu.com\/wp-content\/uploads\/2025\/09\/Lyhn-International-Hotel-Chengdu-Taikoo-Li-48.webp\" alt=\"Lyhn International Hotel Chengdu Taikoo Li (48)\" \/>\t\t<\/div>\r\n\t\t\t\t<\/div>\t\t\t\t\t<\/div>\r\n\t\t\t\t\t\t<div class=\"grid-item\">\r\n\t\t\t\t\t\t<div class=\"nuss-box\">\t\t<div class=\"nuss-image image\">\r\n\t\t\t<img decoding=\"async\"  src=\"https:\/\/lyhninternationalhotelchengdu.com\/wp-content\/uploads\/2025\/09\/Lyhn-International-Hotel-Chengdu-Taikoo-Li-47.webp\" alt=\"Lyhn International Hotel Chengdu Taikoo Li (47)\" \/>\t\t<\/div>\r\n\t\t\t\t<\/div>\t\t\t\t\t<\/div>\r\n\t\t\t\t\t\t<div class=\"grid-item\">\r\n\t\t\t\t\t\t<div class=\"nuss-box\">\t\t<div class=\"nuss-image image\">\r\n\t\t\t<img decoding=\"async\"  src=\"https:\/\/lyhninternationalhotelchengdu.com\/wp-content\/uploads\/2025\/09\/Lyhn-International-Hotel-Chengdu-Taikoo-Li-45.webp\" alt=\"Lyhn International Hotel Chengdu Taikoo Li (45)\" \/>\t\t<\/div>\r\n\t\t\t\t<\/div>\t\t\t\t\t<\/div>\r\n\t\t\t\t\t\t<div class=\"grid-item\">\r\n\t\t\t\t\t\t<div class=\"nuss-box\">\t\t<div class=\"nuss-image image\">\r\n\t\t\t<img decoding=\"async\"  src=\"https:\/\/lyhninternationalhotelchengdu.com\/wp-content\/uploads\/2025\/09\/Lyhn-International-Hotel-Chengdu-Taikoo-Li-56.webp\" alt=\"Lyhn International Hotel Chengdu Taikoo Li (56)\" \/>\t\t<\/div>\r\n\t\t\t\t<\/div>\t\t\t\t\t<\/div>\r\n\t\t\t\t\t\t\t\r\n\t\t\t<\/div>\r\n\t\t<\/div>\r\n\t\t\t\t\t\t<\/div>\n\t\t\t\t<\/div>\n\t\t\t\t\t<\/div>\n\t\t\t\t<\/div>\n\t\t<div class=\"elementor-element elementor-element-3a92925 e-flex e-con-boxed e-con e-parent\" data-id=\"3a92925\" data-element_type=\"container\" data-e-type=\"container\">\n\t\t\t\t\t<div class=\"e-con-inner\">\n\t\t\t\t<div class=\"elementor-element elementor-element-0616968 elementor-widget elementor-widget-text-editor\" data-id=\"0616968\" data-element_type=\"widget\" data-e-type=\"widget\" data-widget_type=\"text-editor.default\">\n\t\t\t\t\t\t\t\t\t<p data-spm-anchor-id=\"a2ty_o01.29997173.0.i78.4901c9211d0XT3\">Immerso nel vivace epicentro culturale e commerciale di Chengdu, <strong>Lyhn International Hotel Chengdu Taikoo Li<\/strong> offre pi\u00f9 di un semplice soggiorno di lusso: offre un viaggio gastronomico indimenticabile presso il suo esclusivo ristorante in loco, <strong>Rong Ting Shi Fu (\u84c9\u5ead\u98df\u5e9c)<\/strong>Situato a <strong>No.1 Tidu Street, distretto di Qingyang<\/strong>, questa destinazione gastronomica attentamente curata invita gli ospiti e gli amanti della cucina locale a provare i sapori audaci, aromatici e profondamente appaganti dell&#039;autentica cucina del Sichuan, arricchita da un&#039;eleganza moderna e da un servizio impeccabile.<\/p><div class=\"my-2\">\u00a0<\/div><p>Aperto tutti i giorni dalle <strong>dalle 07:00 alle 22:00<\/strong>Il Rong Ting Shi Fu non \u00e8 semplicemente un ristorante d&#039;albergo: \u00e8 una celebrazione del ricco patrimonio culinario di Chengdu. Che tu voglia iniziare la giornata con una colazione rivitalizzante, rilassarti con un t\u00e8 pomeridiano o concederti una cena piccante dopo aver esplorato Taikoo Li, il nostro ristorante offre un mix perfetto di tradizione e innovazione in ogni pasto. Con entrambi <strong>opzioni \u00e0 la carte e buffet<\/strong> disponibili, i commensali possono scegliere il loro stile di ristorazione preferito, godendo costantemente di elevati standard di freschezza, sapore e presentazione.<\/p><div class=\"my-2\">\u00a0<\/div><p>La colazione al Rong Ting Shi Fu \u00e8 un momento clou per i viaggiatori in cerca di energia e comfort. Gli ospiti vengono accolti con un <strong>colazione varia<\/strong> Offre una selezione di piatti sia occidentali che cinesi: dalle soffici uova, al bacon croccante e ai dolci appena sfornati, fino a fumanti ciotole di congee, ravioli saporiti, panini freschi e specialit\u00e0 regionali come i noodles Dan Dan e i sottaceti piccanti del Sichuan. Questa armoniosa fusione riflette lo spirito cosmopolita di Chengdu, accogliendo i visitatori internazionali pur rimanendo radicata nei sapori locali.<\/p><div class=\"my-2\">\u00a0<\/div><p>Per pranzo e cena, il men\u00f9 prende davvero vita con l&#039;essenza della cucina del Sichuan. Pensa <strong>Mapo Tofu incredibilmente delizioso<\/strong>, sapientemente bilanciato con peperoncino e grani di pepe di Sichuan; tenero <strong>Pollo Kung Pao<\/strong> con il giusto livello di calore; e brasato lentamente <strong>pancetta di maiale in salsa rossa<\/strong> che si scioglie in bocca. I nostri chef si riforniscono di ingredienti di stagione provenienti dai mercati locali per garantire autenticit\u00e0 e qualit\u00e0, creando piatti che onorano ricette tradizionali e che soddisfano al contempo i palati contemporanei.<\/p><div class=\"my-2\">\u00a0<\/div><p>Una delle esperienze pi\u00f9 straordinarie al Rong Ting Shi Fu \u00e8 la <strong>servizio da t\u00e8 pomeridiano<\/strong>, elogiato dagli ospiti per la sua atmosfera rilassante e le proposte curate. Gustate t\u00e8 cinesi di alta qualit\u00e0 serviti insieme a delicati dim sum, dolci pasticcini e snack leggeri: una pausa perfetta tra una visita turistica e l&#039;esplorazione serale. Come ha osservato un recensore di TripAdvisor: <em>\u201cMi hanno dato dei buoni omaggio per il t\u00e8 pomeridiano\u2026 un set standard dove puoi mangiare degli spuntini, bere il t\u00e8 e rilassarti\u201d<\/em> \u2014 una testimonianza della calda ospitalit\u00e0 che caratterizza ogni aspetto dell&#039;esperienza culinaria.<\/p><div class=\"my-2\">\u00a0<\/div><p>Il ristorante soddisfa anche diverse preferenze alimentari, offrendo opzioni vegetariane e soddisfacendo richieste speciali ove possibile. Per gli ospiti d&#039;affari, l&#039;ambiente elegante rende il Rong Ting Shi Fu ideale per riunioni informali o cene con i clienti, mentre le famiglie apprezzano l&#039;atmosfera a misura di bambino, che include <strong>spazzolini da denti e pantofole per bambini<\/strong> forniti su richiesta.<\/p><div class=\"my-2\">\u00a0<\/div><p>Oltre al cibo, ci\u00f2 che distingue Rong Ting Shi Fu \u00e8 il suo <strong>impegno per l&#039;innovazione e la soddisfazione del cliente<\/strong>Mangiare qui non significa solo mangiare, ma anche interagire con un ecosistema alberghiero moderno e intelligente. Cibo e servizi possono anche essere consegnati direttamente in camera tramite il nostro amato servizio. <strong>robot di servizio a forma di panda<\/strong>, aggiungendo un tocco di divertimento e un tocco futuristico al vostro soggiorno.<\/p><div class=\"my-2\">\u00a0<\/div><p>Situato in posizione comoda appena <strong>A 640 metri dalla stazione della metropolitana di Taisheng South Road<\/strong> e a pochi passi da <strong>Chunxi Road e Taikoo Li<\/strong>Il Rong Ting Shi Fu \u00e8 diventato una scelta privilegiata non solo per gli ospiti dell&#039;hotel, ma anche per gli esigenti abitanti del posto e per i turisti desiderosi di assaporare i sapori genuini del Sichuan in un ambiente raffinato.<\/p><div class=\"my-2\">\u00a0<\/div><p data-spm-anchor-id=\"a2ty_o01.29997173.0.i79.4901c9211d0XT3\">Che tu abbia voglia delle leggendarie spezie di Chengdu o che tu stia cercando una sofisticata fuga culinaria urbana, <strong>Rong Ting Shi Fu al Lyhn International Hotel<\/strong> promette una festa per i sensi. Venite per il cibo, restate per l&#039;atmosfera e tornate a casa con ricordi intrisi del calore, del sapore e dell&#039;anima di una delle pi\u00f9 grandi citt\u00e0 culinarie della Cina.<\/p>\t\t\t\t\t\t\t\t<\/div>\n\t\t\t\t\t<\/div>\n\t\t\t\t<\/div>\n\t\t\t\t<section class=\"elementor-section elementor-top-section elementor-element elementor-element-48d75367 elementor-section-stretched elementor-section-boxed elementor-section-gap-beside-yes elementor-section-height-default elementor-section-height-default elementor-section-column-vertical-align-stretch\" data-id=\"48d75367\" data-element_type=\"section\" data-e-type=\"section\" data-settings=\"{&quot;background_background&quot;:&quot;classic&quot;,&quot;stretch_section&quot;:&quot;section-stretched&quot;}\">\n\t\t\t\t\t\t<div class=\"elementor-container elementor-column-gap-extended\">\n\t\t\t\t\t<div class=\"elementor-column elementor-col-100 elementor-top-column elementor-element elementor-element-4fb0afc8\" data-id=\"4fb0afc8\" data-element_type=\"column\" data-e-type=\"column\">\n\t\t\t<div class=\"elementor-widget-wrap elementor-element-populated\">\n\t\t\t\t\t\t<div class=\"elementor-element elementor-element-776e4b08 elementor-widget elementor-widget-nuss-heading\" data-id=\"776e4b08\" data-element_type=\"widget\" data-e-type=\"widget\" data-widget_type=\"nuss-heading.default\">\n\t\t\t\t<div class=\"elementor-widget-container\">\n\t\t\t\t\t\t\t<div class=\"nuss-modern-heading\">\r\n\t\t\t\t\t\t<div class=\"heading-secondary-wrap\">\r\n\t\t\t\t<h3 class=\"heading-secondary elementor-heading-title\">Controlla disponibile <\/h3>\t\t\t<\/div>\r\n\t\t\r\n\t\t\t\r\n\t\t\t\r\n\t\t\t\t\t<\/div>\r\n\t\t\t\t\t<\/div>\n\t\t\t\t<\/div>\n\t\t\t\t<div class=\"elementor-element elementor-element-629347a6 elementor-widget elementor-widget-text-editor\" data-id=\"629347a6\" data-element_type=\"widget\" data-e-type=\"widget\" data-widget_type=\"text-editor.default\">\n\t\t\t\t\t\t\t\t\t<iframe border=\"0\" src=\"https:\/\/www.trip.com\/partners\/ad\/S5321409?Allianceid=4590391&#038;SID=258456612&#038;trip_sub1=\" style=\"width:1200px;height:200px\" frameborder=\"0\" scrolling=\"no\" id=\"S5321409\"><\/iframe>\t\t\t\t\t\t\t\t<\/div>\n\t\t\t\t\t<\/div>\n\t\t<\/div>\n\t\t\t\t\t<\/div>\n\t\t<\/section>\n\t\t\t\t<\/div>","protected":false},"excerpt":{"rendered":"<p>Savor the Soul of Sichuan: Discover Rong Ting Shi Fu \u2013 The Culinary Heart of Lyhn International Hotel Chengdu Taikoo Li Nestled in the vibrant cultural and commercial epicenter of Chengdu, Lyhn International Hotel Chengdu Taikoo Li offers more than just a luxurious stay \u2014 it delivers an unforgettable gastronomic journey at its signature on-site [&hellip;]<\/p>\n","protected":false},"author":1,"featured_media":0,"parent":0,"menu_order":0,"comment_status":"closed","ping_status":"closed","template":"","meta":{"footnotes":""},"class_list":["post-612","page","type-page","status-publish","hentry","post-no-thumbnail"],"_links":{"self":[{"href":"https:\/\/lyhninternationalhotelchengdu.com\/it\/wp-json\/wp\/v2\/pages\/612","targetHints":{"allow":["GET"]}}],"collection":[{"href":"https:\/\/lyhninternationalhotelchengdu.com\/it\/wp-json\/wp\/v2\/pages"}],"about":[{"href":"https:\/\/lyhninternationalhotelchengdu.com\/it\/wp-json\/wp\/v2\/types\/page"}],"author":[{"embeddable":true,"href":"https:\/\/lyhninternationalhotelchengdu.com\/it\/wp-json\/wp\/v2\/users\/1"}],"replies":[{"embeddable":true,"href":"https:\/\/lyhninternationalhotelchengdu.com\/it\/wp-json\/wp\/v2\/comments?post=612"}],"version-history":[{"count":0,"href":"https:\/\/lyhninternationalhotelchengdu.com\/it\/wp-json\/wp\/v2\/pages\/612\/revisions"}],"wp:attachment":[{"href":"https:\/\/lyhninternationalhotelchengdu.com\/it\/wp-json\/wp\/v2\/media?parent=612"}],"curies":[{"name":"parola chiave","href":"https:\/\/api.w.org\/{rel}","templated":true}]}}