{"id":2109,"date":"2021-03-26T08:35:58","date_gmt":"2021-03-26T08:35:58","guid":{"rendered":"http:\/\/localhost\/nuss\/?page_id=536"},"modified":"2025-09-11T08:09:23","modified_gmt":"2025-09-11T08:09:23","slug":"strutture-aziendali","status":"publish","type":"page","link":"https:\/\/lyhninternationalhotelchengdu.com\/it\/strutture-aziendali\/","title":{"rendered":"Strutture aziendali"},"content":{"rendered":"<div data-elementor-type=\"wp-page\" data-elementor-id=\"2109\" class=\"elementor elementor-2109\">\n\t\t\t\t\t\t<section class=\"elementor-section elementor-top-section elementor-element elementor-element-bb2901b elementor-section-boxed elementor-section-gap-beside-yes elementor-section-height-default elementor-section-height-default elementor-section-column-vertical-align-stretch\" data-id=\"bb2901b\" data-element_type=\"section\" data-e-type=\"section\">\n\t\t\t\t\t\t<div class=\"elementor-container elementor-column-gap-extended\">\n\t\t\t\t\t<div class=\"elementor-column elementor-col-100 elementor-top-column elementor-element elementor-element-1919db9\" data-id=\"1919db9\" data-element_type=\"column\" data-e-type=\"column\">\n\t\t\t<div class=\"elementor-widget-wrap elementor-element-populated\">\n\t\t\t\t\t\t<div class=\"elementor-element elementor-element-41a7b9c elementor-widget__width-initial elementor-invisible elementor-widget elementor-widget-text-editor\" data-id=\"41a7b9c\" data-element_type=\"widget\" data-e-type=\"widget\" data-settings=\"{&quot;_animation&quot;:&quot;nussFadeInUp&quot;}\" data-widget_type=\"text-editor.default\">\n\t\t\t\t\t\t\t\t\t<p><strong data-spm-anchor-id=\"a2ty_o01.29997173.0.i47.4901c9211d0XT3\">Strutture aziendali sofisticate progettate per la produttivit\u00e0 e l&#039;eccellenza professionale presso il Lyhn International Hotel Chengdu Taikoo Li<\/strong><\/p>\t\t\t\t\t\t\t\t<\/div>\n\t\t\t\t\t<\/div>\n\t\t<\/div>\n\t\t\t\t\t<\/div>\n\t\t<\/section>\n\t\t<div class=\"elementor-element elementor-element-4b1112f e-flex e-con-boxed e-con e-parent\" data-id=\"4b1112f\" data-element_type=\"container\" data-e-type=\"container\">\n\t\t\t\t\t<div class=\"e-con-inner\">\n\t\t\t\t<div class=\"elementor-element elementor-element-38409cf elementor-widget elementor-widget-text-editor\" data-id=\"38409cf\" data-element_type=\"widget\" data-e-type=\"widget\" data-widget_type=\"text-editor.default\">\n\t\t\t\t\t\t\t\t\t<p data-spm-anchor-id=\"a2ty_o01.29997173.0.i49.4901c9211d0XT3\">Per il moderno viaggiatore d&#039;affari, il successo inizia con una logistica impeccabile, una tecnologia affidabile e un ambiente che favorisce concentrazione ed efficienza. <strong>Lyhn International Hotel Chengdu Taikoo Li<\/strong>, situato nel fiorente cuore commerciale di Chengdu a <strong>No.1 Tidu Street, distretto di Qingyang<\/strong>, comprendiamo le esigenze dei professionisti dinamici di oggi. Ecco perch\u00e9 il nostro design ponderato <strong>strutture aziendali<\/strong> andare oltre le basi per offrire un&#039;esperienza raffinata e produttiva, pensata su misura per imprenditori, ospiti aziendali e delegati internazionali.<\/p><div class=\"my-2\">\u00a0<\/div><p>Pur mantenendo l&#039;atmosfera intima di una struttura boutique, il Lyhn International Hotel \u00e8 completamente attrezzato per supportare soggiorni di lavoro ad alte prestazioni. Ogni camera e area comune \u00e8 alimentata da <strong>connettivit\u00e0 Wi-Fi stabile e ad alta velocit\u00e0<\/strong>, garantendo videoconferenze senza interruzioni, accesso sicuro alla posta elettronica e una collaborazione cloud fluida, essenziali per il lavoro da remoto o per rimanere sincronizzati con i team globali. Che tu stia finalizzando una presentazione dalla tua stanza o preparandoti per un meeting con un cliente davanti a un caff\u00e8, la nostra rete \u00e8 ottimizzata per velocit\u00e0 e affidabilit\u00e0.<\/p><div class=\"my-2\">\u00a0<\/div><p>La posizione centrale dell&#039;hotel vi permetter\u00e0 di raggiungere in pochi minuti i principali quartieri commerciali di Chengdu, gli uffici delle multinazionali e i centri di innovazione della Hi-Tech Zone e di Jinjiang. A pochi passi, <strong>Taikoo Li<\/strong> non \u00e8 solo una destinazione di lusso, ma ospita anche uffici di punta, spazi di co-working e marchi internazionali, rendendo il nostro hotel la base ideale per i professionisti impegnati in attivit\u00e0 di networking, partnership o espansione del mercato nella Cina occidentale.<\/p>\t\t\t\t\t\t\t\t<\/div>\n\t\t\t\t\t<\/div>\n\t\t\t\t<\/div>\n\t\t<div class=\"elementor-element elementor-element-a43bdfd e-flex e-con-boxed e-con e-parent\" data-id=\"a43bdfd\" data-element_type=\"container\" data-e-type=\"container\">\n\t\t\t\t\t<div class=\"e-con-inner\">\n\t\t\t\t<div class=\"elementor-element elementor-element-7fd0596 elementor-widget elementor-widget-image\" data-id=\"7fd0596\" data-element_type=\"widget\" data-e-type=\"widget\" data-widget_type=\"image.default\">\n\t\t\t\t\t\t\t\t\t\t\t\t\t\t\t<img fetchpriority=\"high\" decoding=\"async\" width=\"1024\" height=\"456\" src=\"https:\/\/lyhninternationalhotelchengdu.com\/wp-content\/uploads\/2025\/09\/Lyhn-International-Hotel-Chengdu-Taikoo-Li-10-1024x456.webp\" class=\"attachment-large size-large wp-image-5600\" alt=\"\" srcset=\"https:\/\/lyhninternationalhotelchengdu.com\/wp-content\/uploads\/2025\/09\/Lyhn-International-Hotel-Chengdu-Taikoo-Li-10-1024x456.webp 1024w, https:\/\/lyhninternationalhotelchengdu.com\/wp-content\/uploads\/2025\/09\/Lyhn-International-Hotel-Chengdu-Taikoo-Li-10-300x134.webp 300w, https:\/\/lyhninternationalhotelchengdu.com\/wp-content\/uploads\/2025\/09\/Lyhn-International-Hotel-Chengdu-Taikoo-Li-10-768x342.webp 768w, https:\/\/lyhninternationalhotelchengdu.com\/wp-content\/uploads\/2025\/09\/Lyhn-International-Hotel-Chengdu-Taikoo-Li-10-18x8.webp 18w, https:\/\/lyhninternationalhotelchengdu.com\/wp-content\/uploads\/2025\/09\/Lyhn-International-Hotel-Chengdu-Taikoo-Li-10.webp 1280w\" sizes=\"(max-width: 1024px) 100vw, 1024px\" \/>\t\t\t\t\t\t\t\t\t\t\t\t\t\t\t<\/div>\n\t\t\t\t\t<\/div>\n\t\t\t\t<\/div>\n\t\t<div class=\"elementor-element elementor-element-c5593fb e-flex e-con-boxed e-con e-parent\" data-id=\"c5593fb\" data-element_type=\"container\" data-e-type=\"container\">\n\t\t\t\t\t<div class=\"e-con-inner\">\n\t\t\t\t<div class=\"elementor-element elementor-element-668b576 elementor-widget elementor-widget-text-editor\" data-id=\"668b576\" data-element_type=\"widget\" data-e-type=\"widget\" data-widget_type=\"text-editor.default\">\n\t\t\t\t\t\t\t\t\t<p>Sebbene di dimensioni compatte, l&#039;hotel offre <strong>soluzioni dedicate per spazi di lavoro<\/strong> in camere selezionate, dotate di sedute ergonomiche, scrivanie ben illuminate, prese di corrente con adattatori universali e interni insonorizzati per chiamate private o lavoro concentrato. Per riunioni informali o discussioni veloci, <strong>elegante lounge della hall<\/strong> offre un ambiente raffinato e tranquillo dove puoi ospitare i colleghi sorseggiando un t\u00e8 o un espresso di qualit\u00e0.<\/p><div class=\"my-2\">\u00a0<\/div><p data-spm-anchor-id=\"a2ty_o01.29997173.0.i50.4901c9211d0XT3\">A completare queste caratteristiche ci sono <strong>Servizi di reception 24 ore su 24<\/strong> Con personale multilingue a disposizione per assistervi con la stampa, la gestione dei documenti, le richieste di corriere e le esigenze di pianificazione dell&#039;ultimo minuto. Avete bisogno di una partenza anticipata? Approfittate del nostro <strong>check-out veloce<\/strong> E <strong>servizio di colazione anticipata<\/strong> per ottimizzare il tuo tempo. Offriamo anche <strong>accordi di trasferimento aeroportuale<\/strong> e coordinamento dei trasporti locali, riducendo al minimo lo stress del viaggio, cos\u00ec da arrivare alle riunioni riposati e puntuali.<\/p><div class=\"my-2\">\u00a0<\/div><p>Inoltre, gli ospiti beneficiano di <strong>strutture per il fitness in loco<\/strong> Per mantenere una routine di benessere durante i viaggi di lavoro prolungati, perch\u00e9 le massime prestazioni iniziano con l&#039;equilibrio fisico e mentale. L&#039;atmosfera tranquilla dell&#039;hotel, lontano dal caos delle grandi catene ma immerso nella comodit\u00e0 urbana, crea il perfetto equilibrio tra produttivit\u00e0 e rigenerazione.<\/p><div class=\"my-2\">\u00a0<\/div><p>Che tu sia a Chengdu per un progetto a breve termine, un incontro con gli investitori o una conferenza regionale, <strong>Lyhn International Hotel Chengdu Taikoo Li<\/strong> Offre un ambiente professionale, avvolto da un&#039;eleganza sobria. Qui, fare business non significa rinunciare al comfort: significa lavorare in modo pi\u00f9 intelligente, rimanere connessi e vivere la citt\u00e0 con sicurezza e semplicit\u00e0.<\/p><div class=\"my-2\">\u00a0<\/div><p>Scegliete il Lyhn International Hotel non solo come luogo in cui soggiornare, ma come partner strategico per raggiungere l&#039;eccellenza aziendale in una delle citt\u00e0 pi\u00f9 progressiste della Cina.<\/p>\t\t\t\t\t\t\t\t<\/div>\n\t\t\t\t\t<\/div>\n\t\t\t\t<\/div>\n\t\t\t\t<section class=\"elementor-section elementor-top-section elementor-element elementor-element-41197a65 elementor-section-stretched elementor-section-boxed elementor-section-gap-beside-yes elementor-section-height-default elementor-section-height-default elementor-section-column-vertical-align-stretch\" data-id=\"41197a65\" data-element_type=\"section\" data-e-type=\"section\" data-settings=\"{&quot;background_background&quot;:&quot;classic&quot;,&quot;stretch_section&quot;:&quot;section-stretched&quot;}\">\n\t\t\t\t\t\t<div class=\"elementor-container elementor-column-gap-extended\">\n\t\t\t\t\t<div class=\"elementor-column elementor-col-100 elementor-top-column elementor-element elementor-element-7e9449bf\" data-id=\"7e9449bf\" data-element_type=\"column\" data-e-type=\"column\">\n\t\t\t<div class=\"elementor-widget-wrap elementor-element-populated\">\n\t\t\t\t\t\t<div class=\"elementor-element elementor-element-74bcb6ae elementor-widget elementor-widget-nuss-heading\" data-id=\"74bcb6ae\" data-element_type=\"widget\" data-e-type=\"widget\" data-widget_type=\"nuss-heading.default\">\n\t\t\t\t<div class=\"elementor-widget-container\">\n\t\t\t\t\t\t\t<div class=\"nuss-modern-heading\">\r\n\t\t\t\t\t\t<div class=\"heading-secondary-wrap\">\r\n\t\t\t\t<h3 class=\"heading-secondary elementor-heading-title\">Controlla disponibile <\/h3>\t\t\t<\/div>\r\n\t\t\r\n\t\t\t\r\n\t\t\t\r\n\t\t\t\t\t<\/div>\r\n\t\t\t\t\t<\/div>\n\t\t\t\t<\/div>\n\t\t\t\t<div class=\"elementor-element elementor-element-652e4934 elementor-widget elementor-widget-text-editor\" data-id=\"652e4934\" data-element_type=\"widget\" data-e-type=\"widget\" data-widget_type=\"text-editor.default\">\n\t\t\t\t\t\t\t\t\t<iframe border=\"0\" src=\"https:\/\/www.trip.com\/partners\/ad\/S5321409?Allianceid=4590391&#038;SID=258456612&#038;trip_sub1=\" style=\"width:1200px;height:200px\" frameborder=\"0\" scrolling=\"no\" id=\"S5321409\"><\/iframe>\t\t\t\t\t\t\t\t<\/div>\n\t\t\t\t\t<\/div>\n\t\t<\/div>\n\t\t\t\t\t<\/div>\n\t\t<\/section>\n\t\t\t\t<\/div>","protected":false},"excerpt":{"rendered":"<p>Sophisticated Business Facilities Designed for Productivity and Professional Excellence at Lyhn International Hotel Chengdu Taikoo Li For the modern business traveler, success begins with seamless logistics, reliable technology, and an environment that fosters focus and efficiency. At Lyhn International Hotel Chengdu Taikoo Li, located in the thriving commercial heart of Chengdu at No.1 Tidu Street, [&hellip;]<\/p>\n","protected":false},"author":1,"featured_media":0,"parent":0,"menu_order":0,"comment_status":"closed","ping_status":"closed","template":"","meta":{"footnotes":""},"class_list":["post-2109","page","type-page","status-publish","hentry","post-no-thumbnail"],"_links":{"self":[{"href":"https:\/\/lyhninternationalhotelchengdu.com\/it\/wp-json\/wp\/v2\/pages\/2109","targetHints":{"allow":["GET"]}}],"collection":[{"href":"https:\/\/lyhninternationalhotelchengdu.com\/it\/wp-json\/wp\/v2\/pages"}],"about":[{"href":"https:\/\/lyhninternationalhotelchengdu.com\/it\/wp-json\/wp\/v2\/types\/page"}],"author":[{"embeddable":true,"href":"https:\/\/lyhninternationalhotelchengdu.com\/it\/wp-json\/wp\/v2\/users\/1"}],"replies":[{"embeddable":true,"href":"https:\/\/lyhninternationalhotelchengdu.com\/it\/wp-json\/wp\/v2\/comments?post=2109"}],"version-history":[{"count":0,"href":"https:\/\/lyhninternationalhotelchengdu.com\/it\/wp-json\/wp\/v2\/pages\/2109\/revisions"}],"wp:attachment":[{"href":"https:\/\/lyhninternationalhotelchengdu.com\/it\/wp-json\/wp\/v2\/media?parent=2109"}],"curies":[{"name":"parola chiave","href":"https:\/\/api.w.org\/{rel}","templated":true}]}}