{"id":2106,"date":"2021-03-25T04:08:26","date_gmt":"2021-03-25T04:08:26","guid":{"rendered":"http:\/\/localhost\/nuss\/?page_id=298"},"modified":"2025-09-11T08:32:50","modified_gmt":"2025-09-11T08:32:50","slug":"recensioni-delle-esperienze-dei-clienti","status":"publish","type":"page","link":"https:\/\/lyhninternationalhotelchengdu.com\/it\/recensioni-delle-esperienze-dei-clienti\/","title":{"rendered":"Esperienze e recensioni dei clienti"},"content":{"rendered":"<div data-elementor-type=\"wp-page\" data-elementor-id=\"2106\" class=\"elementor elementor-2106\">\n\t\t\t\t\t\t<section class=\"elementor-section elementor-top-section elementor-element elementor-element-1954ffc elementor-section-boxed elementor-section-gap-beside-yes elementor-section-height-default elementor-section-height-default elementor-section-column-vertical-align-stretch\" data-id=\"1954ffc\" data-element_type=\"section\" data-e-type=\"section\">\n\t\t\t\t\t\t<div class=\"elementor-container elementor-column-gap-extended\">\n\t\t\t\t\t<div class=\"elementor-column elementor-col-100 elementor-top-column elementor-element elementor-element-86aebc5\" data-id=\"86aebc5\" data-element_type=\"column\" data-e-type=\"column\">\n\t\t\t<div class=\"elementor-widget-wrap elementor-element-populated\">\n\t\t\t\t\t\t<div class=\"elementor-element elementor-element-11803d1 elementor-widget__width-initial elementor-invisible elementor-widget elementor-widget-text-editor\" data-id=\"11803d1\" data-element_type=\"widget\" data-e-type=\"widget\" data-settings=\"{&quot;_animation&quot;:&quot;nussFadeInUp&quot;}\" data-widget_type=\"text-editor.default\">\n\t\t\t\t\t\t\t\t\t<p><strong data-spm-anchor-id=\"a2ty_o01.29997173.0.i54.4901c9211d0XT3\">Esperienze eccezionali degli ospiti e recensioni entusiastiche: cosa dicono i viaggiatori del Lyhn International Hotel Chengdu Taikoo Li<\/strong><\/p>\t\t\t\t\t\t\t\t<\/div>\n\t\t\t\t\t<\/div>\n\t\t<\/div>\n\t\t\t\t\t<\/div>\n\t\t<\/section>\n\t\t<div class=\"elementor-element elementor-element-9e99630 e-flex e-con-boxed e-con e-parent\" data-id=\"9e99630\" data-element_type=\"container\" data-e-type=\"container\">\n\t\t\t\t\t<div class=\"e-con-inner\">\n\t\t\t\t<div class=\"elementor-element elementor-element-1eb468c elementor-widget elementor-widget-image\" data-id=\"1eb468c\" data-element_type=\"widget\" data-e-type=\"widget\" data-widget_type=\"image.default\">\n\t\t\t\t\t\t\t\t\t\t\t\t\t\t\t\t<a href=\"https:\/\/www.trip.com\/t\/AR8HtzWtPR2\" target=\"_blank\" rel=\"noopener\">\n\t\t\t\t\t\t\t<img fetchpriority=\"high\" decoding=\"async\" width=\"1024\" height=\"297\" src=\"https:\/\/lyhninternationalhotelchengdu.com\/wp-content\/uploads\/2025\/09\/review-1024x297.jpg\" class=\"attachment-large size-large wp-image-5775\" alt=\"\" srcset=\"https:\/\/lyhninternationalhotelchengdu.com\/wp-content\/uploads\/2025\/09\/review-1024x297.jpg 1024w, https:\/\/lyhninternationalhotelchengdu.com\/wp-content\/uploads\/2025\/09\/review-300x87.jpg 300w, https:\/\/lyhninternationalhotelchengdu.com\/wp-content\/uploads\/2025\/09\/review-768x223.jpg 768w, https:\/\/lyhninternationalhotelchengdu.com\/wp-content\/uploads\/2025\/09\/review-18x5.jpg 18w, https:\/\/lyhninternationalhotelchengdu.com\/wp-content\/uploads\/2025\/09\/review.jpg 1287w\" sizes=\"(max-width: 1024px) 100vw, 1024px\" \/>\t\t\t\t\t\t\t\t<\/a>\n\t\t\t\t\t\t\t\t\t\t\t\t\t\t\t<\/div>\n\t\t\t\t\t<\/div>\n\t\t\t\t<\/div>\n\t\t<div class=\"elementor-element elementor-element-cf9cdf6 e-flex e-con-boxed e-con e-parent\" data-id=\"cf9cdf6\" data-element_type=\"container\" data-e-type=\"container\">\n\t\t\t\t\t<div class=\"e-con-inner\">\n\t\t\t\t<div class=\"elementor-element elementor-element-ff1369e elementor-widget elementor-widget-text-editor\" data-id=\"ff1369e\" data-element_type=\"widget\" data-e-type=\"widget\" data-widget_type=\"text-editor.default\">\n\t\t\t\t\t\t\t\t\t<p data-spm-anchor-id=\"a2ty_o01.29997173.0.i56.4901c9211d0XT3\">Quando si tratta di scegliere il posto perfetto in cui soggiornare a Chengdu, niente parla pi\u00f9 forte delle voci di coloro che l&#039;hanno sperimentato in prima persona. A <strong>Lyhn International Hotel Chengdu Taikoo Li<\/strong>, situato a <strong>No.1 Tidu Street, distretto di Qingyang, Chengdu, Sichuan 610000<\/strong>, la soddisfazione degli ospiti non \u00e8 solo un obiettivo: \u00e8 una realt\u00e0 costante che si riflette nelle esperienze positive dei clienti sulle principali piattaforme di viaggio come <strong>Trip.com<\/strong> E <strong>TripAdvisor<\/strong>.<\/p><div class=\"my-2\">\u00a0<\/div><p data-spm-anchor-id=\"a2ty_o01.29997173.0.i55.4901c9211d0XT3\">I viaggiatori di tutto il mondo elogiano il Lyhn International Hotel per la sua combinazione vincente di <strong>posizione privilegiata, comfort moderno, servizio attento e fascino boutique<\/strong>Con un impressionante <strong>Valutazione 4,7\/5 su Trip.com<\/strong> Sulla base di centinaia di recensioni verificate degli ospiti, l&#039;hotel si distingue come una delle strutture ricettive pi\u00f9 consigliate nel centro di Chengdu. Gli ospiti sottolineano spesso il suo <strong>eccezionale vicinanza a Taikoo Li (a soli 900 metri) e Chunxi Road (a soli 600 metri)<\/strong> \u2014 rendendolo ideale sia per gli amanti dello shopping che per i professionisti che cercano la comodit\u00e0 urbana.<\/p><div class=\"my-2\">\u00a0<\/div><p>SU <strong>TripAdvisor<\/strong>, dove l&#039;hotel mantiene una solida reputazione per la pulizia, il valore e l&#039;ospitalit\u00e0, i recensori lodano costantemente <strong>camere pulitissime, ambiente tranquillo e vista panoramica sulla citt\u00e0<\/strong> dalle finestre dal pavimento al soffitto. Un ospite di ritorno ha elogiato, <em>&quot;Questo gioiello boutique offre tutto ci\u00f2 di cui hai bisogno: design elegante, Wi-Fi veloce, letti comodi e un rifugio tranquillo dopo aver esplorato la vivace Chengdu.&quot;<\/em> Un altro ha osservato, <em>&quot;Il personale ha fatto di tutto per fornire consigli sulla zona e ha persino organizzato un trasferimento aeroportuale last minute senza problemi.&quot;<\/em><\/p><div class=\"my-2\">\u00a0<\/div><p>Un tema ricorrente nelle recensioni \u00e8 l&#039; <strong>servizio cordiale e professionale<\/strong> Il personale della reception, attivo 24 ore su 24, \u00e8 spesso elogiato per la sua reattivit\u00e0, la sua conoscenza delle culture e la sua capacit\u00e0 di assistere in ogni aspetto, dalle prenotazioni ai ristoranti all&#039;orientamento con i mezzi pubblici. Che gli ospiti siano in viaggio per piacere o per lavoro, apprezzano il tocco personalizzato che li fa sentire accolti e coccolati.<\/p><div class=\"my-2\">\u00a0<\/div><p>Molti viaggiatori sottolineano anche l&#039; <strong>ottimo rapporto qualit\u00e0-prezzo<\/strong>, soprattutto considerando la posizione centrale dell&#039;hotel e i servizi a 4 stelle. I recensori su Trip.com menzionano spesso l&#039; <strong>progettazione attenta della stanza<\/strong>, tra cui spazi di lavoro ergonomici, biancheria da letto di alta qualit\u00e0, aria condizionata e internet ad alta velocit\u00e0, tutti servizi essenziali sia per i visitatori internazionali che per i lavoratori da remoto. Il ristorante in loco \u00e8 rinomato per il servizio <strong>deliziose specialit\u00e0 del Sichuan con un tocco moderno<\/strong>, mentre l&#039;accesso al centro fitness aumenta l&#039;attrattiva complessiva per gli ospiti attenti alla salute.<\/p><div class=\"my-2\">\u00a0<\/div><p>I visitatori per la prima volta sono costantemente sorpresi da quanto apprezzano il loro soggiorno, con commenti come <em>&quot;Meglio del previsto!&quot;<\/em> E <em>\u201cUno degli hotel pi\u00f9 confortevoli in cui abbia mai soggiornato in Cina\u201d<\/em> appare su pi\u00f9 piattaforme. Famiglie, coppie, viaggiatori singoli e ospiti aziendali concordano: il Lyhn International Hotel offre un <strong>esperienza raffinata e senza stress<\/strong> nel cuore di una delle citt\u00e0 pi\u00f9 vivibili della Cina.<\/p><div class=\"my-2\">\u00a0<\/div><p>Grazie alla sua crescente reputazione di eccellenza, l&#039;hotel continua a guadagnare <strong>Riconoscimenti Traveler&#039;s Choice e tag &quot;Top Rated Boutique Hotel&quot;<\/strong> su vari siti di viaggi, consolidando il suo status di scelta preferita tra i viaggiatori pi\u00f9 esigenti.<\/p><div class=\"my-2\">\u00a0<\/div><p data-spm-anchor-id=\"a2ty_o01.29997173.0.i57.4901c9211d0XT3\">Mescolando <strong>accessibilit\u00e0 urbana con ospitalit\u00e0 intima<\/strong>Il Lyhn International Hotel Chengdu Taikoo Li si \u00e8 costruito una schiera di clienti soddisfatti che non solo tornano, ma lo consigliano. Esplora foto di veri viaggiatori, feedback dettagliati e storie autentiche su <strong>Trip.com<\/strong> E <strong>TripAdvisor<\/strong> per scoprire perch\u00e9 cos\u00ec tante persone scelgono il Lyhn International Hotel per le loro avventure a Chengdu.<\/p>\t\t\t\t\t\t\t\t<\/div>\n\t\t\t\t\t<\/div>\n\t\t\t\t<\/div>\n\t\t\t\t<section class=\"elementor-section elementor-top-section elementor-element elementor-element-308be846 elementor-section-stretched elementor-section-boxed elementor-section-gap-beside-yes elementor-section-height-default elementor-section-height-default elementor-section-column-vertical-align-stretch\" data-id=\"308be846\" data-element_type=\"section\" data-e-type=\"section\" data-settings=\"{&quot;background_background&quot;:&quot;classic&quot;,&quot;stretch_section&quot;:&quot;section-stretched&quot;}\">\n\t\t\t\t\t\t<div class=\"elementor-container elementor-column-gap-extended\">\n\t\t\t\t\t<div class=\"elementor-column elementor-col-100 elementor-top-column elementor-element elementor-element-16ce4064\" data-id=\"16ce4064\" data-element_type=\"column\" data-e-type=\"column\">\n\t\t\t<div class=\"elementor-widget-wrap elementor-element-populated\">\n\t\t\t\t\t\t<div class=\"elementor-element elementor-element-5616a939 elementor-widget elementor-widget-nuss-heading\" data-id=\"5616a939\" data-element_type=\"widget\" data-e-type=\"widget\" data-widget_type=\"nuss-heading.default\">\n\t\t\t\t<div class=\"elementor-widget-container\">\n\t\t\t\t\t\t\t<div class=\"nuss-modern-heading\">\r\n\t\t\t\t\t\t<div class=\"heading-secondary-wrap\">\r\n\t\t\t\t<h3 class=\"heading-secondary elementor-heading-title\">Controlla disponibile <\/h3>\t\t\t<\/div>\r\n\t\t\r\n\t\t\t\r\n\t\t\t\r\n\t\t\t\t\t<\/div>\r\n\t\t\t\t\t<\/div>\n\t\t\t\t<\/div>\n\t\t\t\t<div class=\"elementor-element elementor-element-1ad463f1 elementor-widget elementor-widget-text-editor\" data-id=\"1ad463f1\" data-element_type=\"widget\" data-e-type=\"widget\" data-widget_type=\"text-editor.default\">\n\t\t\t\t\t\t\t\t\t<iframe border=\"0\" src=\"https:\/\/www.trip.com\/partners\/ad\/S5321409?Allianceid=4590391&#038;SID=258456612&#038;trip_sub1=\" style=\"width:1200px;height:200px\" frameborder=\"0\" scrolling=\"no\" id=\"S5321409\"><\/iframe>\t\t\t\t\t\t\t\t<\/div>\n\t\t\t\t\t<\/div>\n\t\t<\/div>\n\t\t\t\t\t<\/div>\n\t\t<\/section>\n\t\t\t\t<\/div>","protected":false},"excerpt":{"rendered":"<p>Exceptional Guest Experiences &amp; Rave Reviews: What Travelers Are Saying About Lyhn International Hotel Chengdu Taikoo Li When it comes to choosing the perfect place to stay in Chengdu, nothing speaks louder than the voices of those who\u2019ve experienced it firsthand. At Lyhn International Hotel Chengdu Taikoo Li, located at No.1 Tidu Street, Qingyang District, [&hellip;]<\/p>\n","protected":false},"author":1,"featured_media":0,"parent":0,"menu_order":0,"comment_status":"closed","ping_status":"closed","template":"","meta":{"footnotes":""},"class_list":["post-2106","page","type-page","status-publish","hentry","post-no-thumbnail"],"_links":{"self":[{"href":"https:\/\/lyhninternationalhotelchengdu.com\/it\/wp-json\/wp\/v2\/pages\/2106","targetHints":{"allow":["GET"]}}],"collection":[{"href":"https:\/\/lyhninternationalhotelchengdu.com\/it\/wp-json\/wp\/v2\/pages"}],"about":[{"href":"https:\/\/lyhninternationalhotelchengdu.com\/it\/wp-json\/wp\/v2\/types\/page"}],"author":[{"embeddable":true,"href":"https:\/\/lyhninternationalhotelchengdu.com\/it\/wp-json\/wp\/v2\/users\/1"}],"replies":[{"embeddable":true,"href":"https:\/\/lyhninternationalhotelchengdu.com\/it\/wp-json\/wp\/v2\/comments?post=2106"}],"version-history":[{"count":0,"href":"https:\/\/lyhninternationalhotelchengdu.com\/it\/wp-json\/wp\/v2\/pages\/2106\/revisions"}],"wp:attachment":[{"href":"https:\/\/lyhninternationalhotelchengdu.com\/it\/wp-json\/wp\/v2\/media?parent=2106"}],"curies":[{"name":"parola chiave","href":"https:\/\/api.w.org\/{rel}","templated":true}]}}