{"id":2104,"date":"2021-03-23T09:33:48","date_gmt":"2021-03-23T09:33:48","guid":{"rendered":"http:\/\/localhost\/nuss\/?page_id=167"},"modified":"2025-09-11T08:50:04","modified_gmt":"2025-09-11T08:50:04","slug":"la-nostra-storia","status":"publish","type":"page","link":"https:\/\/lyhninternationalhotelchengdu.com\/it\/la-nostra-storia\/","title":{"rendered":"La nostra storia"},"content":{"rendered":"<div data-elementor-type=\"wp-page\" data-elementor-id=\"2104\" class=\"elementor elementor-2104\">\n\t\t\t\t\t\t<section class=\"elementor-section elementor-top-section elementor-element elementor-element-8f5bb9d elementor-section-boxed elementor-section-gap-beside-yes elementor-section-height-default elementor-section-height-default elementor-section-column-vertical-align-stretch\" data-id=\"8f5bb9d\" data-element_type=\"section\" data-e-type=\"section\">\n\t\t\t\t\t\t<div class=\"elementor-container elementor-column-gap-extended\">\n\t\t\t\t\t<div class=\"elementor-column elementor-col-100 elementor-top-column elementor-element elementor-element-7ec4215\" data-id=\"7ec4215\" data-element_type=\"column\" data-e-type=\"column\">\n\t\t\t<div class=\"elementor-widget-wrap elementor-element-populated\">\n\t\t\t\t\t\t<div class=\"elementor-element elementor-element-edd9d03 elementor-widget__width-initial elementor-invisible elementor-widget elementor-widget-text-editor\" data-id=\"edd9d03\" data-element_type=\"widget\" data-e-type=\"widget\" data-settings=\"{&quot;_animation&quot;:&quot;nussFadeInUp&quot;}\" data-widget_type=\"text-editor.default\">\n\t\t\t\t\t\t\t\t\t<p><strong data-spm-anchor-id=\"a2ty_o01.29997173.0.i71.4901c9211d0XT3\">La visione dietro il Lyhn International Hotel Chengdu Taikoo Li<\/strong><\/p>\t\t\t\t\t\t\t\t<\/div>\n\t\t\t\t\t<\/div>\n\t\t<\/div>\n\t\t\t\t\t<\/div>\n\t\t<\/section>\n\t\t<div class=\"elementor-element elementor-element-e451916 e-flex e-con-boxed e-con e-parent\" data-id=\"e451916\" data-element_type=\"container\" data-e-type=\"container\">\n\t\t\t\t\t<div class=\"e-con-inner\">\n\t\t\t\t<div class=\"elementor-element elementor-element-bb01f99 elementor-widget elementor-widget-image\" data-id=\"bb01f99\" data-element_type=\"widget\" data-e-type=\"widget\" data-widget_type=\"image.default\">\n\t\t\t\t\t\t\t\t\t\t\t\t\t\t\t<img fetchpriority=\"high\" decoding=\"async\" width=\"1024\" height=\"1024\" src=\"https:\/\/lyhninternationalhotelchengdu.com\/wp-content\/uploads\/2025\/09\/home-1024x1024.jpeg\" class=\"attachment-large size-large wp-image-5550\" alt=\"\" srcset=\"https:\/\/lyhninternationalhotelchengdu.com\/wp-content\/uploads\/2025\/09\/home-1024x1024.jpeg 1024w, https:\/\/lyhninternationalhotelchengdu.com\/wp-content\/uploads\/2025\/09\/home-300x300.jpeg 300w, https:\/\/lyhninternationalhotelchengdu.com\/wp-content\/uploads\/2025\/09\/home-150x150.jpeg 150w, https:\/\/lyhninternationalhotelchengdu.com\/wp-content\/uploads\/2025\/09\/home-768x768.jpeg 768w, https:\/\/lyhninternationalhotelchengdu.com\/wp-content\/uploads\/2025\/09\/home-12x12.jpeg 12w, https:\/\/lyhninternationalhotelchengdu.com\/wp-content\/uploads\/2025\/09\/home.jpeg 1066w\" sizes=\"(max-width: 1024px) 100vw, 1024px\" \/>\t\t\t\t\t\t\t\t\t\t\t\t\t\t\t<\/div>\n\t\t\t\t\t<\/div>\n\t\t\t\t<\/div>\n\t\t<div class=\"elementor-element elementor-element-ef78cb5 e-flex e-con-boxed e-con e-parent\" data-id=\"ef78cb5\" data-element_type=\"container\" data-e-type=\"container\">\n\t\t\t\t\t<div class=\"e-con-inner\">\n\t\t\t\t<div class=\"elementor-element elementor-element-5523dfc elementor-widget elementor-widget-text-editor\" data-id=\"5523dfc\" data-element_type=\"widget\" data-e-type=\"widget\" data-widget_type=\"text-editor.default\">\n\t\t\t\t\t\t\t\t\t<p data-spm-anchor-id=\"a2ty_o01.29997173.0.i72.4901c9211d0XT3\">Nel cuore di una delle citt\u00e0 pi\u00f9 vivaci e culturalmente ricche della Cina, un nuovo capitolo dell&#039;ospitalit\u00e0 \u00e8 stato scritto con l&#039;apertura di <strong>Lyhn International Hotel Chengdu Taikoo Li<\/strong>Situato a <strong>No.1 Tidu Street, distretto di Qingyang, Chengdu, Sichuan 610000<\/strong>il nostro hotel \u00e8 pi\u00f9 di un semplice luogo di riposo: \u00e8 il culmine di una visione audace volta a fondere eleganza moderna, servizio intelligente e autentico spirito locale in un rifugio urbano davvero distintivo.<\/p><p>Nato dalla passione per il design attento e l&#039;innovazione incentrata sul cliente, il Lyhn International Hotel \u00e8 emerso nel <strong>2014<\/strong> come destinazione all&#039;avanguardia per i viaggiatori che cercano comfort e carattere. Situato a pochi passi dal famoso <strong>Taikoo Li<\/strong> quartiere dello shopping e dello stile di vita e facilmente raggiungibile da <strong>Chunxi Road<\/strong>, la vivace arteria commerciale di Chengdu, siamo nati sulla convinzione che la posizione non debba mai andare a discapito della tranquillit\u00e0 o della qualit\u00e0.<\/p><p>Fin dall&#039;inizio, la nostra missione \u00e8 stata chiara: creare uno spazio in cui l&#039;energia del centro di Chengdu incontra la serenit\u00e0 di un santuario personale. Con <strong>218 camere e suite progettate con cura<\/strong>, ciascuna realizzata per bilanciare l&#039;estetica minimalista con il lusso funzionale, ci siamo prefissati di ridefinire il concetto di esperienza boutique a 4 stelle. Le finestre a tutta altezza incorniciano viste panoramiche sulla citt\u00e0, mentre i servizi premium, dal Wi-Fi ad alta velocit\u00e0 alla climatizzazione intelligente, dalle vasche da bagno profonde ai prodotti da bagno selezionati, garantiscono che ogni soggiorno sia semplice e appagante.<\/p><p>Ma la nostra storia non riguarda solo l&#039;architettura o gli interni: riguarda le persone. Ispirati dal leggendario calore e dal fascino rilassato di Chengdu, abbiamo costruito una cultura dell&#039;ospitalit\u00e0 in cui l&#039;attenzione ai dettagli \u00e8 tutto. Il nostro personale multilingue, fluente in <strong>Mandarino e inglese<\/strong>, sono formati non solo per soddisfare le aspettative, ma anche per anticiparle. Che si tratti di organizzare prenotazioni last minute per cene, di guidare gli ospiti verso ristoranti locali nascosti o di consegnare rapidamente cuscini extra tramite il nostro esclusivo servizio <strong>robot di servizio a forma di panda<\/strong>, crediamo che il vero lusso risieda in un&#039;assistenza personalizzata e impeccabile.<\/p><p>L&#039;innovazione \u00e8 sempre stata parte del nostro DNA. Essendo uno dei primi hotel della zona ad introdurre <strong>servizio in camera assistito da robot<\/strong>, chioschi per il check-in automatico e accesso intelligente 24 ore su 24, abbiamo adottato la tecnologia non per la sua novit\u00e0, ma per la sua capacit\u00e0 di migliorare la connessione umana, liberando tempo per il nostro team da dedicare a interazioni significative.<\/p><p>Nel corso degli anni, il Lyhn International Hotel \u00e8 diventato la scelta preferita dai viaggiatori pi\u00f9 esigenti, dai professionisti internazionali che partecipano a meeting nei centri tecnologici di Chengdu alle famiglie che esplorano gli antichi templi della citt\u00e0, i panda e le delizie culinarie piccanti. Il nostro ristorante in loco, <strong>Rong Ting Shi Fu (\u84c9\u5ead\u98df\u5e9c)<\/strong>, celebra i sapori audaci della cucina del Sichuan offrendo piatti internazionali, rendendo ogni pasto un&#039;estensione dell&#039;esperienza locale. Nel frattempo, servizi come <strong>Centro fitness aperto 24 ore su 24<\/strong>, <strong>parcheggio gratuito<\/strong>, <strong>servizio di lavanderia<\/strong>, E <strong>sale business multifunzionali<\/strong> soddisfare le esigenze pratiche della vita moderna in movimento.<\/p><p>Ci\u00f2 che \u00e8 iniziato come una singola propriet\u00e0 nel centro di Chengdu \u00e8 cresciuto fino a diventare un simbolo di raffinata vita urbana, elogiato da oltre <strong>9.300 ospiti verificati<\/strong> su Trip.com per il suo <strong>pulizia eccezionale (9,6\/10), servizio eccezionale (9,6\/10) e posizione imbattibile (9,5\/10)<\/strong>I viaggiatori sottolineano costantemente non solo il comfort del loro soggiorno, ma anche la gioia di essere accolti come amici che tornano a casa.<\/p><p>Oggi, mentre continuiamo ad evolverci, i nostri valori fondamentali rimangono invariati: <strong>integrit\u00e0, innovazione, empatia ed eccellenza<\/strong>Siamo orgogliosi di essere pi\u00f9 di un semplice hotel: siamo la porta d&#039;accesso a Chengdu, un rifugio tranquillo nel ritmo della citt\u00e0 e un luogo dove le storie iniziano, si riuniscono e si svolgono.<\/p><p data-spm-anchor-id=\"a2ty_o01.29997173.0.i73.4901c9211d0XT3\">Questo \u00e8 <strong>la nostra storia<\/strong> \u2014 e ora tocca a voi scoprirlo.<\/p>\t\t\t\t\t\t\t\t<\/div>\n\t\t\t\t\t<\/div>\n\t\t\t\t<\/div>\n\t\t\t\t<section class=\"elementor-section elementor-top-section elementor-element elementor-element-25b907af elementor-section-stretched elementor-section-boxed elementor-section-gap-beside-yes elementor-section-height-default elementor-section-height-default elementor-section-column-vertical-align-stretch\" data-id=\"25b907af\" data-element_type=\"section\" data-e-type=\"section\" data-settings=\"{&quot;background_background&quot;:&quot;classic&quot;,&quot;stretch_section&quot;:&quot;section-stretched&quot;}\">\n\t\t\t\t\t\t<div class=\"elementor-container elementor-column-gap-extended\">\n\t\t\t\t\t<div class=\"elementor-column elementor-col-100 elementor-top-column elementor-element elementor-element-33f22b95\" data-id=\"33f22b95\" data-element_type=\"column\" data-e-type=\"column\">\n\t\t\t<div class=\"elementor-widget-wrap elementor-element-populated\">\n\t\t\t\t\t\t<div class=\"elementor-element elementor-element-274bf8f5 elementor-widget elementor-widget-nuss-heading\" data-id=\"274bf8f5\" data-element_type=\"widget\" data-e-type=\"widget\" data-widget_type=\"nuss-heading.default\">\n\t\t\t\t<div class=\"elementor-widget-container\">\n\t\t\t\t\t\t\t<div class=\"nuss-modern-heading\">\r\n\t\t\t\t\t\t<div class=\"heading-secondary-wrap\">\r\n\t\t\t\t<h3 class=\"heading-secondary elementor-heading-title\">Controlla disponibile <\/h3>\t\t\t<\/div>\r\n\t\t\r\n\t\t\t\r\n\t\t\t\r\n\t\t\t\t\t<\/div>\r\n\t\t\t\t\t<\/div>\n\t\t\t\t<\/div>\n\t\t\t\t<div class=\"elementor-element elementor-element-90b4fd1 elementor-widget elementor-widget-text-editor\" data-id=\"90b4fd1\" data-element_type=\"widget\" data-e-type=\"widget\" data-widget_type=\"text-editor.default\">\n\t\t\t\t\t\t\t\t\t<iframe border=\"0\" src=\"https:\/\/www.trip.com\/partners\/ad\/S5321409?Allianceid=4590391&#038;SID=258456612&#038;trip_sub1=\" style=\"width:1200px;height:200px\" frameborder=\"0\" scrolling=\"no\" id=\"S5321409\"><\/iframe>\t\t\t\t\t\t\t\t<\/div>\n\t\t\t\t\t<\/div>\n\t\t<\/div>\n\t\t\t\t\t<\/div>\n\t\t<\/section>\n\t\t\t\t<\/div>","protected":false},"excerpt":{"rendered":"<p>The Vision Behind Lyhn International Hotel Chengdu Taikoo Li At the heart of one of China\u2019s most vibrant and culturally rich cities, a new chapter in hospitality was written with the opening of Lyhn International Hotel Chengdu Taikoo Li. Located at No.1 Tidu Street, Qingyang District, Chengdu, Sichuan 610000, our hotel is more than just [&hellip;]<\/p>\n","protected":false},"author":1,"featured_media":0,"parent":0,"menu_order":0,"comment_status":"closed","ping_status":"closed","template":"","meta":{"footnotes":""},"class_list":["post-2104","page","type-page","status-publish","hentry","post-no-thumbnail"],"_links":{"self":[{"href":"https:\/\/lyhninternationalhotelchengdu.com\/it\/wp-json\/wp\/v2\/pages\/2104","targetHints":{"allow":["GET"]}}],"collection":[{"href":"https:\/\/lyhninternationalhotelchengdu.com\/it\/wp-json\/wp\/v2\/pages"}],"about":[{"href":"https:\/\/lyhninternationalhotelchengdu.com\/it\/wp-json\/wp\/v2\/types\/page"}],"author":[{"embeddable":true,"href":"https:\/\/lyhninternationalhotelchengdu.com\/it\/wp-json\/wp\/v2\/users\/1"}],"replies":[{"embeddable":true,"href":"https:\/\/lyhninternationalhotelchengdu.com\/it\/wp-json\/wp\/v2\/comments?post=2104"}],"version-history":[{"count":0,"href":"https:\/\/lyhninternationalhotelchengdu.com\/it\/wp-json\/wp\/v2\/pages\/2104\/revisions"}],"wp:attachment":[{"href":"https:\/\/lyhninternationalhotelchengdu.com\/it\/wp-json\/wp\/v2\/media?parent=2104"}],"curies":[{"name":"parola chiave","href":"https:\/\/api.w.org\/{rel}","templated":true}]}}