{"id":612,"date":"2021-03-26T10:04:13","date_gmt":"2021-03-26T10:04:13","guid":{"rendered":"http:\/\/localhost\/nuss\/?page_id=612"},"modified":"2025-09-11T09:03:42","modified_gmt":"2025-09-11T09:03:42","slug":"restaurant","status":"publish","type":"page","link":"https:\/\/lyhninternationalhotelchengdu.com\/fr\/restaurant\/","title":{"rendered":"Restaurant"},"content":{"rendered":"<div data-elementor-type=\"wp-page\" data-elementor-id=\"612\" class=\"elementor elementor-612\">\n\t\t\t\t\t\t<section class=\"elementor-section elementor-top-section elementor-element elementor-element-e2effe8 elementor-section-boxed elementor-section-gap-beside-yes elementor-section-height-default elementor-section-height-default elementor-section-column-vertical-align-stretch\" data-id=\"e2effe8\" data-element_type=\"section\" data-e-type=\"section\">\n\t\t\t\t\t\t<div class=\"elementor-container elementor-column-gap-extended\">\n\t\t\t\t\t<div class=\"elementor-column elementor-col-100 elementor-top-column elementor-element elementor-element-e18f688\" data-id=\"e18f688\" data-element_type=\"column\" data-e-type=\"column\">\n\t\t\t<div class=\"elementor-widget-wrap elementor-element-populated\">\n\t\t\t\t\t\t<div class=\"elementor-element elementor-element-6db146d elementor-widget__width-initial elementor-invisible elementor-widget elementor-widget-text-editor\" data-id=\"6db146d\" data-element_type=\"widget\" data-e-type=\"widget\" data-settings=\"{&quot;_animation&quot;:&quot;nussFadeInUp&quot;}\" data-widget_type=\"text-editor.default\">\n\t\t\t\t\t\t\t\t\t<p><strong data-spm-anchor-id=\"a2ty_o01.29997173.0.i77.4901c9211d0XT3\">Savourez l&#039;\u00e2me du Sichuan : d\u00e9couvrez Rong Ting Shi Fu \u2013 Le c\u0153ur culinaire du Lyhn International Hotel Chengdu Taikoo Li<\/strong><\/p>\t\t\t\t\t\t\t\t<\/div>\n\t\t\t\t\t<\/div>\n\t\t<\/div>\n\t\t\t\t\t<\/div>\n\t\t<\/section>\n\t\t<div class=\"elementor-element elementor-element-f73e441 e-flex e-con-boxed e-con e-parent\" data-id=\"f73e441\" data-element_type=\"container\" data-e-type=\"container\">\n\t\t\t\t\t<div class=\"e-con-inner\">\n\t\t\t\t<div class=\"elementor-element elementor-element-f1d94b1 elementor-widget elementor-widget-nuss-image-gallery\" data-id=\"f1d94b1\" data-element_type=\"widget\" data-e-type=\"widget\" data-widget_type=\"nuss-image-gallery.default\">\n\t\t\t\t<div class=\"elementor-widget-container\">\n\t\t\t\t\t\t\t<div class=\"nuss-grid-wrapper\" data-grid=\"{&quot;type&quot;:&quot;grid&quot;,&quot;ratio&quot;:null,&quot;columns&quot;:3,&quot;gutter&quot;:30}\">\r\n\t\t\t<div class=\"nuss-grid lazy-grid\">\r\n\t\t\t\t<div class=\"grid-sizer\"><\/div>\r\n\r\n\t\t\t\t\t\t\t\t\t\t\t\t<div class=\"grid-item\">\r\n\t\t\t\t\t\t<div class=\"nuss-box\">\t\t<div class=\"nuss-image image\">\r\n\t\t\t<img decoding=\"async\"  src=\"https:\/\/lyhninternationalhotelchengdu.com\/wp-content\/uploads\/2025\/09\/Lyhn-International-Hotel-Chengdu-Taikoo-Li-52.webp\" alt=\"H\u00f4tel international Lyhn Chengdu Taikoo Li (52)\" \/>\t\t<\/div>\r\n\t\t\t\t<\/div>\t\t\t\t\t<\/div>\r\n\t\t\t\t\t\t<div class=\"grid-item\">\r\n\t\t\t\t\t\t<div class=\"nuss-box\">\t\t<div class=\"nuss-image image\">\r\n\t\t\t<img decoding=\"async\"  src=\"https:\/\/lyhninternationalhotelchengdu.com\/wp-content\/uploads\/2025\/09\/Lyhn-International-Hotel-Chengdu-Taikoo-Li-49.webp\" alt=\"H\u00f4tel international Lyhn Chengdu Taikoo Li (49)\" \/>\t\t<\/div>\r\n\t\t\t\t<\/div>\t\t\t\t\t<\/div>\r\n\t\t\t\t\t\t<div class=\"grid-item\">\r\n\t\t\t\t\t\t<div class=\"nuss-box\">\t\t<div class=\"nuss-image image\">\r\n\t\t\t<img decoding=\"async\"  src=\"https:\/\/lyhninternationalhotelchengdu.com\/wp-content\/uploads\/2025\/09\/Lyhn-International-Hotel-Chengdu-Taikoo-Li-48.webp\" alt=\"H\u00f4tel international Lyhn Chengdu Taikoo Li (48)\" \/>\t\t<\/div>\r\n\t\t\t\t<\/div>\t\t\t\t\t<\/div>\r\n\t\t\t\t\t\t<div class=\"grid-item\">\r\n\t\t\t\t\t\t<div class=\"nuss-box\">\t\t<div class=\"nuss-image image\">\r\n\t\t\t<img decoding=\"async\"  src=\"https:\/\/lyhninternationalhotelchengdu.com\/wp-content\/uploads\/2025\/09\/Lyhn-International-Hotel-Chengdu-Taikoo-Li-47.webp\" alt=\"H\u00f4tel international Lyhn Chengdu Taikoo Li (47)\" \/>\t\t<\/div>\r\n\t\t\t\t<\/div>\t\t\t\t\t<\/div>\r\n\t\t\t\t\t\t<div class=\"grid-item\">\r\n\t\t\t\t\t\t<div class=\"nuss-box\">\t\t<div class=\"nuss-image image\">\r\n\t\t\t<img decoding=\"async\"  src=\"https:\/\/lyhninternationalhotelchengdu.com\/wp-content\/uploads\/2025\/09\/Lyhn-International-Hotel-Chengdu-Taikoo-Li-45.webp\" alt=\"H\u00f4tel international Lyhn Chengdu Taikoo Li (45)\" \/>\t\t<\/div>\r\n\t\t\t\t<\/div>\t\t\t\t\t<\/div>\r\n\t\t\t\t\t\t<div class=\"grid-item\">\r\n\t\t\t\t\t\t<div class=\"nuss-box\">\t\t<div class=\"nuss-image image\">\r\n\t\t\t<img decoding=\"async\"  src=\"https:\/\/lyhninternationalhotelchengdu.com\/wp-content\/uploads\/2025\/09\/Lyhn-International-Hotel-Chengdu-Taikoo-Li-56.webp\" alt=\"H\u00f4tel international Lyhn Chengdu Taikoo Li (56)\" \/>\t\t<\/div>\r\n\t\t\t\t<\/div>\t\t\t\t\t<\/div>\r\n\t\t\t\t\t\t\t\r\n\t\t\t<\/div>\r\n\t\t<\/div>\r\n\t\t\t\t\t\t<\/div>\n\t\t\t\t<\/div>\n\t\t\t\t\t<\/div>\n\t\t\t\t<\/div>\n\t\t<div class=\"elementor-element elementor-element-3a92925 e-flex e-con-boxed e-con e-parent\" data-id=\"3a92925\" data-element_type=\"container\" data-e-type=\"container\">\n\t\t\t\t\t<div class=\"e-con-inner\">\n\t\t\t\t<div class=\"elementor-element elementor-element-0616968 elementor-widget elementor-widget-text-editor\" data-id=\"0616968\" data-element_type=\"widget\" data-e-type=\"widget\" data-widget_type=\"text-editor.default\">\n\t\t\t\t\t\t\t\t\t<p data-spm-anchor-id=\"a2ty_o01.29997173.0.i78.4901c9211d0XT3\">Nich\u00e9 dans l&#039;\u00e9picentre culturel et commercial dynamique de Chengdu, <strong>H\u00f4tel international Lyhn Chengdu Taikoo Li<\/strong> offre plus qu&#039;un simple s\u00e9jour luxueux : il propose un voyage gastronomique inoubliable dans son restaurant signature sur place, <strong>Rong Ting Shi Fu (\u84c9\u5ead\u98df\u5e9c)<\/strong>. Situ\u00e9 \u00e0 <strong>Rue Tidu n\u00b01, district de Qingyang<\/strong>, cette destination gastronomique soigneusement organis\u00e9e invite les clients et les amateurs de cuisine locale \u00e0 d\u00e9couvrir les saveurs audacieuses, aromatiques et profond\u00e9ment satisfaisantes de la cuisine authentique du Sichuan, rehauss\u00e9es d&#039;une \u00e9l\u00e9gance moderne et d&#039;un service impeccable.<\/p><div class=\"my-2\">\u00a0<\/div><p>Ouvert tous les jours \u00e0 partir de <strong>07h00 \u00e0 22h00<\/strong>Le Rong Ting Shi Fu n&#039;est pas seulement un restaurant d&#039;h\u00f4tel : c&#039;est une c\u00e9l\u00e9bration du riche patrimoine culinaire de Chengdu. Que vous commenciez la journ\u00e9e par un petit-d\u00e9jeuner revigorant, que vous vous d\u00e9tendiez autour d&#039;un th\u00e9 ou que vous savouriez un d\u00eener \u00e9pic\u00e9 apr\u00e8s avoir explor\u00e9 Taikoo Li, notre restaurant offre un m\u00e9lange harmonieux de tradition et d&#039;innovation \u00e0 chaque repas. <strong>options \u00e0 la carte et sous forme de buffet<\/strong> disponible, les convives peuvent choisir leur style de restauration pr\u00e9f\u00e9r\u00e9 tout en profitant de normes constamment \u00e9lev\u00e9es de fra\u00eecheur, de saveur et de pr\u00e9sentation.<\/p><div class=\"my-2\">\u00a0<\/div><p>Le petit-d\u00e9jeuner au Rong Ting Shi Fu est un moment fort pour les voyageurs en qu\u00eate d&#039;\u00e9nergie et de confort. Les clients sont g\u00e2t\u00e9s par <strong>petit-d\u00e9jeuner vari\u00e9<\/strong> On y trouve une s\u00e9lection de plats occidentaux et chinois\u00a0: \u0153ufs moelleux, bacon croustillant, viennoiseries, bols fumants de congee, raviolis sal\u00e9s, petits pains frais et sp\u00e9cialit\u00e9s r\u00e9gionales comme les nouilles Dan Dan et les cornichons \u00e9pic\u00e9s du Sichuan. Cette fusion harmonieuse refl\u00e8te l&#039;esprit cosmopolite de Chengdu, accueillant les visiteurs internationaux tout en conservant les saveurs locales.<\/p><div class=\"my-2\">\u00a0<\/div><p>Pour le d\u00e9jeuner et le d\u00eener, le menu s&#039;anime v\u00e9ritablement avec l&#039;essence de la cuisine du Sichuan. <strong>Mapo Tofu d\u00e9licieusement engourdissant<\/strong>, savamment \u00e9quilibr\u00e9 avec du piment et des grains de poivre du Sichuan ; tendre <strong>Poulet Kung Pao<\/strong> avec juste le bon niveau de chaleur et mijot\u00e9 lentement <strong>poitrine de porc \u00e0 la sauce rouge<\/strong> Fondant en bouche. Nos chefs s&#039;approvisionnent en ingr\u00e9dients de saison sur les march\u00e9s locaux pour garantir authenticit\u00e9 et qualit\u00e9, concoctant des plats qui honorent les recettes ancestrales tout en s&#039;adressant aux palais contemporains.<\/p><div class=\"my-2\">\u00a0<\/div><p>L&#039;une des exp\u00e9riences les plus marquantes de Rong Ting Shi Fu est la <strong>service de th\u00e9 de l&#039;apr\u00e8s-midi<\/strong>, appr\u00e9ci\u00e9 des clients pour son ambiance relaxante et ses offres attentionn\u00e9es. Savourez des th\u00e9s chinois haut de gamme servis avec de d\u00e9licats dim sum, des p\u00e2tisseries et des en-cas l\u00e9gers\u00a0: une pause parfaite entre visites et explorations nocturnes. Comme l&#039;a not\u00e9 un utilisateur de TripAdvisor\u00a0: <em>\u00ab\u00a0On m&#039;a donn\u00e9 des coupons pour un go\u00fbter gratuit\u2026 un service standard o\u00f9 l&#039;on peut grignoter, boire du th\u00e9 et se d\u00e9tendre.\u00a0\u00bb<\/em> \u2014 un t\u00e9moignage de l\u2019hospitalit\u00e9 chaleureuse qui impr\u00e8gne chaque aspect de l\u2019exp\u00e9rience culinaire.<\/p><div class=\"my-2\">\u00a0<\/div><p>Le restaurant s&#039;adapte \u00e9galement \u00e0 divers r\u00e9gimes alimentaires, proposant des options v\u00e9g\u00e9tariennes et r\u00e9pondant aux demandes sp\u00e9ciales dans la mesure du possible. Pour les voyageurs d&#039;affaires, le cadre \u00e9l\u00e9gant du Rong Ting Shi Fu est id\u00e9al pour des r\u00e9unions informelles ou des d\u00eeners clients, tandis que les familles appr\u00e9cient l&#039;ambiance conviviale pour les enfants, notamment. <strong>brosses \u00e0 dents et chaussons pour enfants<\/strong> fournis sur demande.<\/p><div class=\"my-2\">\u00a0<\/div><p>Au-del\u00e0 de la nourriture, ce qui distingue Rong Ting Shi Fu, c&#039;est son <strong>engagement envers l&#039;innovation et la satisfaction des clients<\/strong>Ici, manger ne se r\u00e9sume pas \u00e0 manger\u00a0: c&#039;est s&#039;immerger dans un \u00e9cosyst\u00e8me h\u00f4telier moderne et intelligent. Les repas et les services peuvent m\u00eame \u00eatre livr\u00e9s directement dans votre chambre gr\u00e2ce \u00e0 notre service de livraison de repas. <strong>robots de service en forme de panda<\/strong>, ajoutant une touche de fun et de style futuriste \u00e0 votre s\u00e9jour.<\/p><div class=\"my-2\">\u00a0<\/div><p>Id\u00e9alement situ\u00e9 \u00e0 seulement <strong>\u00c0 640 m\u00e8tres de la station de m\u00e9tro Taisheng South Road<\/strong> et \u00e0 quelques pas de <strong>Chunxi Road et Taikoo Li<\/strong>Rong Ting Shi Fu est devenu un choix privil\u00e9gi\u00e9 non seulement pour les clients de l&#039;h\u00f4tel, mais aussi pour les habitants exigeants et les touristes d\u00e9sireux de go\u00fbter aux saveurs authentiques du Sichuan dans un environnement raffin\u00e9.<\/p><div class=\"my-2\">\u00a0<\/div><p data-spm-anchor-id=\"a2ty_o01.29997173.0.i79.4901c9211d0XT3\">Que vous ayez envie du piquant l\u00e9gendaire de Chengdu ou que vous recherchiez une escapade gastronomique urbaine sophistiqu\u00e9e, <strong>Rong Ting Shi Fu \u00e0 l&#039;h\u00f4tel Lyhn International<\/strong> Un festin pour les sens. Venez pour la cuisine, restez pour l&#039;ambiance et repartez avec des souvenirs impr\u00e9gn\u00e9s de la chaleur, des saveurs et de l&#039;\u00e2me de l&#039;une des plus grandes villes culinaires de Chine.<\/p>\t\t\t\t\t\t\t\t<\/div>\n\t\t\t\t\t<\/div>\n\t\t\t\t<\/div>\n\t\t\t\t<section class=\"elementor-section elementor-top-section elementor-element elementor-element-48d75367 elementor-section-stretched elementor-section-boxed elementor-section-gap-beside-yes elementor-section-height-default elementor-section-height-default elementor-section-column-vertical-align-stretch\" data-id=\"48d75367\" data-element_type=\"section\" data-e-type=\"section\" data-settings=\"{&quot;background_background&quot;:&quot;classic&quot;,&quot;stretch_section&quot;:&quot;section-stretched&quot;}\">\n\t\t\t\t\t\t<div class=\"elementor-container elementor-column-gap-extended\">\n\t\t\t\t\t<div class=\"elementor-column elementor-col-100 elementor-top-column elementor-element elementor-element-4fb0afc8\" data-id=\"4fb0afc8\" data-element_type=\"column\" data-e-type=\"column\">\n\t\t\t<div class=\"elementor-widget-wrap elementor-element-populated\">\n\t\t\t\t\t\t<div class=\"elementor-element elementor-element-776e4b08 elementor-widget elementor-widget-nuss-heading\" data-id=\"776e4b08\" data-element_type=\"widget\" data-e-type=\"widget\" data-widget_type=\"nuss-heading.default\">\n\t\t\t\t<div class=\"elementor-widget-container\">\n\t\t\t\t\t\t\t<div class=\"nuss-modern-heading\">\r\n\t\t\t\t\t\t<div class=\"heading-secondary-wrap\">\r\n\t\t\t\t<h3 class=\"heading-secondary elementor-heading-title\">Ch\u00e8que disponible <\/h3>\t\t\t<\/div>\r\n\t\t\r\n\t\t\t\r\n\t\t\t\r\n\t\t\t\t\t<\/div>\r\n\t\t\t\t\t<\/div>\n\t\t\t\t<\/div>\n\t\t\t\t<div class=\"elementor-element elementor-element-629347a6 elementor-widget elementor-widget-text-editor\" data-id=\"629347a6\" data-element_type=\"widget\" data-e-type=\"widget\" data-widget_type=\"text-editor.default\">\n\t\t\t\t\t\t\t\t\t<iframe border=\"0\" src=\"https:\/\/www.trip.com\/partners\/ad\/S5321409?Allianceid=4590391&#038;SID=258456612&#038;trip_sub1=\" style=\"width:1200px;height:200px\" frameborder=\"0\" scrolling=\"no\" id=\"S5321409\"><\/iframe>\t\t\t\t\t\t\t\t<\/div>\n\t\t\t\t\t<\/div>\n\t\t<\/div>\n\t\t\t\t\t<\/div>\n\t\t<\/section>\n\t\t\t\t<\/div>","protected":false},"excerpt":{"rendered":"<p>Savor the Soul of Sichuan: Discover Rong Ting Shi Fu \u2013 The Culinary Heart of Lyhn International Hotel Chengdu Taikoo Li Nestled in the vibrant cultural and commercial epicenter of Chengdu, Lyhn International Hotel Chengdu Taikoo Li offers more than just a luxurious stay \u2014 it delivers an unforgettable gastronomic journey at its signature on-site [&hellip;]<\/p>\n","protected":false},"author":1,"featured_media":0,"parent":0,"menu_order":0,"comment_status":"closed","ping_status":"closed","template":"","meta":{"footnotes":""},"class_list":["post-612","page","type-page","status-publish","hentry","post-no-thumbnail"],"_links":{"self":[{"href":"https:\/\/lyhninternationalhotelchengdu.com\/fr\/wp-json\/wp\/v2\/pages\/612","targetHints":{"allow":["GET"]}}],"collection":[{"href":"https:\/\/lyhninternationalhotelchengdu.com\/fr\/wp-json\/wp\/v2\/pages"}],"about":[{"href":"https:\/\/lyhninternationalhotelchengdu.com\/fr\/wp-json\/wp\/v2\/types\/page"}],"author":[{"embeddable":true,"href":"https:\/\/lyhninternationalhotelchengdu.com\/fr\/wp-json\/wp\/v2\/users\/1"}],"replies":[{"embeddable":true,"href":"https:\/\/lyhninternationalhotelchengdu.com\/fr\/wp-json\/wp\/v2\/comments?post=612"}],"version-history":[{"count":0,"href":"https:\/\/lyhninternationalhotelchengdu.com\/fr\/wp-json\/wp\/v2\/pages\/612\/revisions"}],"wp:attachment":[{"href":"https:\/\/lyhninternationalhotelchengdu.com\/fr\/wp-json\/wp\/v2\/media?parent=612"}],"curies":[{"name":"wp","href":"https:\/\/api.w.org\/{rel}","templated":true}]}}