{"id":5266,"date":"2021-07-18T08:03:35","date_gmt":"2021-07-18T08:03:35","guid":{"rendered":"https:\/\/nuss.uxper.co\/luxury-resort\/?page_id=5266"},"modified":"2025-09-11T08:02:33","modified_gmt":"2025-09-11T08:02:33","slug":"a-propos-de-nous","status":"publish","type":"page","link":"https:\/\/lyhninternationalhotelchengdu.com\/fr\/a-propos-de-nous\/","title":{"rendered":"\u00c0 propos de nous"},"content":{"rendered":"<div data-elementor-type=\"wp-page\" data-elementor-id=\"5266\" class=\"elementor elementor-5266\">\n\t\t\t\t\t\t<section class=\"elementor-section elementor-top-section elementor-element elementor-element-10416953 elementor-section-boxed elementor-section-gap-beside-yes elementor-section-height-default elementor-section-height-default elementor-section-column-vertical-align-stretch\" data-id=\"10416953\" data-element_type=\"section\" data-e-type=\"section\">\n\t\t\t\t\t\t<div class=\"elementor-container elementor-column-gap-extended\">\n\t\t\t\t\t<div class=\"elementor-column elementor-col-100 elementor-top-column elementor-element elementor-element-29c6aa8\" data-id=\"29c6aa8\" data-element_type=\"column\" data-e-type=\"column\">\n\t\t\t<div class=\"elementor-widget-wrap elementor-element-populated\">\n\t\t\t\t\t\t<div class=\"elementor-element elementor-element-7be18fe7 elementor-widget__width-initial elementor-invisible elementor-widget elementor-widget-text-editor\" data-id=\"7be18fe7\" data-element_type=\"widget\" data-e-type=\"widget\" data-settings=\"{&quot;_animation&quot;:&quot;nussFadeInUp&quot;}\" data-widget_type=\"text-editor.default\">\n\t\t\t\t\t\t\t\t\t<p><strong data-spm-anchor-id=\"a2ty_o01.29997173.0.i39.4901c9211d0XT3\">D\u00e9couvrez l&#039;\u00e9l\u00e9gance urbaine au Lyhn International Hotel Chengdu Taikoo Li <\/strong><\/p>\t\t\t\t\t\t\t\t<\/div>\n\t\t\t\t\t<\/div>\n\t\t<\/div>\n\t\t\t\t\t<\/div>\n\t\t<\/section>\n\t\t\t\t<section class=\"elementor-section elementor-top-section elementor-element elementor-element-7d18327f elementor-section-boxed elementor-section-gap-beside-yes elementor-section-height-default elementor-section-height-default elementor-section-column-vertical-align-stretch\" data-id=\"7d18327f\" data-element_type=\"section\" data-e-type=\"section\">\n\t\t\t\t\t\t<div class=\"elementor-container elementor-column-gap-extended\">\n\t\t\t\t\t<div class=\"elementor-column elementor-col-50 elementor-top-column elementor-element elementor-element-56533670\" data-id=\"56533670\" data-element_type=\"column\" data-e-type=\"column\">\n\t\t\t<div class=\"elementor-widget-wrap elementor-element-populated\">\n\t\t\t\t\t\t<div class=\"elementor-element elementor-element-19c3f543 elementor-invisible elementor-widget elementor-widget-text-editor\" data-id=\"19c3f543\" data-element_type=\"widget\" data-e-type=\"widget\" data-settings=\"{&quot;_animation&quot;:&quot;nussFadeInUp&quot;}\" data-widget_type=\"text-editor.default\">\n\t\t\t\t\t\t\t\t\t<p>Nich\u00e9 au c\u0153ur dynamique de l&#039;une des villes les plus dynamiques de Chine, <strong>H\u00f4tel international Lyhn Chengdu Taikoo Li<\/strong> offre un m\u00e9lange exceptionnel de luxe contemporain, d&#039;emplacement strat\u00e9gique et de charme authentique du Sichuan. Situ\u00e9 \u00e0 <strong>Rue Tidu n\u00b01, district de Qingyang, Chengdu, Sichuan 610000<\/strong>, cet \u00e9l\u00e9gant h\u00f4tel-boutique 4 \u00e9toiles vous place \u00e0 quelques pas des destinations les plus embl\u00e9matiques de la ville, notamment le centre commercial et gastronomique haut de gamme de <strong>Taikoo Li<\/strong>, l&#039;art\u00e8re commerciale anim\u00e9e de <strong>Route de Chunxi<\/strong>, et l&#039;historique <strong>Temple Daci<\/strong>.<\/p>\t\t\t\t\t\t\t\t<\/div>\n\t\t\t\t\t<\/div>\n\t\t<\/div>\n\t\t\t\t<div class=\"elementor-column elementor-col-50 elementor-top-column elementor-element elementor-element-30f14127\" data-id=\"30f14127\" data-element_type=\"column\" data-e-type=\"column\">\n\t\t\t<div class=\"elementor-widget-wrap elementor-element-populated\">\n\t\t\t\t\t\t<div class=\"elementor-element elementor-element-1076e06 elementor-widget elementor-widget-image\" data-id=\"1076e06\" data-element_type=\"widget\" data-e-type=\"widget\" data-widget_type=\"image.default\">\n\t\t\t\t\t\t\t\t\t\t\t\t\t\t\t<img fetchpriority=\"high\" decoding=\"async\" width=\"1024\" height=\"654\" src=\"https:\/\/lyhninternationalhotelchengdu.com\/wp-content\/uploads\/2025\/09\/Lyhn-International-Hotel-Chengdu-Taikoo-Li-74-1024x654.webp\" class=\"attachment-large size-large wp-image-5664\" alt=\"\" srcset=\"https:\/\/lyhninternationalhotelchengdu.com\/wp-content\/uploads\/2025\/09\/Lyhn-International-Hotel-Chengdu-Taikoo-Li-74-1024x654.webp 1024w, https:\/\/lyhninternationalhotelchengdu.com\/wp-content\/uploads\/2025\/09\/Lyhn-International-Hotel-Chengdu-Taikoo-Li-74-300x192.webp 300w, https:\/\/lyhninternationalhotelchengdu.com\/wp-content\/uploads\/2025\/09\/Lyhn-International-Hotel-Chengdu-Taikoo-Li-74-768x491.webp 768w, https:\/\/lyhninternationalhotelchengdu.com\/wp-content\/uploads\/2025\/09\/Lyhn-International-Hotel-Chengdu-Taikoo-Li-74-18x12.webp 18w, https:\/\/lyhninternationalhotelchengdu.com\/wp-content\/uploads\/2025\/09\/Lyhn-International-Hotel-Chengdu-Taikoo-Li-74.webp 1280w\" sizes=\"(max-width: 1024px) 100vw, 1024px\" \/>\t\t\t\t\t\t\t\t\t\t\t\t\t\t\t<\/div>\n\t\t\t\t\t<\/div>\n\t\t<\/div>\n\t\t\t\t\t<\/div>\n\t\t<\/section>\n\t\t\t\t<section class=\"elementor-section elementor-top-section elementor-element elementor-element-29fb8578 elementor-section-height-min-height elementor-section-stretched elementor-section-full_width elementor-section-items-stretch elementor-section-height-default elementor-section-column-vertical-align-stretch\" data-id=\"29fb8578\" data-element_type=\"section\" data-e-type=\"section\" data-settings=\"{&quot;stretch_section&quot;:&quot;section-stretched&quot;}\">\n\t\t\t\t\t\t<div class=\"elementor-container elementor-column-gap-no\">\n\t\t\t\t\t<div class=\"elementor-column elementor-col-50 elementor-top-column elementor-element elementor-element-40ac270b\" data-id=\"40ac270b\" data-element_type=\"column\" data-e-type=\"column\">\n\t\t\t<div class=\"elementor-widget-wrap elementor-element-populated\">\n\t\t\t\t\t\t<div class=\"elementor-element elementor-element-20872773 elementor-widget__width-initial elementor-widget-mobile__width-inherit elementor-invisible nuss-elementor-loading nuss-slide-in-right elementor-widget elementor-widget-image\" data-id=\"20872773\" data-element_type=\"widget\" data-e-type=\"widget\" data-settings=\"{&quot;_animation&quot;:&quot;nussSlideInRight&quot;}\" data-widget_type=\"image.default\">\n\t\t\t\t\t\t\t\t\t\t\t\t\t\t\t<img decoding=\"async\" width=\"1280\" height=\"853\" src=\"https:\/\/lyhninternationalhotelchengdu.com\/wp-content\/uploads\/2025\/09\/Lyhn-International-Hotel-Chengdu-Taikoo-Li-56.webp\" class=\"attachment-full size-full wp-image-5646\" alt=\"\" srcset=\"https:\/\/lyhninternationalhotelchengdu.com\/wp-content\/uploads\/2025\/09\/Lyhn-International-Hotel-Chengdu-Taikoo-Li-56.webp 1280w, https:\/\/lyhninternationalhotelchengdu.com\/wp-content\/uploads\/2025\/09\/Lyhn-International-Hotel-Chengdu-Taikoo-Li-56-300x200.webp 300w, https:\/\/lyhninternationalhotelchengdu.com\/wp-content\/uploads\/2025\/09\/Lyhn-International-Hotel-Chengdu-Taikoo-Li-56-1024x682.webp 1024w, https:\/\/lyhninternationalhotelchengdu.com\/wp-content\/uploads\/2025\/09\/Lyhn-International-Hotel-Chengdu-Taikoo-Li-56-768x512.webp 768w, https:\/\/lyhninternationalhotelchengdu.com\/wp-content\/uploads\/2025\/09\/Lyhn-International-Hotel-Chengdu-Taikoo-Li-56-18x12.webp 18w\" sizes=\"(max-width: 1280px) 100vw, 1280px\" \/>\t\t\t\t\t\t\t\t\t\t\t\t\t\t\t<\/div>\n\t\t\t\t\t<\/div>\n\t\t<\/div>\n\t\t\t\t<div class=\"elementor-column elementor-col-50 elementor-top-column elementor-element elementor-element-2dac103\" data-id=\"2dac103\" data-element_type=\"column\" data-e-type=\"column\">\n\t\t\t<div class=\"elementor-widget-wrap elementor-element-populated\">\n\t\t\t\t\t\t<div class=\"elementor-element elementor-element-6f1b8966 elementor-invisible elementor-widget elementor-widget-text-editor\" data-id=\"6f1b8966\" data-element_type=\"widget\" data-e-type=\"widget\" data-settings=\"{&quot;_animation&quot;:&quot;nussFadeInUp&quot;}\" data-widget_type=\"text-editor.default\">\n\t\t\t\t\t\t\t\t\t<p data-spm-anchor-id=\"a2ty_o01.29997173.0.i43.4901c9211d0XT3\">Id\u00e9alement situ\u00e9 pour les voyageurs d&#039;affaires comme de loisirs, le Lyhn International Hotel allie sophistication minimaliste et hospitalit\u00e9 attentionn\u00e9e. Avec une s\u00e9lection soign\u00e9e de chambres \u00e9l\u00e9gantes, chacune con\u00e7ue pour un confort et une tranquillit\u00e9 optimaux, les clients b\u00e9n\u00e9ficient d&#039;une vue panoramique sur les toits de Chengdu, d&#039;une literie moelleuse, de salles de bains privatives modernes, du Wi-Fi haut d\u00e9bit et d&#039;une climatisation \u00e0 faible consommation d&#039;\u00e9nergie. Que vous soyez ici pour explorer le riche patrimoine culturel de Chengdu ou pour mener des affaires sereinement dans son centre-ville dynamique, notre cadre intimiste vous garantit un service personnalis\u00e9 et un havre de paix apr\u00e8s une journ\u00e9e de d\u00e9couverte.<\/p><div class=\"my-2\">\u00a0<\/div><p>La restauration \u00e0 l&#039;h\u00f4tel refl\u00e8te l&#039;esprit du Sichuan : audacieuse, aromatique et inoubliable. Le restaurant sur place propose une carte raffin\u00e9e de sp\u00e9cialit\u00e9s r\u00e9gionales revisit\u00e9es avec une touche contemporaine, ainsi que des plats internationaux, tous pr\u00e9par\u00e9s avec des ingr\u00e9dients frais et locaux. Commencez votre journ\u00e9e par un petit-d\u00e9jeuner revigorant ou d\u00e9tendez-vous le soir avec une fondue \u00e9pic\u00e9e \u00e0 deux pas de votre chambre.<\/p>\t\t\t\t\t\t\t\t<\/div>\n\t\t\t\t\t<\/div>\n\t\t<\/div>\n\t\t\t\t\t<\/div>\n\t\t<\/section>\n\t\t\t\t<section class=\"elementor-section elementor-top-section elementor-element elementor-element-c1a7163 elementor-section-height-min-height elementor-section-stretched elementor-section-full_width elementor-section-items-stretch elementor-section-height-default elementor-section-column-vertical-align-stretch\" data-id=\"c1a7163\" data-element_type=\"section\" data-e-type=\"section\" data-settings=\"{&quot;stretch_section&quot;:&quot;section-stretched&quot;}\">\n\t\t\t\t\t\t<div class=\"elementor-container elementor-column-gap-no\">\n\t\t\t\t\t<div class=\"elementor-column elementor-col-50 elementor-top-column elementor-element elementor-element-9ae6bd6\" data-id=\"9ae6bd6\" data-element_type=\"column\" data-e-type=\"column\">\n\t\t\t<div class=\"elementor-widget-wrap elementor-element-populated\">\n\t\t\t\t\t\t<div class=\"elementor-element elementor-element-859b073 elementor-invisible elementor-widget elementor-widget-text-editor\" data-id=\"859b073\" data-element_type=\"widget\" data-e-type=\"widget\" data-settings=\"{&quot;_animation&quot;:&quot;nussFadeInUp&quot;}\" data-widget_type=\"text-editor.default\">\n\t\t\t\t\t\t\t\t\t<p data-spm-anchor-id=\"a2ty_o01.29997173.0.i44.4901c9211d0XT3\">Les clients b\u00e9n\u00e9ficient \u00e9galement d&#039;une gamme d&#039;\u00e9quipements pratiques, notamment un <strong>R\u00e9ception ouverte 24h\/24<\/strong>, <strong>centre de fitness gratuit<\/strong>, <strong>parking gratuit<\/strong>, <strong>services de transfert a\u00e9roportuaire<\/strong>, et <strong>acc\u00e8s par ascenseur<\/strong>, garantissant un s\u00e9jour agr\u00e9able et confortable de votre arriv\u00e9e \u00e0 votre d\u00e9part. L&#039;emplacement central de l&#039;h\u00f4tel permet d&#039;acc\u00e9der facilement aux principales attractions telles que l&#039;ancienne rue Jinli, le sanctuaire de Wuhou et la base de recherche sur l&#039;\u00e9levage du panda g\u00e9ant de Chengdu, par les transports en commun ou par de courts trajets en taxi.<\/p><div class=\"my-2\">\u00a0<\/div><p>Que vous soyez en visite pour affaires, pour la culture, pour la cuisine ou pour le rythme de vie l\u00e9gendaire de Chengdu, <strong>H\u00f4tel international Lyhn Chengdu Taikoo Li<\/strong> Offrez-vous une exp\u00e9rience raffin\u00e9e, alliant style, confort et authenticit\u00e9 locale. R\u00e9servez votre s\u00e9jour d\u00e8s aujourd&#039;hui et plongez au c\u0153ur de Chengdu, o\u00f9 tradition et modernit\u00e9 se c\u00f4toient, et o\u00f9 chaque voyage commence par le confort.<\/p>\t\t\t\t\t\t\t\t<\/div>\n\t\t\t\t\t<\/div>\n\t\t<\/div>\n\t\t\t\t<div class=\"elementor-column elementor-col-50 elementor-top-column elementor-element elementor-element-d4a2026\" data-id=\"d4a2026\" data-element_type=\"column\" data-e-type=\"column\">\n\t\t\t<div class=\"elementor-widget-wrap elementor-element-populated\">\n\t\t\t\t\t\t<div class=\"elementor-element elementor-element-3c31144 elementor-widget__width-initial elementor-widget-mobile__width-inherit elementor-invisible nuss-elementor-loading nuss-slide-in-right elementor-widget elementor-widget-image\" data-id=\"3c31144\" data-element_type=\"widget\" data-e-type=\"widget\" data-settings=\"{&quot;_animation&quot;:&quot;nussSlideInRight&quot;}\" data-widget_type=\"image.default\">\n\t\t\t\t\t\t\t\t\t\t\t\t\t\t\t<img decoding=\"async\" width=\"2000\" height=\"1333\" src=\"https:\/\/lyhninternationalhotelchengdu.com\/wp-content\/uploads\/2025\/09\/reservation.jpg\" class=\"attachment-full size-full wp-image-5546\" alt=\"\" srcset=\"https:\/\/lyhninternationalhotelchengdu.com\/wp-content\/uploads\/2025\/09\/reservation.jpg 2000w, https:\/\/lyhninternationalhotelchengdu.com\/wp-content\/uploads\/2025\/09\/reservation-300x200.jpg 300w, https:\/\/lyhninternationalhotelchengdu.com\/wp-content\/uploads\/2025\/09\/reservation-1024x682.jpg 1024w, https:\/\/lyhninternationalhotelchengdu.com\/wp-content\/uploads\/2025\/09\/reservation-768x512.jpg 768w, https:\/\/lyhninternationalhotelchengdu.com\/wp-content\/uploads\/2025\/09\/reservation-1536x1024.jpg 1536w, https:\/\/lyhninternationalhotelchengdu.com\/wp-content\/uploads\/2025\/09\/reservation-18x12.jpg 18w\" sizes=\"(max-width: 2000px) 100vw, 2000px\" \/>\t\t\t\t\t\t\t\t\t\t\t\t\t\t\t<\/div>\n\t\t\t\t\t<\/div>\n\t\t<\/div>\n\t\t\t\t\t<\/div>\n\t\t<\/section>\n\t\t\t\t<section class=\"elementor-section elementor-top-section elementor-element elementor-element-2092b7d0 elementor-section-stretched elementor-section-boxed elementor-section-gap-beside-yes elementor-section-height-default elementor-section-height-default elementor-section-column-vertical-align-stretch\" data-id=\"2092b7d0\" data-element_type=\"section\" data-e-type=\"section\" data-settings=\"{&quot;background_background&quot;:&quot;classic&quot;,&quot;stretch_section&quot;:&quot;section-stretched&quot;}\">\n\t\t\t\t\t\t<div class=\"elementor-container elementor-column-gap-extended\">\n\t\t\t\t\t<div class=\"elementor-column elementor-col-100 elementor-top-column elementor-element elementor-element-be69d75\" data-id=\"be69d75\" data-element_type=\"column\" data-e-type=\"column\">\n\t\t\t<div class=\"elementor-widget-wrap elementor-element-populated\">\n\t\t\t\t\t\t<div class=\"elementor-element elementor-element-6638812 elementor-widget elementor-widget-nuss-heading\" data-id=\"6638812\" data-element_type=\"widget\" data-e-type=\"widget\" data-widget_type=\"nuss-heading.default\">\n\t\t\t\t<div class=\"elementor-widget-container\">\n\t\t\t\t\t\t\t<div class=\"nuss-modern-heading\">\r\n\t\t\t\t\t\t<div class=\"heading-secondary-wrap\">\r\n\t\t\t\t<h3 class=\"heading-secondary elementor-heading-title\">Ch\u00e8que disponible <\/h3>\t\t\t<\/div>\r\n\t\t\r\n\t\t\t\r\n\t\t\t\r\n\t\t\t\t\t<\/div>\r\n\t\t\t\t\t<\/div>\n\t\t\t\t<\/div>\n\t\t\t\t<div class=\"elementor-element elementor-element-ad7d631 elementor-widget elementor-widget-text-editor\" data-id=\"ad7d631\" data-element_type=\"widget\" data-e-type=\"widget\" data-widget_type=\"text-editor.default\">\n\t\t\t\t\t\t\t\t\t<iframe border=\"0\" src=\"https:\/\/www.trip.com\/partners\/ad\/S5321409?Allianceid=4590391&#038;SID=258456612&#038;trip_sub1=\" style=\"width:1200px;height:200px\" frameborder=\"0\" scrolling=\"no\" id=\"S5321409\"><\/iframe>\t\t\t\t\t\t\t\t<\/div>\n\t\t\t\t\t<\/div>\n\t\t<\/div>\n\t\t\t\t\t<\/div>\n\t\t<\/section>\n\t\t\t\t<\/div>","protected":false},"excerpt":{"rendered":"<p>Discover Urban Elegance at Lyhn International Hotel Chengdu Taikoo Li Nestled in the dynamic heart of one of China\u2019s most vibrant cities, Lyhn International Hotel Chengdu Taikoo Li offers an exceptional blend of contemporary luxury, strategic location, and authentic Sichuan charm. Located at No.1 Tidu Street, Qingyang District, Chengdu, Sichuan 610000, this stylish 4-star boutique [&hellip;]<\/p>\n","protected":false},"author":1,"featured_media":0,"parent":0,"menu_order":0,"comment_status":"closed","ping_status":"closed","template":"","meta":{"footnotes":""},"class_list":["post-5266","page","type-page","status-publish","hentry","post-no-thumbnail"],"_links":{"self":[{"href":"https:\/\/lyhninternationalhotelchengdu.com\/fr\/wp-json\/wp\/v2\/pages\/5266","targetHints":{"allow":["GET"]}}],"collection":[{"href":"https:\/\/lyhninternationalhotelchengdu.com\/fr\/wp-json\/wp\/v2\/pages"}],"about":[{"href":"https:\/\/lyhninternationalhotelchengdu.com\/fr\/wp-json\/wp\/v2\/types\/page"}],"author":[{"embeddable":true,"href":"https:\/\/lyhninternationalhotelchengdu.com\/fr\/wp-json\/wp\/v2\/users\/1"}],"replies":[{"embeddable":true,"href":"https:\/\/lyhninternationalhotelchengdu.com\/fr\/wp-json\/wp\/v2\/comments?post=5266"}],"version-history":[{"count":0,"href":"https:\/\/lyhninternationalhotelchengdu.com\/fr\/wp-json\/wp\/v2\/pages\/5266\/revisions"}],"wp:attachment":[{"href":"https:\/\/lyhninternationalhotelchengdu.com\/fr\/wp-json\/wp\/v2\/media?parent=5266"}],"curies":[{"name":"wp","href":"https:\/\/api.w.org\/{rel}","templated":true}]}}