{"id":2109,"date":"2021-03-26T08:35:58","date_gmt":"2021-03-26T08:35:58","guid":{"rendered":"http:\/\/localhost\/nuss\/?page_id=536"},"modified":"2025-09-11T08:09:23","modified_gmt":"2025-09-11T08:09:23","slug":"installations-commerciales","status":"publish","type":"page","link":"https:\/\/lyhninternationalhotelchengdu.com\/fr\/installations-commerciales\/","title":{"rendered":"Installations commerciales"},"content":{"rendered":"<div data-elementor-type=\"wp-page\" data-elementor-id=\"2109\" class=\"elementor elementor-2109\">\n\t\t\t\t\t\t<section class=\"elementor-section elementor-top-section elementor-element elementor-element-bb2901b elementor-section-boxed elementor-section-gap-beside-yes elementor-section-height-default elementor-section-height-default elementor-section-column-vertical-align-stretch\" data-id=\"bb2901b\" data-element_type=\"section\" data-e-type=\"section\">\n\t\t\t\t\t\t<div class=\"elementor-container elementor-column-gap-extended\">\n\t\t\t\t\t<div class=\"elementor-column elementor-col-100 elementor-top-column elementor-element elementor-element-1919db9\" data-id=\"1919db9\" data-element_type=\"column\" data-e-type=\"column\">\n\t\t\t<div class=\"elementor-widget-wrap elementor-element-populated\">\n\t\t\t\t\t\t<div class=\"elementor-element elementor-element-41a7b9c elementor-widget__width-initial elementor-invisible elementor-widget elementor-widget-text-editor\" data-id=\"41a7b9c\" data-element_type=\"widget\" data-e-type=\"widget\" data-settings=\"{&quot;_animation&quot;:&quot;nussFadeInUp&quot;}\" data-widget_type=\"text-editor.default\">\n\t\t\t\t\t\t\t\t\t<p><strong data-spm-anchor-id=\"a2ty_o01.29997173.0.i47.4901c9211d0XT3\">Des installations d&#039;affaires sophistiqu\u00e9es con\u00e7ues pour la productivit\u00e9 et l&#039;excellence professionnelle au Lyhn International Hotel Chengdu Taikoo Li<\/strong><\/p>\t\t\t\t\t\t\t\t<\/div>\n\t\t\t\t\t<\/div>\n\t\t<\/div>\n\t\t\t\t\t<\/div>\n\t\t<\/section>\n\t\t<div class=\"elementor-element elementor-element-4b1112f e-flex e-con-boxed e-con e-parent\" data-id=\"4b1112f\" data-element_type=\"container\" data-e-type=\"container\">\n\t\t\t\t\t<div class=\"e-con-inner\">\n\t\t\t\t<div class=\"elementor-element elementor-element-38409cf elementor-widget elementor-widget-text-editor\" data-id=\"38409cf\" data-element_type=\"widget\" data-e-type=\"widget\" data-widget_type=\"text-editor.default\">\n\t\t\t\t\t\t\t\t\t<p data-spm-anchor-id=\"a2ty_o01.29997173.0.i49.4901c9211d0XT3\">Pour le voyageur d&#039;affaires moderne, la r\u00e9ussite commence par une logistique fluide, une technologie fiable et un environnement qui favorise la concentration et l&#039;efficacit\u00e9. <strong>H\u00f4tel international Lyhn Chengdu Taikoo Li<\/strong>, situ\u00e9 dans le c\u0153ur commercial florissant de Chengdu \u00e0 <strong>Rue Tidu n\u00b01, district de Qingyang<\/strong>Nous comprenons les exigences des professionnels dynamiques d&#039;aujourd&#039;hui. C&#039;est pourquoi nos solutions, soigneusement con\u00e7ues, <strong>installations commerciales<\/strong> aller au-del\u00e0 des bases pour offrir une exp\u00e9rience soign\u00e9e et productive adapt\u00e9e aux entrepreneurs, aux invit\u00e9s d&#039;entreprise et aux d\u00e9l\u00e9gu\u00e9s internationaux.<\/p><div class=\"my-2\">\u00a0<\/div><p>Tout en conservant l&#039;ambiance intime d&#039;un h\u00f4tel-boutique, le Lyhn International Hotel est enti\u00e8rement \u00e9quip\u00e9 pour accueillir des s\u00e9jours d&#039;affaires de haute performance. Chaque chambre et chaque espace commun sont \u00e9quip\u00e9s de <strong>connectivit\u00e9 Wi-Fi haut d\u00e9bit et stable<\/strong>, garantissant des visioconf\u00e9rences ininterrompues, un acc\u00e8s s\u00e9curis\u00e9 aux e-mails et une collaboration cloud fluide\u00a0: essentiels pour le t\u00e9l\u00e9travail ou pour rester en phase avec les \u00e9quipes internationales. Que vous finalisiez une pr\u00e9sentation depuis votre bureau ou que vous pr\u00e9pariez une r\u00e9union client autour d&#039;un caf\u00e9, notre r\u00e9seau est optimis\u00e9 pour la vitesse et la fiabilit\u00e9.<\/p><div class=\"my-2\">\u00a0<\/div><p>Gr\u00e2ce \u00e0 son emplacement central, l&#039;h\u00f4tel vous place \u00e0 quelques minutes des principaux quartiers d&#039;affaires de Chengdu, des si\u00e8ges sociaux de multinationales et des p\u00f4les d&#039;innovation de la zone de haute technologie et de Jinjiang. \u00c0 quelques pas seulement, <strong>Taikoo Li<\/strong> n&#039;est pas seulement une destination de style de vie de luxe - il abrite \u00e9galement des bureaux phares, des espaces de coworking et des marques internationales, faisant de notre h\u00f4tel la base id\u00e9ale pour les professionnels engag\u00e9s dans le r\u00e9seautage, les partenariats ou l&#039;expansion du march\u00e9 dans l&#039;ouest de la Chine.<\/p>\t\t\t\t\t\t\t\t<\/div>\n\t\t\t\t\t<\/div>\n\t\t\t\t<\/div>\n\t\t<div class=\"elementor-element elementor-element-a43bdfd e-flex e-con-boxed e-con e-parent\" data-id=\"a43bdfd\" data-element_type=\"container\" data-e-type=\"container\">\n\t\t\t\t\t<div class=\"e-con-inner\">\n\t\t\t\t<div class=\"elementor-element elementor-element-7fd0596 elementor-widget elementor-widget-image\" data-id=\"7fd0596\" data-element_type=\"widget\" data-e-type=\"widget\" data-widget_type=\"image.default\">\n\t\t\t\t\t\t\t\t\t\t\t\t\t\t\t<img fetchpriority=\"high\" decoding=\"async\" width=\"1024\" height=\"456\" src=\"https:\/\/lyhninternationalhotelchengdu.com\/wp-content\/uploads\/2025\/09\/Lyhn-International-Hotel-Chengdu-Taikoo-Li-10-1024x456.webp\" class=\"attachment-large size-large wp-image-5600\" alt=\"\" srcset=\"https:\/\/lyhninternationalhotelchengdu.com\/wp-content\/uploads\/2025\/09\/Lyhn-International-Hotel-Chengdu-Taikoo-Li-10-1024x456.webp 1024w, https:\/\/lyhninternationalhotelchengdu.com\/wp-content\/uploads\/2025\/09\/Lyhn-International-Hotel-Chengdu-Taikoo-Li-10-300x134.webp 300w, https:\/\/lyhninternationalhotelchengdu.com\/wp-content\/uploads\/2025\/09\/Lyhn-International-Hotel-Chengdu-Taikoo-Li-10-768x342.webp 768w, https:\/\/lyhninternationalhotelchengdu.com\/wp-content\/uploads\/2025\/09\/Lyhn-International-Hotel-Chengdu-Taikoo-Li-10-18x8.webp 18w, https:\/\/lyhninternationalhotelchengdu.com\/wp-content\/uploads\/2025\/09\/Lyhn-International-Hotel-Chengdu-Taikoo-Li-10.webp 1280w\" sizes=\"(max-width: 1024px) 100vw, 1024px\" \/>\t\t\t\t\t\t\t\t\t\t\t\t\t\t\t<\/div>\n\t\t\t\t\t<\/div>\n\t\t\t\t<\/div>\n\t\t<div class=\"elementor-element elementor-element-c5593fb e-flex e-con-boxed e-con e-parent\" data-id=\"c5593fb\" data-element_type=\"container\" data-e-type=\"container\">\n\t\t\t\t\t<div class=\"e-con-inner\">\n\t\t\t\t<div class=\"elementor-element elementor-element-668b576 elementor-widget elementor-widget-text-editor\" data-id=\"668b576\" data-element_type=\"widget\" data-e-type=\"widget\" data-widget_type=\"text-editor.default\">\n\t\t\t\t\t\t\t\t\t<p>Bien que de taille compacte, l&#039;h\u00f4tel offre <strong>solutions d&#039;espace de travail d\u00e9di\u00e9es<\/strong> Dans certaines chambres, elles sont \u00e9quip\u00e9es de si\u00e8ges ergonomiques, de bureaux bien \u00e9clair\u00e9s, de prises \u00e9lectriques avec adaptateurs universels et d&#039;un int\u00e9rieur insonoris\u00e9 pour des appels priv\u00e9s ou un travail concentr\u00e9. Pour des r\u00e9unions informelles ou des discussions rapides, <strong>\u00e9l\u00e9gant salon du hall<\/strong> offre un cadre raffin\u00e9 et calme o\u00f9 vous pourrez recevoir vos coll\u00e8gues autour d&#039;un service de th\u00e9 ou d&#039;espresso haut de gamme.<\/p><div class=\"my-2\">\u00a0<\/div><p data-spm-anchor-id=\"a2ty_o01.29997173.0.i50.4901c9211d0XT3\">Ces fonctionnalit\u00e9s sont compl\u00e9t\u00e9es par <strong>Services de r\u00e9ception 24h\/24<\/strong> Notre \u00e9quipe multilingue est disponible pour vous aider avec l&#039;impression, la gestion des documents, les demandes de coursier et les besoins de planification de derni\u00e8re minute. Besoin d&#039;un d\u00e9part anticip\u00e9\u00a0? Profitez de notre <strong>d\u00e9part express<\/strong> et <strong>service de petit-d\u00e9jeuner matinal<\/strong> pour optimiser votre temps. Nous proposons \u00e9galement <strong>modalit\u00e9s de transfert a\u00e9roportuaire<\/strong> et la coordination des transports locaux, minimisant le stress du voyage afin que vous puissiez arriver \u00e0 vos r\u00e9unions repos\u00e9 et \u00e0 l&#039;heure.<\/p><div class=\"my-2\">\u00a0<\/div><p>De plus, les clients b\u00e9n\u00e9ficient de <strong>installations de fitness sur place<\/strong> Maintenir une routine bien-\u00eatre lors de longs voyages d&#039;affaires, car une performance optimale passe par un \u00e9quilibre physique et mental. L&#039;atmosph\u00e8re paisible de l&#039;h\u00f4tel, loin du chaos des grandes cha\u00eenes et au c\u0153ur du confort urbain, cr\u00e9e un \u00e9quilibre parfait entre productivit\u00e9 et ressourcement.<\/p><div class=\"my-2\">\u00a0<\/div><p>Que vous soyez \u00e0 Chengdu pour un projet \u00e0 court terme, une r\u00e9union d&#039;investisseurs ou une conf\u00e9rence r\u00e9gionale, <strong>H\u00f4tel international Lyhn Chengdu Taikoo Li<\/strong> Offre un environnement professionnel \u00e0 l&#039;\u00e9l\u00e9gance discr\u00e8te. Ici, travailler ne signifie pas sacrifier le confort\u00a0: c&#039;est travailler plus intelligemment, rester connect\u00e9 et d\u00e9couvrir la ville en toute s\u00e9r\u00e9nit\u00e9.<\/p><div class=\"my-2\">\u00a0<\/div><p>Choisissez Lyhn International Hotel non seulement comme lieu de s\u00e9jour, mais comme partenaire strat\u00e9gique pour atteindre l&#039;excellence commerciale dans l&#039;une des villes les plus avant-gardistes de Chine.<\/p>\t\t\t\t\t\t\t\t<\/div>\n\t\t\t\t\t<\/div>\n\t\t\t\t<\/div>\n\t\t\t\t<section class=\"elementor-section elementor-top-section elementor-element elementor-element-41197a65 elementor-section-stretched elementor-section-boxed elementor-section-gap-beside-yes elementor-section-height-default elementor-section-height-default elementor-section-column-vertical-align-stretch\" data-id=\"41197a65\" data-element_type=\"section\" data-e-type=\"section\" data-settings=\"{&quot;background_background&quot;:&quot;classic&quot;,&quot;stretch_section&quot;:&quot;section-stretched&quot;}\">\n\t\t\t\t\t\t<div class=\"elementor-container elementor-column-gap-extended\">\n\t\t\t\t\t<div class=\"elementor-column elementor-col-100 elementor-top-column elementor-element elementor-element-7e9449bf\" data-id=\"7e9449bf\" data-element_type=\"column\" data-e-type=\"column\">\n\t\t\t<div class=\"elementor-widget-wrap elementor-element-populated\">\n\t\t\t\t\t\t<div class=\"elementor-element elementor-element-74bcb6ae elementor-widget elementor-widget-nuss-heading\" data-id=\"74bcb6ae\" data-element_type=\"widget\" data-e-type=\"widget\" data-widget_type=\"nuss-heading.default\">\n\t\t\t\t<div class=\"elementor-widget-container\">\n\t\t\t\t\t\t\t<div class=\"nuss-modern-heading\">\r\n\t\t\t\t\t\t<div class=\"heading-secondary-wrap\">\r\n\t\t\t\t<h3 class=\"heading-secondary elementor-heading-title\">Ch\u00e8que disponible <\/h3>\t\t\t<\/div>\r\n\t\t\r\n\t\t\t\r\n\t\t\t\r\n\t\t\t\t\t<\/div>\r\n\t\t\t\t\t<\/div>\n\t\t\t\t<\/div>\n\t\t\t\t<div class=\"elementor-element elementor-element-652e4934 elementor-widget elementor-widget-text-editor\" data-id=\"652e4934\" data-element_type=\"widget\" data-e-type=\"widget\" data-widget_type=\"text-editor.default\">\n\t\t\t\t\t\t\t\t\t<iframe border=\"0\" src=\"https:\/\/www.trip.com\/partners\/ad\/S5321409?Allianceid=4590391&#038;SID=258456612&#038;trip_sub1=\" style=\"width:1200px;height:200px\" frameborder=\"0\" scrolling=\"no\" id=\"S5321409\"><\/iframe>\t\t\t\t\t\t\t\t<\/div>\n\t\t\t\t\t<\/div>\n\t\t<\/div>\n\t\t\t\t\t<\/div>\n\t\t<\/section>\n\t\t\t\t<\/div>","protected":false},"excerpt":{"rendered":"<p>Sophisticated Business Facilities Designed for Productivity and Professional Excellence at Lyhn International Hotel Chengdu Taikoo Li For the modern business traveler, success begins with seamless logistics, reliable technology, and an environment that fosters focus and efficiency. At Lyhn International Hotel Chengdu Taikoo Li, located in the thriving commercial heart of Chengdu at No.1 Tidu Street, [&hellip;]<\/p>\n","protected":false},"author":1,"featured_media":0,"parent":0,"menu_order":0,"comment_status":"closed","ping_status":"closed","template":"","meta":{"footnotes":""},"class_list":["post-2109","page","type-page","status-publish","hentry","post-no-thumbnail"],"_links":{"self":[{"href":"https:\/\/lyhninternationalhotelchengdu.com\/fr\/wp-json\/wp\/v2\/pages\/2109","targetHints":{"allow":["GET"]}}],"collection":[{"href":"https:\/\/lyhninternationalhotelchengdu.com\/fr\/wp-json\/wp\/v2\/pages"}],"about":[{"href":"https:\/\/lyhninternationalhotelchengdu.com\/fr\/wp-json\/wp\/v2\/types\/page"}],"author":[{"embeddable":true,"href":"https:\/\/lyhninternationalhotelchengdu.com\/fr\/wp-json\/wp\/v2\/users\/1"}],"replies":[{"embeddable":true,"href":"https:\/\/lyhninternationalhotelchengdu.com\/fr\/wp-json\/wp\/v2\/comments?post=2109"}],"version-history":[{"count":0,"href":"https:\/\/lyhninternationalhotelchengdu.com\/fr\/wp-json\/wp\/v2\/pages\/2109\/revisions"}],"wp:attachment":[{"href":"https:\/\/lyhninternationalhotelchengdu.com\/fr\/wp-json\/wp\/v2\/media?parent=2109"}],"curies":[{"name":"wp","href":"https:\/\/api.w.org\/{rel}","templated":true}]}}