{"id":2108,"date":"2021-03-26T06:46:16","date_gmt":"2021-03-26T06:46:16","guid":{"rendered":"http:\/\/localhost\/nuss\/?page_id=437"},"modified":"2025-09-11T09:27:10","modified_gmt":"2025-09-11T09:27:10","slug":"spa-bien-etre","status":"publish","type":"page","link":"https:\/\/lyhninternationalhotelchengdu.com\/fr\/spa-bien-etre\/","title":{"rendered":"Bien-\u00eatre et Spa"},"content":{"rendered":"<div data-elementor-type=\"wp-page\" data-elementor-id=\"2108\" class=\"elementor elementor-2108\">\n\t\t\t\t\t\t<section class=\"elementor-section elementor-top-section elementor-element elementor-element-e56a0cd elementor-section-boxed elementor-section-gap-beside-yes elementor-section-height-default elementor-section-height-default elementor-section-column-vertical-align-stretch\" data-id=\"e56a0cd\" data-element_type=\"section\" data-e-type=\"section\">\n\t\t\t\t\t\t<div class=\"elementor-container elementor-column-gap-extended\">\n\t\t\t\t\t<div class=\"elementor-column elementor-col-100 elementor-top-column elementor-element elementor-element-0b4465f\" data-id=\"0b4465f\" data-element_type=\"column\" data-e-type=\"column\">\n\t\t\t<div class=\"elementor-widget-wrap elementor-element-populated\">\n\t\t\t\t\t\t<div class=\"elementor-element elementor-element-c5bfb65 elementor-widget__width-initial elementor-invisible elementor-widget elementor-widget-text-editor\" data-id=\"c5bfb65\" data-element_type=\"widget\" data-e-type=\"widget\" data-settings=\"{&quot;_animation&quot;:&quot;nussFadeInUp&quot;}\" data-widget_type=\"text-editor.default\">\n\t\t\t\t\t\t\t\t\t<p><strong data-spm-anchor-id=\"a2ty_o01.29997173.0.i86.4901c9211d0XT3\">Rechargez votre corps et votre esprit : d\u00e9couvrez les installations de bien-\u00eatre du Lyhn International Hotel Chengdu Taikoo Li<\/strong><\/p>\t\t\t\t\t\t\t\t<\/div>\n\t\t\t\t\t<\/div>\n\t\t<\/div>\n\t\t\t\t\t<\/div>\n\t\t<\/section>\n\t\t<div class=\"elementor-element elementor-element-285fcf9 e-flex e-con-boxed e-con e-parent\" data-id=\"285fcf9\" data-element_type=\"container\" data-e-type=\"container\">\n\t\t\t\t\t<div class=\"e-con-inner\">\n\t\t\t\t<div class=\"elementor-element elementor-element-bcbdfaa elementor-widget elementor-widget-image\" data-id=\"bcbdfaa\" data-element_type=\"widget\" data-e-type=\"widget\" data-widget_type=\"image.default\">\n\t\t\t\t\t\t\t\t\t\t\t\t\t\t\t<img fetchpriority=\"high\" decoding=\"async\" width=\"1024\" height=\"418\" src=\"https:\/\/lyhninternationalhotelchengdu.com\/wp-content\/uploads\/2025\/09\/Lyhn-International-Hotel-Chengdu-Taikoo-Li-57-1024x418.webp\" class=\"attachment-large size-large wp-image-5647\" alt=\"\" srcset=\"https:\/\/lyhninternationalhotelchengdu.com\/wp-content\/uploads\/2025\/09\/Lyhn-International-Hotel-Chengdu-Taikoo-Li-57-1024x418.webp 1024w, https:\/\/lyhninternationalhotelchengdu.com\/wp-content\/uploads\/2025\/09\/Lyhn-International-Hotel-Chengdu-Taikoo-Li-57-300x123.webp 300w, https:\/\/lyhninternationalhotelchengdu.com\/wp-content\/uploads\/2025\/09\/Lyhn-International-Hotel-Chengdu-Taikoo-Li-57-768x314.webp 768w, https:\/\/lyhninternationalhotelchengdu.com\/wp-content\/uploads\/2025\/09\/Lyhn-International-Hotel-Chengdu-Taikoo-Li-57-18x7.webp 18w, https:\/\/lyhninternationalhotelchengdu.com\/wp-content\/uploads\/2025\/09\/Lyhn-International-Hotel-Chengdu-Taikoo-Li-57.webp 1280w\" sizes=\"(max-width: 1024px) 100vw, 1024px\" \/>\t\t\t\t\t\t\t\t\t\t\t\t\t\t\t<\/div>\n\t\t\t\t\t<\/div>\n\t\t\t\t<\/div>\n\t\t<div class=\"elementor-element elementor-element-c0048b7 e-flex e-con-boxed e-con e-parent\" data-id=\"c0048b7\" data-element_type=\"container\" data-e-type=\"container\">\n\t\t\t\t\t<div class=\"e-con-inner\">\n\t\t\t\t<div class=\"elementor-element elementor-element-7c76dce elementor-widget elementor-widget-text-editor\" data-id=\"7c76dce\" data-element_type=\"widget\" data-e-type=\"widget\" data-widget_type=\"text-editor.default\">\n\t\t\t\t\t\t\t\t\t<p>Au c\u0153ur de la ville anim\u00e9e de Chengdu, o\u00f9 la culture ancienne rencontre la vie urbaine moderne, <strong>H\u00f4tel international Lyhn Chengdu Taikoo Li<\/strong> offre un sanctuaire de bien-\u00eatre avec son design soigneusement pens\u00e9 <strong>installations de bien-\u00eatre<\/strong>. Situ\u00e9 \u00e0 <strong>Rue Tidu n\u00b01, district de Qingyang, Sichuan 610000<\/strong>Notre h\u00f4tel-boutique 4 \u00e9toiles est plus qu&#039;un simple lieu de s\u00e9jour : c&#039;est une destination qui nourrit votre sant\u00e9 physique, votre clart\u00e9 mentale et votre \u00e9quilibre g\u00e9n\u00e9ral pendant vos voyages.<\/p><p>Que vous soyez \u00e0 Chengdu pour affaires, loisirs ou d\u00e9couverte culturelle, votre bien-\u00eatre ne devrait pas \u00eatre n\u00e9glig\u00e9. C&#039;est pourquoi nous avons cr\u00e9\u00e9 un environnement holistique ax\u00e9 sur la forme, la d\u00e9tente et le ressourcement, le tout dans le confort et la commodit\u00e9 de notre \u00e9tablissement en centre-ville.<\/p><h3>Un centre de remise en forme enti\u00e8rement \u00e9quip\u00e9 ouvert 24h\/24<\/h3><p>Au c\u0153ur de nos offres de bien-\u00eatre se trouve notre <strong>salle de sport moderne ouverte 24h\/24<\/strong>Con\u00e7ue pour les clients qui privil\u00e9gient la r\u00e9gularit\u00e9 dans leur parcours sportif, la salle de sport est ouverte 24h\/24 et 7j\/7 pour accueillir les l\u00e8ve-t\u00f4t, les sportifs nocturnes et les voyageurs internationaux, quel que soit leur fuseau horaire. Elle est \u00e9quip\u00e9e d&#039;\u00e9quipements de cardio-training et de musculation de pointe, notamment des tapis de course, des v\u00e9los elliptiques, des v\u00e9los stationnaires, des halt\u00e8res et des machines multifonctions.<\/p><p>L&#039;espace est soigneusement entretenu, bien a\u00e9r\u00e9 et baign\u00e9 de lumi\u00e8re naturelle en journ\u00e9e, cr\u00e9ant une atmosph\u00e8re \u00e9nergisante et stimulante. Avec des miroirs allant du sol au plafond, un sol antid\u00e9rapant et un espace g\u00e9n\u00e9reux pour les \u00e9tirements ou les exercices fonctionnels, chaque d\u00e9tail contribue \u00e0 une s\u00e9ance d&#039;exercice efficace et en toute s\u00e9curit\u00e9. Les clients peuvent profiter de s\u00e9ances d&#039;entra\u00eenement personnalis\u00e9es ou simplement suivre leur propre programme tout en restant connect\u00e9s via <strong>Wi-Fi haut d\u00e9bit gratuit<\/strong> disponible dans tout l&#039;\u00e9tablissement.<\/p><h3>Au-del\u00e0 de la salle de sport\u00a0: exp\u00e9riences de bien-\u00eatre holistiques<\/h3><p>Bien que nous ne proposions actuellement ni spa ni piscine, le Lyhn International Hotel int\u00e8gre le bien-\u00eatre \u00e0 chaque aspect de l&#039;exp\u00e9rience client. <strong>salon de th\u00e9 et salle de cartes<\/strong> Offrent des espaces sereins pour se d\u00e9tendre, socialiser ou pratiquer la pleine conscience autour d&#039;une tasse de th\u00e9 chinois de qualit\u00e9 sup\u00e9rieure, une tradition profond\u00e9ment ancr\u00e9e dans le patrimoine du Sichuan. Ces havres de paix invitent les h\u00f4tes \u00e0 ralentir, \u00e0 r\u00e9fl\u00e9chir et \u00e0 se ressourcer au rythme de la vie urbaine.<\/p><p>Pour ceux qui recherchent une relaxation plus profonde, notre <strong>chambres insonoris\u00e9es<\/strong> Con\u00e7ues comme des sanctuaires personnels, elles arborent des couleurs apaisantes, une literie moelleuse, des rideaux occultants et une climatisation intelligente. Apr\u00e8s une longue journ\u00e9e d&#039;exploration, <strong>Taikoo Li (\u00e0 seulement 900 m\u00e8tres)<\/strong> ou <strong>Route de Chunxi (980 m\u00e8tres)<\/strong>, revenir dans une pi\u00e8ce paisible, propre et confortable fait partie du processus de gu\u00e9rison.<\/p><p>Nous soutenons \u00e9galement des habitudes saines gr\u00e2ce \u00e0 des \u00e9quipements pratiques tels que <strong>Blanchisserie libre-service 24h\/24<\/strong>, afin que vous puissiez garder votre \u00e9quipement d&#039;entra\u00eenement frais, et <strong>services de repassage et de d\u00e9froissage sur place<\/strong> pour vous permettre de vous sentir en confiance lors de toute r\u00e9union ou \u00e9v\u00e9nement. Pour les familles et les invit\u00e9s de longue dur\u00e9e, acc\u00e8s \u00e0 <strong>d\u00e9tergent \u00e0 lessive, d\u00e9froisseurs \u00e0 vapeur et pantoufles pour enfants<\/strong> ajoute une autre couche de confort et de soins.<\/p><h3>Con\u00e7u pour les voyageurs actifs et les clients soucieux de leur sant\u00e9<\/h3><p>Notre philosophie bien-\u00eatre va au-del\u00e0 des \u00e9quipements\u00a0: elle est int\u00e9gr\u00e9e au service. L&#039;\u00e9quipe de la r\u00e9ception s&#039;exprime. <strong>anglais et mandarin<\/strong>, en assurant une communication claire sur les itin\u00e9raires de jogging locaux, les parcs \u00e0 proximit\u00e9 comme le People&#039;s Park (\u00e0 15 minutes en taxi), ou des recommandations de studios de yoga et de rassemblements de tai-chi en ville. Besoin de conseils pour une restauration saine\u00a0? Notre restaurant sur place <strong>Rong Ting Shi Fu (\u84c9\u5ead\u98df\u5e9c)<\/strong> sert des repas \u00e9quilibr\u00e9s compos\u00e9s d&#039;ingr\u00e9dients frais et locaux, avec des choix de petit-d\u00e9jeuner chinois et occidentaux pour alimenter votre entra\u00eenement matinal.<\/p><p>La s\u00e9curit\u00e9 et l&#039;hygi\u00e8ne sont primordiales. La salle de sport et tous les espaces publics sont \u00e9quip\u00e9s <strong>Surveillance CCTV, d\u00e9tecteurs de fum\u00e9e, alarmes incendie et acc\u00e8s par carte-cl\u00e9<\/strong>, garantissant un environnement s\u00e9curis\u00e9 pour les voyageurs solitaires comme pour les amateurs de fitness. L&#039;entretien r\u00e9gulier des syst\u00e8mes de ventilation et les protocoles de nettoyage garantissent un espace d&#039;entra\u00eenement frais et exempt de germes.<\/p><h3>Pourquoi nos installations de bien-\u00eatre se d\u00e9marquent dans le centre de Chengdu<\/h3><p>Dans une ville r\u00e9put\u00e9e pour sa cuisine \u00e9pic\u00e9e et son style de vie d\u00e9contract\u00e9, le Lyhn International Hotel offre un \u00e9quilibre parfait entre plaisir et rigueur. Alors que de nombreux h\u00f4tels de la r\u00e9gion privil\u00e9gient le luxe ou l&#039;emplacement, nous privil\u00e9gions <strong>le bien-\u00eatre des clients comme pilier fondamental de l&#039;hospitalit\u00e9<\/strong>Cet engagement nous a valu d\u2019excellentes notes de la part de nos clients :<\/p><ul dir=\"auto\"><li><strong>9,6\/10 pour le service<\/strong><\/li><li><strong>9,6\/10 pour la propret\u00e9<\/strong><\/li><li><strong>9,5\/10 pour l&#039;emplacement<\/strong><\/li><\/ul><p>Les voyageurs font r\u00e9guli\u00e8rement l&#039;\u00e9loge de l&#039;h\u00f4tel <strong>des salles blanches, des robots de service efficaces (y compris des robots de livraison en forme de panda) et un acc\u00e8s central aux magasins, aux restaurants et aux transports en commun<\/strong> \u2014 tous les facteurs qui r\u00e9duisent le stress du voyage et contribuent \u00e0 un s\u00e9jour plus sain et plus agr\u00e9able.<\/p><h3>Am\u00e9liorez votre s\u00e9jour gr\u00e2ce \u00e0 des mouvements et un repos cibl\u00e9s<\/h3><p>Le bien-\u00eatre ne se r\u00e9sume pas \u00e0 l&#039;exercice physique\u00a0: il s&#039;agit de se sentir bien dans son corps et son esprit. <strong>H\u00f4tel international Lyhn Chengdu Taikoo Li<\/strong>Nous pensons que m\u00eame de petits moments de soins personnels \u2014 un \u00e9tirement au lever du soleil dans la salle de sport, une pause th\u00e9 tranquille ou une nuit de sommeil profonde et r\u00e9paratrice \u2014 peuvent transformer un voyage ordinaire en un voyage extraordinaire.<\/p><p data-spm-anchor-id=\"a2ty_o01.29997173.0.i88.4901c9211d0XT3\">Que vous couriez un marathon dans les rues anim\u00e9es de Chengdu ou que vous essayiez simplement de maintenir votre routine sur la route, nos installations bien-\u00eatre sont l\u00e0 pour vous accompagner. Parce que le vrai luxe ne se r\u00e9sume pas au confort, c&#039;est aussi <strong>se sentir au mieux de sa forme, o\u00f9 que vous soyez<\/strong>.<\/p>\t\t\t\t\t\t\t\t<\/div>\n\t\t\t\t\t<\/div>\n\t\t\t\t<\/div>\n\t\t\t\t<section class=\"elementor-section elementor-top-section elementor-element elementor-element-4492e1ca elementor-section-stretched elementor-section-boxed elementor-section-gap-beside-yes elementor-section-height-default elementor-section-height-default elementor-section-column-vertical-align-stretch\" data-id=\"4492e1ca\" data-element_type=\"section\" data-e-type=\"section\" data-settings=\"{&quot;background_background&quot;:&quot;classic&quot;,&quot;stretch_section&quot;:&quot;section-stretched&quot;}\">\n\t\t\t\t\t\t<div class=\"elementor-container elementor-column-gap-extended\">\n\t\t\t\t\t<div class=\"elementor-column elementor-col-100 elementor-top-column elementor-element elementor-element-4b84c0d5\" data-id=\"4b84c0d5\" data-element_type=\"column\" data-e-type=\"column\">\n\t\t\t<div class=\"elementor-widget-wrap elementor-element-populated\">\n\t\t\t\t\t\t<div class=\"elementor-element elementor-element-f636e5d elementor-widget elementor-widget-nuss-heading\" data-id=\"f636e5d\" data-element_type=\"widget\" data-e-type=\"widget\" data-widget_type=\"nuss-heading.default\">\n\t\t\t\t<div class=\"elementor-widget-container\">\n\t\t\t\t\t\t\t<div class=\"nuss-modern-heading\">\r\n\t\t\t\t\t\t<div class=\"heading-secondary-wrap\">\r\n\t\t\t\t<h3 class=\"heading-secondary elementor-heading-title\">Ch\u00e8que disponible <\/h3>\t\t\t<\/div>\r\n\t\t\r\n\t\t\t\r\n\t\t\t\r\n\t\t\t\t\t<\/div>\r\n\t\t\t\t\t<\/div>\n\t\t\t\t<\/div>\n\t\t\t\t<div class=\"elementor-element elementor-element-675e7667 elementor-widget elementor-widget-text-editor\" data-id=\"675e7667\" data-element_type=\"widget\" data-e-type=\"widget\" data-widget_type=\"text-editor.default\">\n\t\t\t\t\t\t\t\t\t<iframe border=\"0\" src=\"https:\/\/www.trip.com\/partners\/ad\/S5321409?Allianceid=4590391&#038;SID=258456612&#038;trip_sub1=\" style=\"width:1200px;height:200px\" frameborder=\"0\" scrolling=\"no\" id=\"S5321409\"><\/iframe>\t\t\t\t\t\t\t\t<\/div>\n\t\t\t\t\t<\/div>\n\t\t<\/div>\n\t\t\t\t\t<\/div>\n\t\t<\/section>\n\t\t\t\t<\/div>","protected":false},"excerpt":{"rendered":"<p>Recharge Your Body and Mind: Discover the Wellness Facilities at Lyhn International Hotel Chengdu Taikoo Li In the heart of bustling Chengdu, where ancient culture meets modern urban life, Lyhn International Hotel Chengdu Taikoo Li offers a sanctuary for well-being with its thoughtfully designed wellness facilities. Located at No.1 Tidu Street, Qingyang District, Sichuan 610000, [&hellip;]<\/p>\n","protected":false},"author":1,"featured_media":0,"parent":0,"menu_order":0,"comment_status":"closed","ping_status":"closed","template":"","meta":{"footnotes":""},"class_list":["post-2108","page","type-page","status-publish","hentry","post-no-thumbnail"],"_links":{"self":[{"href":"https:\/\/lyhninternationalhotelchengdu.com\/fr\/wp-json\/wp\/v2\/pages\/2108","targetHints":{"allow":["GET"]}}],"collection":[{"href":"https:\/\/lyhninternationalhotelchengdu.com\/fr\/wp-json\/wp\/v2\/pages"}],"about":[{"href":"https:\/\/lyhninternationalhotelchengdu.com\/fr\/wp-json\/wp\/v2\/types\/page"}],"author":[{"embeddable":true,"href":"https:\/\/lyhninternationalhotelchengdu.com\/fr\/wp-json\/wp\/v2\/users\/1"}],"replies":[{"embeddable":true,"href":"https:\/\/lyhninternationalhotelchengdu.com\/fr\/wp-json\/wp\/v2\/comments?post=2108"}],"version-history":[{"count":0,"href":"https:\/\/lyhninternationalhotelchengdu.com\/fr\/wp-json\/wp\/v2\/pages\/2108\/revisions"}],"wp:attachment":[{"href":"https:\/\/lyhninternationalhotelchengdu.com\/fr\/wp-json\/wp\/v2\/media?parent=2108"}],"curies":[{"name":"wp","href":"https:\/\/api.w.org\/{rel}","templated":true}]}}