{"id":2106,"date":"2021-03-25T04:08:26","date_gmt":"2021-03-25T04:08:26","guid":{"rendered":"http:\/\/localhost\/nuss\/?page_id=298"},"modified":"2025-09-11T08:32:50","modified_gmt":"2025-09-11T08:32:50","slug":"avis-sur-les-experiences-clients","status":"publish","type":"page","link":"https:\/\/lyhninternationalhotelchengdu.com\/fr\/avis-sur-les-experiences-clients\/","title":{"rendered":"Exp\u00e9riences et avis clients"},"content":{"rendered":"<div data-elementor-type=\"wp-page\" data-elementor-id=\"2106\" class=\"elementor elementor-2106\">\n\t\t\t\t\t\t<section class=\"elementor-section elementor-top-section elementor-element elementor-element-1954ffc elementor-section-boxed elementor-section-gap-beside-yes elementor-section-height-default elementor-section-height-default elementor-section-column-vertical-align-stretch\" data-id=\"1954ffc\" data-element_type=\"section\" data-e-type=\"section\">\n\t\t\t\t\t\t<div class=\"elementor-container elementor-column-gap-extended\">\n\t\t\t\t\t<div class=\"elementor-column elementor-col-100 elementor-top-column elementor-element elementor-element-86aebc5\" data-id=\"86aebc5\" data-element_type=\"column\" data-e-type=\"column\">\n\t\t\t<div class=\"elementor-widget-wrap elementor-element-populated\">\n\t\t\t\t\t\t<div class=\"elementor-element elementor-element-11803d1 elementor-widget__width-initial elementor-invisible elementor-widget elementor-widget-text-editor\" data-id=\"11803d1\" data-element_type=\"widget\" data-e-type=\"widget\" data-settings=\"{&quot;_animation&quot;:&quot;nussFadeInUp&quot;}\" data-widget_type=\"text-editor.default\">\n\t\t\t\t\t\t\t\t\t<p><strong data-spm-anchor-id=\"a2ty_o01.29997173.0.i54.4901c9211d0XT3\">Exp\u00e9riences exceptionnelles et avis \u00e9logieux\u00a0: ce que disent les voyageurs \u00e0 propos du Lyhn International Hotel Chengdu Taikoo Li<\/strong><\/p>\t\t\t\t\t\t\t\t<\/div>\n\t\t\t\t\t<\/div>\n\t\t<\/div>\n\t\t\t\t\t<\/div>\n\t\t<\/section>\n\t\t<div class=\"elementor-element elementor-element-9e99630 e-flex e-con-boxed e-con e-parent\" data-id=\"9e99630\" data-element_type=\"container\" data-e-type=\"container\">\n\t\t\t\t\t<div class=\"e-con-inner\">\n\t\t\t\t<div class=\"elementor-element elementor-element-1eb468c elementor-widget elementor-widget-image\" data-id=\"1eb468c\" data-element_type=\"widget\" data-e-type=\"widget\" data-widget_type=\"image.default\">\n\t\t\t\t\t\t\t\t\t\t\t\t\t\t\t\t<a href=\"https:\/\/www.trip.com\/t\/AR8HtzWtPR2\" target=\"_blank\" rel=\"noopener\">\n\t\t\t\t\t\t\t<img fetchpriority=\"high\" decoding=\"async\" width=\"1024\" height=\"297\" src=\"https:\/\/lyhninternationalhotelchengdu.com\/wp-content\/uploads\/2025\/09\/review-1024x297.jpg\" class=\"attachment-large size-large wp-image-5775\" alt=\"\" srcset=\"https:\/\/lyhninternationalhotelchengdu.com\/wp-content\/uploads\/2025\/09\/review-1024x297.jpg 1024w, https:\/\/lyhninternationalhotelchengdu.com\/wp-content\/uploads\/2025\/09\/review-300x87.jpg 300w, https:\/\/lyhninternationalhotelchengdu.com\/wp-content\/uploads\/2025\/09\/review-768x223.jpg 768w, https:\/\/lyhninternationalhotelchengdu.com\/wp-content\/uploads\/2025\/09\/review-18x5.jpg 18w, https:\/\/lyhninternationalhotelchengdu.com\/wp-content\/uploads\/2025\/09\/review.jpg 1287w\" sizes=\"(max-width: 1024px) 100vw, 1024px\" \/>\t\t\t\t\t\t\t\t<\/a>\n\t\t\t\t\t\t\t\t\t\t\t\t\t\t\t<\/div>\n\t\t\t\t\t<\/div>\n\t\t\t\t<\/div>\n\t\t<div class=\"elementor-element elementor-element-cf9cdf6 e-flex e-con-boxed e-con e-parent\" data-id=\"cf9cdf6\" data-element_type=\"container\" data-e-type=\"container\">\n\t\t\t\t\t<div class=\"e-con-inner\">\n\t\t\t\t<div class=\"elementor-element elementor-element-ff1369e elementor-widget elementor-widget-text-editor\" data-id=\"ff1369e\" data-element_type=\"widget\" data-e-type=\"widget\" data-widget_type=\"text-editor.default\">\n\t\t\t\t\t\t\t\t\t<p data-spm-anchor-id=\"a2ty_o01.29997173.0.i56.4901c9211d0XT3\">Lorsqu&#039;il s&#039;agit de choisir l&#039;endroit id\u00e9al o\u00f9 s\u00e9journer \u00e0 Chengdu, rien ne vaut la voix de ceux qui l&#039;ont v\u00e9cu de premi\u00e8re main. <strong>H\u00f4tel international Lyhn Chengdu Taikoo Li<\/strong>, situ\u00e9 \u00e0 <strong>Rue Tidu n\u00b01, district de Qingyang, Chengdu, Sichuan 610000<\/strong>La satisfaction des clients n&#039;est pas seulement un objectif : c&#039;est une r\u00e9alit\u00e9 constante qui se refl\u00e8te dans des exp\u00e9riences client exceptionnelles sur les principales plateformes de voyage comme <strong>Trip.com<\/strong> et <strong>TripAdvisor<\/strong>.<\/p><div class=\"my-2\">\u00a0<\/div><p data-spm-anchor-id=\"a2ty_o01.29997173.0.i55.4901c9211d0XT3\">Les voyageurs du monde entier louent le Lyhn International Hotel pour sa combinaison gagnante de <strong>emplacement privil\u00e9gi\u00e9, confort moderne, service attentionn\u00e9 et charme de boutique<\/strong>. Avec un impressionnant <strong>Note de 4,7\/5 sur Trip.com<\/strong> D&#039;apr\u00e8s des centaines d&#039;avis clients v\u00e9rifi\u00e9s, l&#039;h\u00f4tel se distingue comme l&#039;un des h\u00e9bergements les plus recommand\u00e9s du centre de Chengdu. Les clients soulignent fr\u00e9quemment son <strong>proximit\u00e9 exceptionnelle avec Taikoo Li (\u00e0 seulement 900 m\u00e8tres) et Chunxi Road (\u00e0 seulement 600 m\u00e8tres)<\/strong> \u2014 ce qui le rend id\u00e9al aussi bien pour les amateurs de shopping que pour les professionnels \u00e0 la recherche de commodit\u00e9 urbaine.<\/p><div class=\"my-2\">\u00a0<\/div><p>Sur <strong>TripAdvisor<\/strong>, o\u00f9 l&#039;h\u00f4tel maintient une solide r\u00e9putation en mati\u00e8re de propret\u00e9, de valeur et d&#039;hospitalit\u00e9, les critiques f\u00e9licitent syst\u00e9matiquement le <strong>chambres impeccablement propres, ambiance calme et vue panoramique sur la ville<\/strong> Des baies vitr\u00e9es. Un client de retour s&#039;est extasi\u00e9 : <em>\u00ab Ce petit bijou de charme offre tout ce dont vous avez besoin\u00a0: un design \u00e9l\u00e9gant, une connexion Wi-Fi rapide, des lits confortables et un havre de paix apr\u00e8s avoir explor\u00e9 la ville anim\u00e9e de Chengdu. \u00bb<\/em> Un autre a not\u00e9, <em>\u00ab Le personnel a fait tout son possible pour nous conseiller sur les endroits \u00e0 visiter et a m\u00eame organis\u00e9 un transfert a\u00e9roport de derni\u00e8re minute en toute simplicit\u00e9. \u00bb<\/em><\/p><div class=\"my-2\">\u00a0<\/div><p>Un th\u00e8me r\u00e9current dans les critiques est le <strong>service chaleureux et professionnel<\/strong> L&#039;\u00e9quipe de la r\u00e9ception est disponible 24h\/24. Le personnel multilingue est r\u00e9guli\u00e8rement salu\u00e9 pour sa r\u00e9activit\u00e9, sa connaissance des diff\u00e9rentes cultures et sa capacit\u00e9 \u00e0 vous assister pour toutes vos demandes, des r\u00e9servations de restaurant aux d\u00e9placements en transports en commun. Que vous soyez en voyage d&#039;affaires ou de loisirs, vous appr\u00e9cierez l&#039;attention personnalis\u00e9e qui vous permettra de vous sentir accueilli et pris en charge.<\/p><div class=\"my-2\">\u00a0<\/div><p>De nombreux voyageurs soulignent \u00e9galement la <strong>excellent rapport qualit\u00e9\/prix<\/strong>, surtout compte tenu de l&#039;emplacement central de l&#039;h\u00f4tel et de ses prestations 4 \u00e9toiles. Les avis sur Trip.com mentionnent souvent <strong>conception de pi\u00e8ce r\u00e9fl\u00e9chie<\/strong>, avec notamment des espaces de travail ergonomiques, une literie haut de gamme, la climatisation et l&#039;internet haut d\u00e9bit, essentiels pour les visiteurs internationaux comme pour les t\u00e9l\u00e9travailleurs. Le restaurant sur place est r\u00e9put\u00e9 pour sa cuisine raffin\u00e9e. <strong>d\u00e9licieuses sp\u00e9cialit\u00e9s du Sichuan avec une touche moderne<\/strong>, tandis que l&#039;acc\u00e8s au centre de remise en forme ajoute \u00e0 l&#039;attrait g\u00e9n\u00e9ral pour les clients soucieux de leur sant\u00e9.<\/p><div class=\"my-2\">\u00a0<\/div><p>Les visiteurs qui viennent pour la premi\u00e8re fois sont constamment surpris de voir \u00e0 quel point ils appr\u00e9cient leur s\u00e9jour, avec des commentaires tels que <em>\u00ab Mieux que pr\u00e9vu ! \u00bb<\/em> et <em>\u00ab L&#039;un des h\u00f4tels les plus confortables o\u00f9 j&#039;ai s\u00e9journ\u00e9 en Chine \u00bb<\/em> apparaissant sur de multiples plateformes. Familles, couples, voyageurs solo et voyageurs d&#039;affaires sont tous d&#039;accord\u00a0: le Lyhn International Hotel offre une <strong>exp\u00e9rience raffin\u00e9e et sans stress<\/strong> au c\u0153ur de l&#039;une des villes les plus agr\u00e9ables \u00e0 vivre de Chine.<\/p><div class=\"my-2\">\u00a0<\/div><p>Gr\u00e2ce \u00e0 sa r\u00e9putation croissante d&#039;excellence, l&#039;h\u00f4tel continue de gagner <strong>Nominations au Traveler&#039;s Choice et \u00e9tiquettes \u00ab H\u00f4tel-boutique le mieux not\u00e9 \u00bb<\/strong> sur divers sites de voyage, consolidant son statut de choix privil\u00e9gi\u00e9 parmi les voyageurs exigeants.<\/p><div class=\"my-2\">\u00a0<\/div><p data-spm-anchor-id=\"a2ty_o01.29997173.0.i57.4901c9211d0XT3\">En m\u00e9langeant <strong>accessibilit\u00e9 urbaine avec hospitalit\u00e9 intime<\/strong>Le Lyhn International Hotel Chengdu Taikoo Li a su fid\u00e9liser une client\u00e8le satisfaite qui ne se contente pas de revenir, mais recommande. D\u00e9couvrez de vraies photos de voyageurs, des avis d\u00e9taill\u00e9s et des r\u00e9cits authentiques sur <strong>Trip.com<\/strong> et <strong>TripAdvisor<\/strong> pour comprendre pourquoi tant de personnes choisissent l&#039;h\u00f4tel Lyhn International pour leurs aventures \u00e0 Chengdu.<\/p>\t\t\t\t\t\t\t\t<\/div>\n\t\t\t\t\t<\/div>\n\t\t\t\t<\/div>\n\t\t\t\t<section class=\"elementor-section elementor-top-section elementor-element elementor-element-308be846 elementor-section-stretched elementor-section-boxed elementor-section-gap-beside-yes elementor-section-height-default elementor-section-height-default elementor-section-column-vertical-align-stretch\" data-id=\"308be846\" data-element_type=\"section\" data-e-type=\"section\" data-settings=\"{&quot;background_background&quot;:&quot;classic&quot;,&quot;stretch_section&quot;:&quot;section-stretched&quot;}\">\n\t\t\t\t\t\t<div class=\"elementor-container elementor-column-gap-extended\">\n\t\t\t\t\t<div class=\"elementor-column elementor-col-100 elementor-top-column elementor-element elementor-element-16ce4064\" data-id=\"16ce4064\" data-element_type=\"column\" data-e-type=\"column\">\n\t\t\t<div class=\"elementor-widget-wrap elementor-element-populated\">\n\t\t\t\t\t\t<div class=\"elementor-element elementor-element-5616a939 elementor-widget elementor-widget-nuss-heading\" data-id=\"5616a939\" data-element_type=\"widget\" data-e-type=\"widget\" data-widget_type=\"nuss-heading.default\">\n\t\t\t\t<div class=\"elementor-widget-container\">\n\t\t\t\t\t\t\t<div class=\"nuss-modern-heading\">\r\n\t\t\t\t\t\t<div class=\"heading-secondary-wrap\">\r\n\t\t\t\t<h3 class=\"heading-secondary elementor-heading-title\">Ch\u00e8que disponible <\/h3>\t\t\t<\/div>\r\n\t\t\r\n\t\t\t\r\n\t\t\t\r\n\t\t\t\t\t<\/div>\r\n\t\t\t\t\t<\/div>\n\t\t\t\t<\/div>\n\t\t\t\t<div class=\"elementor-element elementor-element-1ad463f1 elementor-widget elementor-widget-text-editor\" data-id=\"1ad463f1\" data-element_type=\"widget\" data-e-type=\"widget\" data-widget_type=\"text-editor.default\">\n\t\t\t\t\t\t\t\t\t<iframe border=\"0\" src=\"https:\/\/www.trip.com\/partners\/ad\/S5321409?Allianceid=4590391&#038;SID=258456612&#038;trip_sub1=\" style=\"width:1200px;height:200px\" frameborder=\"0\" scrolling=\"no\" id=\"S5321409\"><\/iframe>\t\t\t\t\t\t\t\t<\/div>\n\t\t\t\t\t<\/div>\n\t\t<\/div>\n\t\t\t\t\t<\/div>\n\t\t<\/section>\n\t\t\t\t<\/div>","protected":false},"excerpt":{"rendered":"<p>Exceptional Guest Experiences &amp; Rave Reviews: What Travelers Are Saying About Lyhn International Hotel Chengdu Taikoo Li When it comes to choosing the perfect place to stay in Chengdu, nothing speaks louder than the voices of those who\u2019ve experienced it firsthand. At Lyhn International Hotel Chengdu Taikoo Li, located at No.1 Tidu Street, Qingyang District, [&hellip;]<\/p>\n","protected":false},"author":1,"featured_media":0,"parent":0,"menu_order":0,"comment_status":"closed","ping_status":"closed","template":"","meta":{"footnotes":""},"class_list":["post-2106","page","type-page","status-publish","hentry","post-no-thumbnail"],"_links":{"self":[{"href":"https:\/\/lyhninternationalhotelchengdu.com\/fr\/wp-json\/wp\/v2\/pages\/2106","targetHints":{"allow":["GET"]}}],"collection":[{"href":"https:\/\/lyhninternationalhotelchengdu.com\/fr\/wp-json\/wp\/v2\/pages"}],"about":[{"href":"https:\/\/lyhninternationalhotelchengdu.com\/fr\/wp-json\/wp\/v2\/types\/page"}],"author":[{"embeddable":true,"href":"https:\/\/lyhninternationalhotelchengdu.com\/fr\/wp-json\/wp\/v2\/users\/1"}],"replies":[{"embeddable":true,"href":"https:\/\/lyhninternationalhotelchengdu.com\/fr\/wp-json\/wp\/v2\/comments?post=2106"}],"version-history":[{"count":0,"href":"https:\/\/lyhninternationalhotelchengdu.com\/fr\/wp-json\/wp\/v2\/pages\/2106\/revisions"}],"wp:attachment":[{"href":"https:\/\/lyhninternationalhotelchengdu.com\/fr\/wp-json\/wp\/v2\/media?parent=2106"}],"curies":[{"name":"wp","href":"https:\/\/api.w.org\/{rel}","templated":true}]}}