{"id":2104,"date":"2021-03-23T09:33:48","date_gmt":"2021-03-23T09:33:48","guid":{"rendered":"http:\/\/localhost\/nuss\/?page_id=167"},"modified":"2025-09-11T08:50:04","modified_gmt":"2025-09-11T08:50:04","slug":"notre-histoire","status":"publish","type":"page","link":"https:\/\/lyhninternationalhotelchengdu.com\/fr\/notre-histoire\/","title":{"rendered":"Notre histoire"},"content":{"rendered":"<div data-elementor-type=\"wp-page\" data-elementor-id=\"2104\" class=\"elementor elementor-2104\">\n\t\t\t\t\t\t<section class=\"elementor-section elementor-top-section elementor-element elementor-element-8f5bb9d elementor-section-boxed elementor-section-gap-beside-yes elementor-section-height-default elementor-section-height-default elementor-section-column-vertical-align-stretch\" data-id=\"8f5bb9d\" data-element_type=\"section\" data-e-type=\"section\">\n\t\t\t\t\t\t<div class=\"elementor-container elementor-column-gap-extended\">\n\t\t\t\t\t<div class=\"elementor-column elementor-col-100 elementor-top-column elementor-element elementor-element-7ec4215\" data-id=\"7ec4215\" data-element_type=\"column\" data-e-type=\"column\">\n\t\t\t<div class=\"elementor-widget-wrap elementor-element-populated\">\n\t\t\t\t\t\t<div class=\"elementor-element elementor-element-edd9d03 elementor-widget__width-initial elementor-invisible elementor-widget elementor-widget-text-editor\" data-id=\"edd9d03\" data-element_type=\"widget\" data-e-type=\"widget\" data-settings=\"{&quot;_animation&quot;:&quot;nussFadeInUp&quot;}\" data-widget_type=\"text-editor.default\">\n\t\t\t\t\t\t\t\t\t<p><strong data-spm-anchor-id=\"a2ty_o01.29997173.0.i71.4901c9211d0XT3\">La vision derri\u00e8re le Lyhn International Hotel Chengdu Taikoo Li<\/strong><\/p>\t\t\t\t\t\t\t\t<\/div>\n\t\t\t\t\t<\/div>\n\t\t<\/div>\n\t\t\t\t\t<\/div>\n\t\t<\/section>\n\t\t<div class=\"elementor-element elementor-element-e451916 e-flex e-con-boxed e-con e-parent\" data-id=\"e451916\" data-element_type=\"container\" data-e-type=\"container\">\n\t\t\t\t\t<div class=\"e-con-inner\">\n\t\t\t\t<div class=\"elementor-element elementor-element-bb01f99 elementor-widget elementor-widget-image\" data-id=\"bb01f99\" data-element_type=\"widget\" data-e-type=\"widget\" data-widget_type=\"image.default\">\n\t\t\t\t\t\t\t\t\t\t\t\t\t\t\t<img fetchpriority=\"high\" decoding=\"async\" width=\"1024\" height=\"1024\" src=\"https:\/\/lyhninternationalhotelchengdu.com\/wp-content\/uploads\/2025\/09\/home-1024x1024.jpeg\" class=\"attachment-large size-large wp-image-5550\" alt=\"\" srcset=\"https:\/\/lyhninternationalhotelchengdu.com\/wp-content\/uploads\/2025\/09\/home-1024x1024.jpeg 1024w, https:\/\/lyhninternationalhotelchengdu.com\/wp-content\/uploads\/2025\/09\/home-300x300.jpeg 300w, https:\/\/lyhninternationalhotelchengdu.com\/wp-content\/uploads\/2025\/09\/home-150x150.jpeg 150w, https:\/\/lyhninternationalhotelchengdu.com\/wp-content\/uploads\/2025\/09\/home-768x768.jpeg 768w, https:\/\/lyhninternationalhotelchengdu.com\/wp-content\/uploads\/2025\/09\/home-12x12.jpeg 12w, https:\/\/lyhninternationalhotelchengdu.com\/wp-content\/uploads\/2025\/09\/home.jpeg 1066w\" sizes=\"(max-width: 1024px) 100vw, 1024px\" \/>\t\t\t\t\t\t\t\t\t\t\t\t\t\t\t<\/div>\n\t\t\t\t\t<\/div>\n\t\t\t\t<\/div>\n\t\t<div class=\"elementor-element elementor-element-ef78cb5 e-flex e-con-boxed e-con e-parent\" data-id=\"ef78cb5\" data-element_type=\"container\" data-e-type=\"container\">\n\t\t\t\t\t<div class=\"e-con-inner\">\n\t\t\t\t<div class=\"elementor-element elementor-element-5523dfc elementor-widget elementor-widget-text-editor\" data-id=\"5523dfc\" data-element_type=\"widget\" data-e-type=\"widget\" data-widget_type=\"text-editor.default\">\n\t\t\t\t\t\t\t\t\t<p data-spm-anchor-id=\"a2ty_o01.29997173.0.i72.4901c9211d0XT3\">Au c\u0153ur de l&#039;une des villes les plus dynamiques et culturellement riches de Chine, un nouveau chapitre de l&#039;hospitalit\u00e9 s&#039;est \u00e9crit avec l&#039;ouverture de <strong>H\u00f4tel international Lyhn Chengdu Taikoo Li<\/strong>. Situ\u00e9 \u00e0 <strong>Rue Tidu n\u00b01, district de Qingyang, Chengdu, Sichuan 610000<\/strong>, notre h\u00f4tel est plus qu\u2019un simple lieu de repos \u2014 c\u2019est l\u2019aboutissement d\u2019une vision audacieuse visant \u00e0 m\u00e9langer l\u2019\u00e9l\u00e9gance moderne, un service intelligent et un esprit local authentique dans une retraite urbaine v\u00e9ritablement distinctive.<\/p><p>N\u00e9 d&#039;une passion pour un design r\u00e9fl\u00e9chi et une innovation centr\u00e9e sur le client, le Lyhn International Hotel a \u00e9merg\u00e9 en <strong>2014<\/strong> Une destination avant-gardiste pour les voyageurs en qu\u00eate de confort et de caract\u00e8re. Situ\u00e9 \u00e0 deux pas du c\u00e9l\u00e8bre <strong>Taikoo Li<\/strong> quartier commer\u00e7ant et de style de vie et \u00e0 proximit\u00e9 de <strong>Route de Chunxi<\/strong>, Art\u00e8re commerciale anim\u00e9e de Chengdu, nous avons \u00e9t\u00e9 fond\u00e9s sur la conviction que l&#039;emplacement ne doit jamais se faire au d\u00e9triment de la tranquillit\u00e9 ou de la qualit\u00e9.<\/p><p>D\u00e8s le d\u00e9but, notre mission a \u00e9t\u00e9 claire\u00a0: cr\u00e9er un espace o\u00f9 l&#039;\u00e9nergie du centre-ville de Chengdu rencontre la s\u00e9r\u00e9nit\u00e9 d&#039;un sanctuaire personnel. <strong>218 chambres et suites soigneusement con\u00e7ues<\/strong>Con\u00e7ues pour allier esth\u00e9tique minimaliste et luxe fonctionnel, nos chambres ont pour objectif de red\u00e9finir l&#039;exp\u00e9rience d&#039;un h\u00f4tel-boutique 4 \u00e9toiles. De grandes baies vitr\u00e9es offrent une vue panoramique sur la ville, tandis que des \u00e9quipements haut de gamme \u2013 du Wi-Fi haut d\u00e9bit \u00e0 la climatisation intelligente, en passant par des baignoires profondes et des produits de toilette de luxe \u2013 garantissent un s\u00e9jour agr\u00e9able et sans effort.<\/p><p>Mais notre histoire ne se r\u00e9sume pas seulement \u00e0 l&#039;architecture ou \u00e0 la d\u00e9coration int\u00e9rieure\u00a0: elle est aussi celle des gens. Inspir\u00e9s par la chaleur l\u00e9gendaire et le charme paisible de Chengdu, nous avons b\u00e2ti une culture de l&#039;hospitalit\u00e9 o\u00f9 le souci du d\u00e9tail est primordial. Notre personnel multilingue, parlant couramment\u2026 <strong>Mandarin et anglais<\/strong>, sont form\u00e9s non seulement pour r\u00e9pondre aux attentes, mais aussi pour les anticiper. Qu&#039;il s&#039;agisse d&#039;organiser des r\u00e9servations de derni\u00e8re minute pour le d\u00eener, de guider les clients vers des restaurants locaux cach\u00e9s ou de livrer rapidement des oreillers suppl\u00e9mentaires gr\u00e2ce \u00e0 notre service signature. <strong>robots de service en forme de panda<\/strong>, nous croyons que le v\u00e9ritable luxe r\u00e9side dans des soins personnalis\u00e9s et sans faille.<\/p><p>L&#039;innovation a toujours fait partie de notre ADN. \u00c9tant l&#039;un des premiers h\u00f4tels de la r\u00e9gion \u00e0 introduire <strong>service de chambre assist\u00e9 par robot<\/strong>, des bornes d&#039;enregistrement automatique et un acc\u00e8s intelligent 24 heures sur 24, nous avons adopt\u00e9 la technologie non pas pour sa nouveaut\u00e9, mais pour sa capacit\u00e9 \u00e0 am\u00e9liorer les connexions humaines, lib\u00e9rant ainsi du temps \u00e0 notre \u00e9quipe pour se concentrer sur des interactions significatives.<\/p><p>Au fil des ans, le Lyhn International Hotel est devenu un choix privil\u00e9gi\u00e9 pour les voyageurs exigeants, des professionnels internationaux participant \u00e0 des r\u00e9unions dans les p\u00f4les technologiques de Chengdu aux familles explorant les temples anciens, les pandas et les d\u00e9lices culinaires \u00e9pic\u00e9s de la ville. Notre restaurant sur place <strong>Rong Ting Shi Fu (\u84c9\u5ead\u98df\u5e9c)<\/strong>, c\u00e9l\u00e8bre les saveurs audacieuses de la cuisine du Sichuan tout en proposant des plats r\u00e9confortants du monde entier, faisant de chaque repas une extension de l&#039;exp\u00e9rience locale. Des services comme le <strong>Centre de fitness ouvert 24h\/24<\/strong>, <strong>parking gratuit<\/strong>, <strong>blanchisserie<\/strong>, et <strong>salles d&#039;affaires multifonctionnelles<\/strong> r\u00e9pondre aux besoins pratiques de la vie moderne en mouvement.<\/p><p>Ce qui a commenc\u00e9 comme une seule propri\u00e9t\u00e9 dans le centre de Chengdu est devenu un symbole de vie urbaine raffin\u00e9e, salu\u00e9 par plus de <strong>9 300 invit\u00e9s v\u00e9rifi\u00e9s<\/strong> sur Trip.com pour son <strong>propret\u00e9 exceptionnelle (9,6\/10), service exceptionnel (9,6\/10) et emplacement imbattable (9,5\/10)<\/strong>Les voyageurs soulignent syst\u00e9matiquement non seulement le confort de leur s\u00e9jour, mais aussi la joie d\u2019\u00eatre accueillis comme des amis rentrant chez eux.<\/p><p>Aujourd\u2019hui, alors que nous continuons d\u2019\u00e9voluer, nos valeurs fondamentales restent inchang\u00e9es : <strong>int\u00e9grit\u00e9, innovation, empathie et excellence<\/strong>Nous sommes fiers d&#039;\u00eatre plus qu&#039;un simple h\u00f4tel : nous sommes une porte d&#039;entr\u00e9e vers Chengdu, un havre de paix au milieu du rythme de la ville et un lieu o\u00f9 les histoires commencent, se r\u00e9unissent et se d\u00e9roulent.<\/p><p data-spm-anchor-id=\"a2ty_o01.29997173.0.i73.4901c9211d0XT3\">C&#039;est <strong>notre histoire<\/strong> \u2014 et maintenant, c&#039;est \u00e0 vous de le d\u00e9couvrir.<\/p>\t\t\t\t\t\t\t\t<\/div>\n\t\t\t\t\t<\/div>\n\t\t\t\t<\/div>\n\t\t\t\t<section class=\"elementor-section elementor-top-section elementor-element elementor-element-25b907af elementor-section-stretched elementor-section-boxed elementor-section-gap-beside-yes elementor-section-height-default elementor-section-height-default elementor-section-column-vertical-align-stretch\" data-id=\"25b907af\" data-element_type=\"section\" data-e-type=\"section\" data-settings=\"{&quot;background_background&quot;:&quot;classic&quot;,&quot;stretch_section&quot;:&quot;section-stretched&quot;}\">\n\t\t\t\t\t\t<div class=\"elementor-container elementor-column-gap-extended\">\n\t\t\t\t\t<div class=\"elementor-column elementor-col-100 elementor-top-column elementor-element elementor-element-33f22b95\" data-id=\"33f22b95\" data-element_type=\"column\" data-e-type=\"column\">\n\t\t\t<div class=\"elementor-widget-wrap elementor-element-populated\">\n\t\t\t\t\t\t<div class=\"elementor-element elementor-element-274bf8f5 elementor-widget elementor-widget-nuss-heading\" data-id=\"274bf8f5\" data-element_type=\"widget\" data-e-type=\"widget\" data-widget_type=\"nuss-heading.default\">\n\t\t\t\t<div class=\"elementor-widget-container\">\n\t\t\t\t\t\t\t<div class=\"nuss-modern-heading\">\r\n\t\t\t\t\t\t<div class=\"heading-secondary-wrap\">\r\n\t\t\t\t<h3 class=\"heading-secondary elementor-heading-title\">Ch\u00e8que disponible <\/h3>\t\t\t<\/div>\r\n\t\t\r\n\t\t\t\r\n\t\t\t\r\n\t\t\t\t\t<\/div>\r\n\t\t\t\t\t<\/div>\n\t\t\t\t<\/div>\n\t\t\t\t<div class=\"elementor-element elementor-element-90b4fd1 elementor-widget elementor-widget-text-editor\" data-id=\"90b4fd1\" data-element_type=\"widget\" data-e-type=\"widget\" data-widget_type=\"text-editor.default\">\n\t\t\t\t\t\t\t\t\t<iframe border=\"0\" src=\"https:\/\/www.trip.com\/partners\/ad\/S5321409?Allianceid=4590391&#038;SID=258456612&#038;trip_sub1=\" style=\"width:1200px;height:200px\" frameborder=\"0\" scrolling=\"no\" id=\"S5321409\"><\/iframe>\t\t\t\t\t\t\t\t<\/div>\n\t\t\t\t\t<\/div>\n\t\t<\/div>\n\t\t\t\t\t<\/div>\n\t\t<\/section>\n\t\t\t\t<\/div>","protected":false},"excerpt":{"rendered":"<p>The Vision Behind Lyhn International Hotel Chengdu Taikoo Li At the heart of one of China\u2019s most vibrant and culturally rich cities, a new chapter in hospitality was written with the opening of Lyhn International Hotel Chengdu Taikoo Li. Located at No.1 Tidu Street, Qingyang District, Chengdu, Sichuan 610000, our hotel is more than just [&hellip;]<\/p>\n","protected":false},"author":1,"featured_media":0,"parent":0,"menu_order":0,"comment_status":"closed","ping_status":"closed","template":"","meta":{"footnotes":""},"class_list":["post-2104","page","type-page","status-publish","hentry","post-no-thumbnail"],"_links":{"self":[{"href":"https:\/\/lyhninternationalhotelchengdu.com\/fr\/wp-json\/wp\/v2\/pages\/2104","targetHints":{"allow":["GET"]}}],"collection":[{"href":"https:\/\/lyhninternationalhotelchengdu.com\/fr\/wp-json\/wp\/v2\/pages"}],"about":[{"href":"https:\/\/lyhninternationalhotelchengdu.com\/fr\/wp-json\/wp\/v2\/types\/page"}],"author":[{"embeddable":true,"href":"https:\/\/lyhninternationalhotelchengdu.com\/fr\/wp-json\/wp\/v2\/users\/1"}],"replies":[{"embeddable":true,"href":"https:\/\/lyhninternationalhotelchengdu.com\/fr\/wp-json\/wp\/v2\/comments?post=2104"}],"version-history":[{"count":0,"href":"https:\/\/lyhninternationalhotelchengdu.com\/fr\/wp-json\/wp\/v2\/pages\/2104\/revisions"}],"wp:attachment":[{"href":"https:\/\/lyhninternationalhotelchengdu.com\/fr\/wp-json\/wp\/v2\/media?parent=2104"}],"curies":[{"name":"wp","href":"https:\/\/api.w.org\/{rel}","templated":true}]}}