{"id":612,"date":"2021-03-26T10:04:13","date_gmt":"2021-03-26T10:04:13","guid":{"rendered":"http:\/\/localhost\/nuss\/?page_id=612"},"modified":"2025-09-11T09:03:42","modified_gmt":"2025-09-11T09:03:42","slug":"restaurante","status":"publish","type":"page","link":"https:\/\/lyhninternationalhotelchengdu.com\/es\/restaurante\/","title":{"rendered":"Restaurante"},"content":{"rendered":"<div data-elementor-type=\"wp-page\" data-elementor-id=\"612\" class=\"elementor elementor-612\">\n\t\t\t\t\t\t<section class=\"elementor-section elementor-top-section elementor-element elementor-element-e2effe8 elementor-section-boxed elementor-section-gap-beside-yes elementor-section-height-default elementor-section-height-default elementor-section-column-vertical-align-stretch\" data-id=\"e2effe8\" data-element_type=\"section\" data-e-type=\"section\">\n\t\t\t\t\t\t<div class=\"elementor-container elementor-column-gap-extended\">\n\t\t\t\t\t<div class=\"elementor-column elementor-col-100 elementor-top-column elementor-element elementor-element-e18f688\" data-id=\"e18f688\" data-element_type=\"column\" data-e-type=\"column\">\n\t\t\t<div class=\"elementor-widget-wrap elementor-element-populated\">\n\t\t\t\t\t\t<div class=\"elementor-element elementor-element-6db146d elementor-widget__width-initial elementor-invisible elementor-widget elementor-widget-text-editor\" data-id=\"6db146d\" data-element_type=\"widget\" data-e-type=\"widget\" data-settings=\"{&quot;_animation&quot;:&quot;nussFadeInUp&quot;}\" data-widget_type=\"text-editor.default\">\n\t\t\t\t\t\t\t\t\t<p><strong data-spm-anchor-id=\"a2ty_o01.29997173.0.i77.4901c9211d0XT3\">Saborea el alma de Sichuan: descubre Rong Ting Shi Fu, el coraz\u00f3n culinario del Lyhn International Hotel Chengdu Taikoo Li<\/strong><\/p>\t\t\t\t\t\t\t\t<\/div>\n\t\t\t\t\t<\/div>\n\t\t<\/div>\n\t\t\t\t\t<\/div>\n\t\t<\/section>\n\t\t<div class=\"elementor-element elementor-element-f73e441 e-flex e-con-boxed e-con e-parent\" data-id=\"f73e441\" data-element_type=\"container\" data-e-type=\"container\">\n\t\t\t\t\t<div class=\"e-con-inner\">\n\t\t\t\t<div class=\"elementor-element elementor-element-f1d94b1 elementor-widget elementor-widget-nuss-image-gallery\" data-id=\"f1d94b1\" data-element_type=\"widget\" data-e-type=\"widget\" data-widget_type=\"nuss-image-gallery.default\">\n\t\t\t\t<div class=\"elementor-widget-container\">\n\t\t\t\t\t\t\t<div class=\"nuss-grid-wrapper\" data-grid=\"{&quot;type&quot;:&quot;grid&quot;,&quot;ratio&quot;:null,&quot;columns&quot;:3,&quot;gutter&quot;:30}\">\r\n\t\t\t<div class=\"nuss-grid lazy-grid\">\r\n\t\t\t\t<div class=\"grid-sizer\"><\/div>\r\n\r\n\t\t\t\t\t\t\t\t\t\t\t\t<div class=\"grid-item\">\r\n\t\t\t\t\t\t<div class=\"nuss-box\">\t\t<div class=\"nuss-image image\">\r\n\t\t\t<img decoding=\"async\"  src=\"https:\/\/lyhninternationalhotelchengdu.com\/wp-content\/uploads\/2025\/09\/Lyhn-International-Hotel-Chengdu-Taikoo-Li-52.webp\" alt=\"Hotel Internacional Lyhn Chengdu Taikoo Li (52)\" \/>\t\t<\/div>\r\n\t\t\t\t<\/div>\t\t\t\t\t<\/div>\r\n\t\t\t\t\t\t<div class=\"grid-item\">\r\n\t\t\t\t\t\t<div class=\"nuss-box\">\t\t<div class=\"nuss-image image\">\r\n\t\t\t<img decoding=\"async\"  src=\"https:\/\/lyhninternationalhotelchengdu.com\/wp-content\/uploads\/2025\/09\/Lyhn-International-Hotel-Chengdu-Taikoo-Li-49.webp\" alt=\"Hotel Internacional Lyhn Chengdu Taikoo Li (49)\" \/>\t\t<\/div>\r\n\t\t\t\t<\/div>\t\t\t\t\t<\/div>\r\n\t\t\t\t\t\t<div class=\"grid-item\">\r\n\t\t\t\t\t\t<div class=\"nuss-box\">\t\t<div class=\"nuss-image image\">\r\n\t\t\t<img decoding=\"async\"  src=\"https:\/\/lyhninternationalhotelchengdu.com\/wp-content\/uploads\/2025\/09\/Lyhn-International-Hotel-Chengdu-Taikoo-Li-48.webp\" alt=\"Hotel Internacional Lyhn Chengdu Taikoo Li (48)\" \/>\t\t<\/div>\r\n\t\t\t\t<\/div>\t\t\t\t\t<\/div>\r\n\t\t\t\t\t\t<div class=\"grid-item\">\r\n\t\t\t\t\t\t<div class=\"nuss-box\">\t\t<div class=\"nuss-image image\">\r\n\t\t\t<img decoding=\"async\"  src=\"https:\/\/lyhninternationalhotelchengdu.com\/wp-content\/uploads\/2025\/09\/Lyhn-International-Hotel-Chengdu-Taikoo-Li-47.webp\" alt=\"Hotel Internacional Lyhn Chengdu Taikoo Li (47)\" \/>\t\t<\/div>\r\n\t\t\t\t<\/div>\t\t\t\t\t<\/div>\r\n\t\t\t\t\t\t<div class=\"grid-item\">\r\n\t\t\t\t\t\t<div class=\"nuss-box\">\t\t<div class=\"nuss-image image\">\r\n\t\t\t<img decoding=\"async\"  src=\"https:\/\/lyhninternationalhotelchengdu.com\/wp-content\/uploads\/2025\/09\/Lyhn-International-Hotel-Chengdu-Taikoo-Li-45.webp\" alt=\"Hotel Internacional Lyhn Chengdu Taikoo Li (45)\" \/>\t\t<\/div>\r\n\t\t\t\t<\/div>\t\t\t\t\t<\/div>\r\n\t\t\t\t\t\t<div class=\"grid-item\">\r\n\t\t\t\t\t\t<div class=\"nuss-box\">\t\t<div class=\"nuss-image image\">\r\n\t\t\t<img decoding=\"async\"  src=\"https:\/\/lyhninternationalhotelchengdu.com\/wp-content\/uploads\/2025\/09\/Lyhn-International-Hotel-Chengdu-Taikoo-Li-56.webp\" alt=\"Hotel Internacional Lyhn Chengdu Taikoo Li (56)\" \/>\t\t<\/div>\r\n\t\t\t\t<\/div>\t\t\t\t\t<\/div>\r\n\t\t\t\t\t\t\t\r\n\t\t\t<\/div>\r\n\t\t<\/div>\r\n\t\t\t\t\t\t<\/div>\n\t\t\t\t<\/div>\n\t\t\t\t\t<\/div>\n\t\t\t\t<\/div>\n\t\t<div class=\"elementor-element elementor-element-3a92925 e-flex e-con-boxed e-con e-parent\" data-id=\"3a92925\" data-element_type=\"container\" data-e-type=\"container\">\n\t\t\t\t\t<div class=\"e-con-inner\">\n\t\t\t\t<div class=\"elementor-element elementor-element-0616968 elementor-widget elementor-widget-text-editor\" data-id=\"0616968\" data-element_type=\"widget\" data-e-type=\"widget\" data-widget_type=\"text-editor.default\">\n\t\t\t\t\t\t\t\t\t<p data-spm-anchor-id=\"a2ty_o01.29997173.0.i78.4901c9211d0XT3\">Ubicado en el vibrante epicentro cultural y comercial de Chengdu, <strong>Hotel Internacional Lyhn Chengdu Taikoo Li<\/strong> ofrece m\u00e1s que una estad\u00eda de lujo: ofrece un viaje gastron\u00f3mico inolvidable en su exclusivo restaurante en el lugar, <strong>Rong Ting Shi Fu (\u84c9\u5ead\u98df\u5e9c)<\/strong>. Ubicado en <strong>Calle Tidu n\u00famero 1, distrito de Qingyang<\/strong>Este destino gastron\u00f3mico cuidadosamente seleccionado invita a los hu\u00e9spedes y a los amantes de la comida local a experimentar los sabores audaces, arom\u00e1ticos y profundamente satisfactorios de la aut\u00e9ntica cocina de Sichuan, elevados con elegancia moderna y un servicio impecable.<\/p><div class=\"my-2\">\u00a0<\/div><p>Abierto todos los d\u00edas desde <strong>07:00 a 22:00<\/strong>Rong Ting Shi Fu no es solo un restaurante de hotel: es una celebraci\u00f3n del rico patrimonio culinario de Chengdu. Ya sea que comience el d\u00eda con un desayuno revitalizante, se relaje con un t\u00e9 de la tarde o se deleite con una cena intensa despu\u00e9s de explorar Taikoo Li, nuestro restaurante ofrece una combinaci\u00f3n perfecta de tradici\u00f3n e innovaci\u00f3n en cada comida. <strong>Opciones a la carta y buffet.<\/strong> Disponibles, los comensales pueden elegir su estilo preferido de comida mientras disfrutan constantemente de altos est\u00e1ndares de frescura, sabor y presentaci\u00f3n.<\/p><div class=\"my-2\">\u00a0<\/div><p>El desayuno en Rong Ting Shi Fu es un punto culminante para los viajeros que buscan energ\u00eda y comodidad. Los hu\u00e9spedes disfrutan de un <strong>desayuno variado<\/strong> Ofrece selecciones tanto occidentales como chinas: desde huevos esponjosos, tocino crujiente y pasteles horneados hasta humeantes tazones de congee, dumplings salados, bollos frescos y especialidades regionales como fideos Dan Dan y encurtidos picantes de Sichuan. Esta armoniosa fusi\u00f3n refleja el esp\u00edritu cosmopolita de Chengdu, dando la bienvenida a visitantes internacionales sin perder la esencia del sabor local.<\/p><div class=\"my-2\">\u00a0<\/div><p>Para el almuerzo y la cena, el men\u00fa realmente cobra vida con la esencia de la cocina de Sichuan. Piense <strong>Mapo Tofu deliciosamente adormecedor<\/strong>, expertamente equilibrado con chile y granos de pimienta de Sichuan; tierno <strong>Pollo Kung Pao<\/strong> con el nivel justo de picante; y cocinado a fuego lento <strong>panceta de cerdo en salsa roja<\/strong> Que se deshace en la boca. Nuestros chefs utilizan ingredientes de temporada de mercados locales para garantizar la autenticidad y la calidad, creando platos que honran las recetas tradicionales y atraen a los paladares contempor\u00e1neos.<\/p><div class=\"my-2\">\u00a0<\/div><p>Una de las experiencias destacadas en Rong Ting Shi Fu es la <strong>servicio de t\u00e9 de la tarde<\/strong>Elogiado por los hu\u00e9spedes por su ambiente relajante y su cuidada oferta. Disfrute de t\u00e9s chinos de primera calidad acompa\u00f1ados de delicados dim sum, pasteles dulces y aperitivos ligeros: una pausa perfecta entre las visitas tur\u00edsticas y la exploraci\u00f3n nocturna. Como coment\u00f3 un usuario de TripAdvisor: <em>\u201cMe dieron cupones gratis para el t\u00e9 de la tarde\u2026 un paquete est\u00e1ndar donde puedes comer bocadillos, tomar t\u00e9 y relajarte\u201d.<\/em> \u2014 un testimonio de la c\u00e1lida hospitalidad presente en cada aspecto de la experiencia gastron\u00f3mica.<\/p><div class=\"my-2\">\u00a0<\/div><p>El restaurante tambi\u00e9n atiende diversas preferencias diet\u00e9ticas, ofreciendo opciones vegetarianas y atendiendo peticiones especiales siempre que sea posible. Para los viajeros de negocios, el elegante entorno hace que Rong Ting Shi Fu sea ideal para reuniones informales o cenas con clientes, mientras que las familias aprecian el ambiente acogedor para ni\u00f1os, incluyendo <strong>cepillos de dientes y pantuflas para ni\u00f1os<\/strong> Proporcionado a pedido.<\/p><div class=\"my-2\">\u00a0<\/div><p>M\u00e1s all\u00e1 de la comida, lo que distingue a Rong Ting Shi Fu es su <strong>compromiso con la innovaci\u00f3n y el deleite del hu\u00e9sped<\/strong>Comer aqu\u00ed no se trata solo de comer, sino de conectar con un ecosistema hotelero moderno e inteligente. La comida y los servicios pueden incluso entregarse directamente a su habitaci\u00f3n a trav\u00e9s de nuestro apreciado... <strong>robots de servicio con forma de panda<\/strong>, a\u00f1adiendo un toque de diversi\u00f3n y estilo futurista a su estancia.<\/p><div class=\"my-2\">\u00a0<\/div><p>Convenientemente situado justo <strong>A 640 metros de la estaci\u00f3n de metro Taisheng South Road<\/strong> y a pasos de <strong>Calle Chunxi y Taikoo Li<\/strong>Rong Ting Shi Fu se ha convertido en una opci\u00f3n favorita no solo para los hu\u00e9spedes del hotel, sino tambi\u00e9n para los lugare\u00f1os y turistas m\u00e1s exigentes deseosos de probar los aut\u00e9nticos sabores de Sichuan en un entorno refinado.<\/p><div class=\"my-2\">\u00a0<\/div><p data-spm-anchor-id=\"a2ty_o01.29997173.0.i79.4901c9211d0XT3\">Ya sea que est\u00e9s deseando probar las legendarias especias de Chengdu o buscando una escapada gastron\u00f3mica urbana sofisticada, <strong>Rong Ting Shi Fu en el Hotel Internacional Lyhn<\/strong> Promete un fest\u00edn para los sentidos. Ven por la comida, qu\u00e9date por el ambiente y regresa con recuerdos impregnados de la calidez, el sabor y el alma de una de las ciudades culinarias m\u00e1s importantes de China.<\/p>\t\t\t\t\t\t\t\t<\/div>\n\t\t\t\t\t<\/div>\n\t\t\t\t<\/div>\n\t\t\t\t<section class=\"elementor-section elementor-top-section elementor-element elementor-element-48d75367 elementor-section-stretched elementor-section-boxed elementor-section-gap-beside-yes elementor-section-height-default elementor-section-height-default elementor-section-column-vertical-align-stretch\" data-id=\"48d75367\" data-element_type=\"section\" data-e-type=\"section\" data-settings=\"{&quot;background_background&quot;:&quot;classic&quot;,&quot;stretch_section&quot;:&quot;section-stretched&quot;}\">\n\t\t\t\t\t\t<div class=\"elementor-container elementor-column-gap-extended\">\n\t\t\t\t\t<div class=\"elementor-column elementor-col-100 elementor-top-column elementor-element elementor-element-4fb0afc8\" data-id=\"4fb0afc8\" data-element_type=\"column\" data-e-type=\"column\">\n\t\t\t<div class=\"elementor-widget-wrap elementor-element-populated\">\n\t\t\t\t\t\t<div class=\"elementor-element elementor-element-776e4b08 elementor-widget elementor-widget-nuss-heading\" data-id=\"776e4b08\" data-element_type=\"widget\" data-e-type=\"widget\" data-widget_type=\"nuss-heading.default\">\n\t\t\t\t<div class=\"elementor-widget-container\">\n\t\t\t\t\t\t\t<div class=\"nuss-modern-heading\">\r\n\t\t\t\t\t\t<div class=\"heading-secondary-wrap\">\r\n\t\t\t\t<h3 class=\"heading-secondary elementor-heading-title\">Consultar disponibilidad <\/h3>\t\t\t<\/div>\r\n\t\t\r\n\t\t\t\r\n\t\t\t\r\n\t\t\t\t\t<\/div>\r\n\t\t\t\t\t<\/div>\n\t\t\t\t<\/div>\n\t\t\t\t<div class=\"elementor-element elementor-element-629347a6 elementor-widget elementor-widget-text-editor\" data-id=\"629347a6\" data-element_type=\"widget\" data-e-type=\"widget\" data-widget_type=\"text-editor.default\">\n\t\t\t\t\t\t\t\t\t<iframe border=\"0\" src=\"https:\/\/www.trip.com\/partners\/ad\/S5321409?Allianceid=4590391&#038;SID=258456612&#038;trip_sub1=\" style=\"width:1200px;height:200px\" frameborder=\"0\" scrolling=\"no\" id=\"S5321409\"><\/iframe>\t\t\t\t\t\t\t\t<\/div>\n\t\t\t\t\t<\/div>\n\t\t<\/div>\n\t\t\t\t\t<\/div>\n\t\t<\/section>\n\t\t\t\t<\/div>","protected":false},"excerpt":{"rendered":"<p>Savor the Soul of Sichuan: Discover Rong Ting Shi Fu \u2013 The Culinary Heart of Lyhn International Hotel Chengdu Taikoo Li Nestled in the vibrant cultural and commercial epicenter of Chengdu, Lyhn International Hotel Chengdu Taikoo Li offers more than just a luxurious stay \u2014 it delivers an unforgettable gastronomic journey at its signature on-site [&hellip;]<\/p>\n","protected":false},"author":1,"featured_media":0,"parent":0,"menu_order":0,"comment_status":"closed","ping_status":"closed","template":"","meta":{"footnotes":""},"class_list":["post-612","page","type-page","status-publish","hentry","post-no-thumbnail"],"_links":{"self":[{"href":"https:\/\/lyhninternationalhotelchengdu.com\/es\/wp-json\/wp\/v2\/pages\/612","targetHints":{"allow":["GET"]}}],"collection":[{"href":"https:\/\/lyhninternationalhotelchengdu.com\/es\/wp-json\/wp\/v2\/pages"}],"about":[{"href":"https:\/\/lyhninternationalhotelchengdu.com\/es\/wp-json\/wp\/v2\/types\/page"}],"author":[{"embeddable":true,"href":"https:\/\/lyhninternationalhotelchengdu.com\/es\/wp-json\/wp\/v2\/users\/1"}],"replies":[{"embeddable":true,"href":"https:\/\/lyhninternationalhotelchengdu.com\/es\/wp-json\/wp\/v2\/comments?post=612"}],"version-history":[{"count":0,"href":"https:\/\/lyhninternationalhotelchengdu.com\/es\/wp-json\/wp\/v2\/pages\/612\/revisions"}],"wp:attachment":[{"href":"https:\/\/lyhninternationalhotelchengdu.com\/es\/wp-json\/wp\/v2\/media?parent=612"}],"curies":[{"name":"wp","href":"https:\/\/api.w.org\/{rel}","templated":true}]}}