{"id":2109,"date":"2021-03-26T08:35:58","date_gmt":"2021-03-26T08:35:58","guid":{"rendered":"http:\/\/localhost\/nuss\/?page_id=536"},"modified":"2025-09-11T08:09:23","modified_gmt":"2025-09-11T08:09:23","slug":"instalaciones-comerciales","status":"publish","type":"page","link":"https:\/\/lyhninternationalhotelchengdu.com\/es\/instalaciones-comerciales\/","title":{"rendered":"Instalaciones comerciales"},"content":{"rendered":"<div data-elementor-type=\"wp-page\" data-elementor-id=\"2109\" class=\"elementor elementor-2109\">\n\t\t\t\t\t\t<section class=\"elementor-section elementor-top-section elementor-element elementor-element-bb2901b elementor-section-boxed elementor-section-gap-beside-yes elementor-section-height-default elementor-section-height-default elementor-section-column-vertical-align-stretch\" data-id=\"bb2901b\" data-element_type=\"section\" data-e-type=\"section\">\n\t\t\t\t\t\t<div class=\"elementor-container elementor-column-gap-extended\">\n\t\t\t\t\t<div class=\"elementor-column elementor-col-100 elementor-top-column elementor-element elementor-element-1919db9\" data-id=\"1919db9\" data-element_type=\"column\" data-e-type=\"column\">\n\t\t\t<div class=\"elementor-widget-wrap elementor-element-populated\">\n\t\t\t\t\t\t<div class=\"elementor-element elementor-element-41a7b9c elementor-widget__width-initial elementor-invisible elementor-widget elementor-widget-text-editor\" data-id=\"41a7b9c\" data-element_type=\"widget\" data-e-type=\"widget\" data-settings=\"{&quot;_animation&quot;:&quot;nussFadeInUp&quot;}\" data-widget_type=\"text-editor.default\">\n\t\t\t\t\t\t\t\t\t<p><strong data-spm-anchor-id=\"a2ty_o01.29997173.0.i47.4901c9211d0XT3\">Instalaciones empresariales sofisticadas dise\u00f1adas para la productividad y la excelencia profesional en el Lyhn International Hotel Chengdu Taikoo Li<\/strong><\/p>\t\t\t\t\t\t\t\t<\/div>\n\t\t\t\t\t<\/div>\n\t\t<\/div>\n\t\t\t\t\t<\/div>\n\t\t<\/section>\n\t\t<div class=\"elementor-element elementor-element-4b1112f e-flex e-con-boxed e-con e-parent\" data-id=\"4b1112f\" data-element_type=\"container\" data-e-type=\"container\">\n\t\t\t\t\t<div class=\"e-con-inner\">\n\t\t\t\t<div class=\"elementor-element elementor-element-38409cf elementor-widget elementor-widget-text-editor\" data-id=\"38409cf\" data-element_type=\"widget\" data-e-type=\"widget\" data-widget_type=\"text-editor.default\">\n\t\t\t\t\t\t\t\t\t<p data-spm-anchor-id=\"a2ty_o01.29997173.0.i49.4901c9211d0XT3\">Para el viajero de negocios moderno, el \u00e9xito comienza con una log\u00edstica fluida, tecnolog\u00eda confiable y un entorno que fomenta la concentraci\u00f3n y la eficiencia. <strong>Hotel Internacional Lyhn Chengdu Taikoo Li<\/strong>, ubicado en el pr\u00f3spero coraz\u00f3n comercial de Chengdu en <strong>Calle Tidu n\u00famero 1, distrito de Qingyang<\/strong>Entendemos las exigencias de los profesionales din\u00e1micos de hoy. Por eso, nuestro equipo, cuidadosamente dise\u00f1ado, <strong>instalaciones comerciales<\/strong> Vaya m\u00e1s all\u00e1 de lo b\u00e1sico para ofrecer una experiencia pulida y productiva adaptada a empresarios, invitados corporativos y delegados internacionales por igual.<\/p><div class=\"my-2\">\u00a0<\/div><p>Si bien el Hotel Lyhn International mantiene el ambiente \u00edntimo de una propiedad boutique, est\u00e1 completamente equipado para estancias de negocios de alto rendimiento. Cada habitaci\u00f3n y \u00e1rea com\u00fan cuenta con... <strong>Conectividad Wi-Fi estable y de alta velocidad<\/strong>Garantiza videoconferencias ininterrumpidas, acceso seguro al correo electr\u00f3nico y una colaboraci\u00f3n fluida en la nube, esencial para el teletrabajo o para mantenerse en sinton\u00eda con equipos globales. Ya sea que est\u00e9 finalizando una presentaci\u00f3n desde su habitaci\u00f3n o prepar\u00e1ndose para una reuni\u00f3n con un cliente mientras toma un caf\u00e9, nuestra red est\u00e1 optimizada para ofrecer velocidad y confiabilidad.<\/p><div class=\"my-2\">\u00a0<\/div><p>La c\u00e9ntrica ubicaci\u00f3n del hotel lo sit\u00faa a pocos minutos de los principales distritos comerciales de Chengdu, oficinas corporativas multinacionales y centros de innovaci\u00f3n en la Zona de Alta Tecnolog\u00eda y Jinjiang. A solo unos pasos, <strong>Taikoo Li<\/strong> No es solo un destino de estilo de vida de lujo: tambi\u00e9n alberga oficinas emblem\u00e1ticas, espacios de trabajo conjunto y marcas internacionales, lo que hace de nuestro hotel la base ideal para profesionales involucrados en redes, asociaciones o expansi\u00f3n de mercado en el oeste de China.<\/p>\t\t\t\t\t\t\t\t<\/div>\n\t\t\t\t\t<\/div>\n\t\t\t\t<\/div>\n\t\t<div class=\"elementor-element elementor-element-a43bdfd e-flex e-con-boxed e-con e-parent\" data-id=\"a43bdfd\" data-element_type=\"container\" data-e-type=\"container\">\n\t\t\t\t\t<div class=\"e-con-inner\">\n\t\t\t\t<div class=\"elementor-element elementor-element-7fd0596 elementor-widget elementor-widget-image\" data-id=\"7fd0596\" data-element_type=\"widget\" data-e-type=\"widget\" data-widget_type=\"image.default\">\n\t\t\t\t\t\t\t\t\t\t\t\t\t\t\t<img fetchpriority=\"high\" decoding=\"async\" width=\"1024\" height=\"456\" src=\"https:\/\/lyhninternationalhotelchengdu.com\/wp-content\/uploads\/2025\/09\/Lyhn-International-Hotel-Chengdu-Taikoo-Li-10-1024x456.webp\" class=\"attachment-large size-large wp-image-5600\" alt=\"\" srcset=\"https:\/\/lyhninternationalhotelchengdu.com\/wp-content\/uploads\/2025\/09\/Lyhn-International-Hotel-Chengdu-Taikoo-Li-10-1024x456.webp 1024w, https:\/\/lyhninternationalhotelchengdu.com\/wp-content\/uploads\/2025\/09\/Lyhn-International-Hotel-Chengdu-Taikoo-Li-10-300x134.webp 300w, https:\/\/lyhninternationalhotelchengdu.com\/wp-content\/uploads\/2025\/09\/Lyhn-International-Hotel-Chengdu-Taikoo-Li-10-768x342.webp 768w, https:\/\/lyhninternationalhotelchengdu.com\/wp-content\/uploads\/2025\/09\/Lyhn-International-Hotel-Chengdu-Taikoo-Li-10-18x8.webp 18w, https:\/\/lyhninternationalhotelchengdu.com\/wp-content\/uploads\/2025\/09\/Lyhn-International-Hotel-Chengdu-Taikoo-Li-10.webp 1280w\" sizes=\"(max-width: 1024px) 100vw, 1024px\" \/>\t\t\t\t\t\t\t\t\t\t\t\t\t\t\t<\/div>\n\t\t\t\t\t<\/div>\n\t\t\t\t<\/div>\n\t\t<div class=\"elementor-element elementor-element-c5593fb e-flex e-con-boxed e-con e-parent\" data-id=\"c5593fb\" data-element_type=\"container\" data-e-type=\"container\">\n\t\t\t\t\t<div class=\"e-con-inner\">\n\t\t\t\t<div class=\"elementor-element elementor-element-668b576 elementor-widget elementor-widget-text-editor\" data-id=\"668b576\" data-element_type=\"widget\" data-e-type=\"widget\" data-widget_type=\"text-editor.default\">\n\t\t\t\t\t\t\t\t\t<p>Aunque de tama\u00f1o compacto, el hotel ofrece <strong>soluciones de espacio de trabajo dedicado<\/strong> En habitaciones selectas, con asientos ergon\u00f3micos, escritorios bien iluminados, tomas de corriente con adaptadores universales e interiores con reducci\u00f3n de ruido para llamadas privadas o trabajo concentrado. Para reuniones informales o conversaciones r\u00e1pidas, el <strong>elegante sal\u00f3n del vest\u00edbulo<\/strong> Ofrece un ambiente tranquilo y refinado donde puede recibir a sus colegas mientras disfruta de un servicio de t\u00e9 o espresso de primera calidad.<\/p><div class=\"my-2\">\u00a0<\/div><p data-spm-anchor-id=\"a2ty_o01.29997173.0.i50.4901c9211d0XT3\">Estas caracter\u00edsticas se complementan con: <strong>Servicio de recepci\u00f3n 24 horas<\/strong> Con personal multiling\u00fce disponible para ayudarle con la impresi\u00f3n, la gesti\u00f3n de documentos, las solicitudes de mensajer\u00eda y las necesidades de programaci\u00f3n de \u00faltima hora. \u00bfNecesita salir temprano? Aproveche nuestra... <strong>salida expr\u00e9s<\/strong> y <strong>servicio de desayuno temprano<\/strong> Para maximizar su tiempo. Tambi\u00e9n ofrecemos <strong>arreglos de traslado al aeropuerto<\/strong> y coordinaci\u00f3n de transporte local, minimizando el estr\u00e9s del viaje para que pueda llegar a sus reuniones renovado y a tiempo.<\/p><div class=\"my-2\">\u00a0<\/div><p>Adem\u00e1s, los hu\u00e9spedes se benefician de: <strong>Instalaciones de fitness en el lugar<\/strong> Para mantener rutinas de bienestar durante viajes de negocios prolongados, porque el m\u00e1ximo rendimiento comienza con el equilibrio f\u00edsico y mental. El ambiente tranquilo del hotel, alejado del caos de las grandes cadenas hoteleras pero inmerso en la comodidad urbana, crea el equilibrio perfecto entre productividad y rejuvenecimiento.<\/p><div class=\"my-2\">\u00a0<\/div><p>Ya sea que se encuentre en Chengdu para un proyecto a corto plazo, una reuni\u00f3n de inversores o una conferencia regional, <strong>Hotel Internacional Lyhn Chengdu Taikoo Li<\/strong> Ofrece un entorno profesional envuelto en una elegancia discreta. Aqu\u00ed, hacer negocios no significa sacrificar la comodidad: significa trabajar de forma m\u00e1s inteligente, mantenerse conectado y disfrutar de la ciudad con confianza y tranquilidad.<\/p><div class=\"my-2\">\u00a0<\/div><p>Elija Lyhn International Hotel no s\u00f3lo como un lugar para hospedarse, sino como su socio estrat\u00e9gico para lograr la excelencia empresarial en una de las ciudades m\u00e1s vanguardistas de China.<\/p>\t\t\t\t\t\t\t\t<\/div>\n\t\t\t\t\t<\/div>\n\t\t\t\t<\/div>\n\t\t\t\t<section class=\"elementor-section elementor-top-section elementor-element elementor-element-41197a65 elementor-section-stretched elementor-section-boxed elementor-section-gap-beside-yes elementor-section-height-default elementor-section-height-default elementor-section-column-vertical-align-stretch\" data-id=\"41197a65\" data-element_type=\"section\" data-e-type=\"section\" data-settings=\"{&quot;background_background&quot;:&quot;classic&quot;,&quot;stretch_section&quot;:&quot;section-stretched&quot;}\">\n\t\t\t\t\t\t<div class=\"elementor-container elementor-column-gap-extended\">\n\t\t\t\t\t<div class=\"elementor-column elementor-col-100 elementor-top-column elementor-element elementor-element-7e9449bf\" data-id=\"7e9449bf\" data-element_type=\"column\" data-e-type=\"column\">\n\t\t\t<div class=\"elementor-widget-wrap elementor-element-populated\">\n\t\t\t\t\t\t<div class=\"elementor-element elementor-element-74bcb6ae elementor-widget elementor-widget-nuss-heading\" data-id=\"74bcb6ae\" data-element_type=\"widget\" data-e-type=\"widget\" data-widget_type=\"nuss-heading.default\">\n\t\t\t\t<div class=\"elementor-widget-container\">\n\t\t\t\t\t\t\t<div class=\"nuss-modern-heading\">\r\n\t\t\t\t\t\t<div class=\"heading-secondary-wrap\">\r\n\t\t\t\t<h3 class=\"heading-secondary elementor-heading-title\">Consultar disponibilidad <\/h3>\t\t\t<\/div>\r\n\t\t\r\n\t\t\t\r\n\t\t\t\r\n\t\t\t\t\t<\/div>\r\n\t\t\t\t\t<\/div>\n\t\t\t\t<\/div>\n\t\t\t\t<div class=\"elementor-element elementor-element-652e4934 elementor-widget elementor-widget-text-editor\" data-id=\"652e4934\" data-element_type=\"widget\" data-e-type=\"widget\" data-widget_type=\"text-editor.default\">\n\t\t\t\t\t\t\t\t\t<iframe border=\"0\" src=\"https:\/\/www.trip.com\/partners\/ad\/S5321409?Allianceid=4590391&#038;SID=258456612&#038;trip_sub1=\" style=\"width:1200px;height:200px\" frameborder=\"0\" scrolling=\"no\" id=\"S5321409\"><\/iframe>\t\t\t\t\t\t\t\t<\/div>\n\t\t\t\t\t<\/div>\n\t\t<\/div>\n\t\t\t\t\t<\/div>\n\t\t<\/section>\n\t\t\t\t<\/div>","protected":false},"excerpt":{"rendered":"<p>Sophisticated Business Facilities Designed for Productivity and Professional Excellence at Lyhn International Hotel Chengdu Taikoo Li For the modern business traveler, success begins with seamless logistics, reliable technology, and an environment that fosters focus and efficiency. At Lyhn International Hotel Chengdu Taikoo Li, located in the thriving commercial heart of Chengdu at No.1 Tidu Street, [&hellip;]<\/p>\n","protected":false},"author":1,"featured_media":0,"parent":0,"menu_order":0,"comment_status":"closed","ping_status":"closed","template":"","meta":{"footnotes":""},"class_list":["post-2109","page","type-page","status-publish","hentry","post-no-thumbnail"],"_links":{"self":[{"href":"https:\/\/lyhninternationalhotelchengdu.com\/es\/wp-json\/wp\/v2\/pages\/2109","targetHints":{"allow":["GET"]}}],"collection":[{"href":"https:\/\/lyhninternationalhotelchengdu.com\/es\/wp-json\/wp\/v2\/pages"}],"about":[{"href":"https:\/\/lyhninternationalhotelchengdu.com\/es\/wp-json\/wp\/v2\/types\/page"}],"author":[{"embeddable":true,"href":"https:\/\/lyhninternationalhotelchengdu.com\/es\/wp-json\/wp\/v2\/users\/1"}],"replies":[{"embeddable":true,"href":"https:\/\/lyhninternationalhotelchengdu.com\/es\/wp-json\/wp\/v2\/comments?post=2109"}],"version-history":[{"count":0,"href":"https:\/\/lyhninternationalhotelchengdu.com\/es\/wp-json\/wp\/v2\/pages\/2109\/revisions"}],"wp:attachment":[{"href":"https:\/\/lyhninternationalhotelchengdu.com\/es\/wp-json\/wp\/v2\/media?parent=2109"}],"curies":[{"name":"wp","href":"https:\/\/api.w.org\/{rel}","templated":true}]}}