{"id":2106,"date":"2021-03-25T04:08:26","date_gmt":"2021-03-25T04:08:26","guid":{"rendered":"http:\/\/localhost\/nuss\/?page_id=298"},"modified":"2025-09-11T08:32:50","modified_gmt":"2025-09-11T08:32:50","slug":"resenas-de-experiencias-de-clientes","status":"publish","type":"page","link":"https:\/\/lyhninternationalhotelchengdu.com\/es\/resenas-de-experiencias-de-clientes\/","title":{"rendered":"Experiencias y rese\u00f1as de clientes"},"content":{"rendered":"<div data-elementor-type=\"wp-page\" data-elementor-id=\"2106\" class=\"elementor elementor-2106\">\n\t\t\t\t\t\t<section class=\"elementor-section elementor-top-section elementor-element elementor-element-1954ffc elementor-section-boxed elementor-section-gap-beside-yes elementor-section-height-default elementor-section-height-default elementor-section-column-vertical-align-stretch\" data-id=\"1954ffc\" data-element_type=\"section\" data-e-type=\"section\">\n\t\t\t\t\t\t<div class=\"elementor-container elementor-column-gap-extended\">\n\t\t\t\t\t<div class=\"elementor-column elementor-col-100 elementor-top-column elementor-element elementor-element-86aebc5\" data-id=\"86aebc5\" data-element_type=\"column\" data-e-type=\"column\">\n\t\t\t<div class=\"elementor-widget-wrap elementor-element-populated\">\n\t\t\t\t\t\t<div class=\"elementor-element elementor-element-11803d1 elementor-widget__width-initial elementor-invisible elementor-widget elementor-widget-text-editor\" data-id=\"11803d1\" data-element_type=\"widget\" data-e-type=\"widget\" data-settings=\"{&quot;_animation&quot;:&quot;nussFadeInUp&quot;}\" data-widget_type=\"text-editor.default\">\n\t\t\t\t\t\t\t\t\t<p><strong data-spm-anchor-id=\"a2ty_o01.29997173.0.i54.4901c9211d0XT3\">Experiencias excepcionales para hu\u00e9spedes y excelentes cr\u00edticas: Qu\u00e9 dicen los viajeros sobre Lyhn International Hotel Chengdu Taikoo Li<\/strong><\/p>\t\t\t\t\t\t\t\t<\/div>\n\t\t\t\t\t<\/div>\n\t\t<\/div>\n\t\t\t\t\t<\/div>\n\t\t<\/section>\n\t\t<div class=\"elementor-element elementor-element-9e99630 e-flex e-con-boxed e-con e-parent\" data-id=\"9e99630\" data-element_type=\"container\" data-e-type=\"container\">\n\t\t\t\t\t<div class=\"e-con-inner\">\n\t\t\t\t<div class=\"elementor-element elementor-element-1eb468c elementor-widget elementor-widget-image\" data-id=\"1eb468c\" data-element_type=\"widget\" data-e-type=\"widget\" data-widget_type=\"image.default\">\n\t\t\t\t\t\t\t\t\t\t\t\t\t\t\t\t<a href=\"https:\/\/www.trip.com\/t\/AR8HtzWtPR2\" target=\"_blank\" rel=\"noopener\">\n\t\t\t\t\t\t\t<img fetchpriority=\"high\" decoding=\"async\" width=\"1024\" height=\"297\" src=\"https:\/\/lyhninternationalhotelchengdu.com\/wp-content\/uploads\/2025\/09\/review-1024x297.jpg\" class=\"attachment-large size-large wp-image-5775\" alt=\"\" srcset=\"https:\/\/lyhninternationalhotelchengdu.com\/wp-content\/uploads\/2025\/09\/review-1024x297.jpg 1024w, https:\/\/lyhninternationalhotelchengdu.com\/wp-content\/uploads\/2025\/09\/review-300x87.jpg 300w, https:\/\/lyhninternationalhotelchengdu.com\/wp-content\/uploads\/2025\/09\/review-768x223.jpg 768w, https:\/\/lyhninternationalhotelchengdu.com\/wp-content\/uploads\/2025\/09\/review-18x5.jpg 18w, https:\/\/lyhninternationalhotelchengdu.com\/wp-content\/uploads\/2025\/09\/review.jpg 1287w\" sizes=\"(max-width: 1024px) 100vw, 1024px\" \/>\t\t\t\t\t\t\t\t<\/a>\n\t\t\t\t\t\t\t\t\t\t\t\t\t\t\t<\/div>\n\t\t\t\t\t<\/div>\n\t\t\t\t<\/div>\n\t\t<div class=\"elementor-element elementor-element-cf9cdf6 e-flex e-con-boxed e-con e-parent\" data-id=\"cf9cdf6\" data-element_type=\"container\" data-e-type=\"container\">\n\t\t\t\t\t<div class=\"e-con-inner\">\n\t\t\t\t<div class=\"elementor-element elementor-element-ff1369e elementor-widget elementor-widget-text-editor\" data-id=\"ff1369e\" data-element_type=\"widget\" data-e-type=\"widget\" data-widget_type=\"text-editor.default\">\n\t\t\t\t\t\t\t\t\t<p data-spm-anchor-id=\"a2ty_o01.29997173.0.i56.4901c9211d0XT3\">Cuando se trata de elegir el lugar perfecto para alojarse en Chengdu, nada habla m\u00e1s fuerte que las voces de quienes lo han vivido en primera persona. <strong>Hotel Internacional Lyhn Chengdu Taikoo Li<\/strong>, ubicado en <strong>No.1 Tidu Street, distrito de Qingyang, Chengdu, Sichuan 610000<\/strong>La satisfacci\u00f3n del hu\u00e9sped no es solo un objetivo: es una realidad constante que se refleja en las excelentes experiencias de los clientes en las principales plataformas de viajes como <strong>Trip.com<\/strong> y <strong>TripAdvisor<\/strong>.<\/p><div class=\"my-2\">\u00a0<\/div><p data-spm-anchor-id=\"a2ty_o01.29997173.0.i55.4901c9211d0XT3\">Viajeros de todo el mundo elogian al Lyhn International Hotel por su combinaci\u00f3n ganadora de <strong>Ubicaci\u00f3n privilegiada, comodidad moderna, servicio atento y encanto boutique.<\/strong>. Con una impresionante <strong>Calificaci\u00f3n de 4.7\/5 en Trip.com<\/strong> Seg\u00fan cientos de opiniones verificadas de hu\u00e9spedes, el hotel se destaca como uno de los alojamientos m\u00e1s recomendados del centro de Chengdu. Los hu\u00e9spedes suelen destacar su... <strong>Proximidad excepcional a Taikoo Li (a solo 900 metros) y Chunxi Road (a solo 600 metros)<\/strong> \u2014 lo que lo hace ideal tanto para los entusiastas de las compras como para los profesionales de negocios que buscan comodidad urbana.<\/p><div class=\"my-2\">\u00a0<\/div><p>En <strong>TripAdvisor<\/strong>, donde el hotel mantiene una s\u00f3lida reputaci\u00f3n por su limpieza, valor y hospitalidad, los cr\u00edticos elogian constantemente el <strong>Habitaciones impecablemente limpias, ambiente tranquilo y vistas panor\u00e1micas de la ciudad.<\/strong> desde ventanas de piso a techo. Un hu\u00e9sped que regresaba elogi\u00f3, <em>Esta joya boutique ofrece todo lo que necesitas: dise\u00f1o elegante, wifi r\u00e1pido, camas c\u00f3modas y un remanso de paz tras explorar la bulliciosa Chengdu.<\/em> Otro se\u00f1al\u00f3, <em>\u201cEl personal hizo todo lo posible para ayudar con las recomendaciones locales e incluso organiz\u00f3 un traslado de \u00faltimo minuto al aeropuerto sin problemas\u201d.<\/em><\/p><div class=\"my-2\">\u00a0<\/div><p>Un tema recurrente en las rese\u00f1as es el <strong>servicio c\u00e1lido y profesional<\/strong> El equipo de recepci\u00f3n, disponible las 24 horas, ofrece atenci\u00f3n personalizada. El personal multiling\u00fce es frecuentemente elogiado por su capacidad de respuesta, su conocimiento cultural y su capacidad para ayudar con todo, desde reservas en restaurantes hasta la navegaci\u00f3n en transporte p\u00fablico. Ya sea que los hu\u00e9spedes viajen por placer o por negocios, aprecian el trato personalizado que los hace sentir bienvenidos y bien atendidos.<\/p><div class=\"my-2\">\u00a0<\/div><p>Muchos viajeros tambi\u00e9n destacan la <strong>Excelente relaci\u00f3n calidad-precio<\/strong>, especialmente considerando la c\u00e9ntrica ubicaci\u00f3n del hotel y sus servicios de 4 estrellas. Las rese\u00f1as en Trip.com suelen mencionar... <strong>dise\u00f1o de habitaci\u00f3n bien pensado<\/strong>, incluyendo espacios de trabajo ergon\u00f3micos, ropa de cama de primera calidad, aire acondicionado e internet de alta velocidad, todo esencial tanto para visitantes internacionales como para trabajadores remotos. El restaurante del hotel es reconocido por su servicio. <strong>Deliciosas especialidades de Sichuan con un toque moderno<\/strong>, mientras que el acceso al gimnasio aumenta el atractivo general para los hu\u00e9spedes preocupados por la salud.<\/p><div class=\"my-2\">\u00a0<\/div><p>Los visitantes primerizos se sorprenden constantemente de lo mucho que disfrutan de su estad\u00eda, con comentarios como <em>\u201c\u00a1Mejor de lo esperado!\u201d<\/em> y <em>\u201cUno de los hoteles m\u00e1s c\u00f3modos en los que me he alojado en China\u201d<\/em> Apareciendo en m\u00faltiples plataformas. Familias, parejas, viajeros solitarios y hu\u00e9spedes corporativos coinciden: Lyhn International Hotel ofrece un <strong>Experiencia refinada y sin estr\u00e9s<\/strong> en el coraz\u00f3n de una de las ciudades m\u00e1s habitables de China.<\/p><div class=\"my-2\">\u00a0<\/div><p>Gracias a su creciente reputaci\u00f3n de excelencia, el hotel contin\u00faa ganando <strong>Menciones de Traveler&#039;s Choice y etiquetas de &quot;Hotel boutique mejor valorado&quot;<\/strong> en varios sitios de viajes, consolidando su estatus como opci\u00f3n preferida entre los viajeros m\u00e1s exigentes.<\/p><div class=\"my-2\">\u00a0<\/div><p data-spm-anchor-id=\"a2ty_o01.29997173.0.i57.4901c9211d0XT3\">Mediante la mezcla <strong>Accesibilidad urbana con hospitalidad \u00edntima<\/strong>El Lyhn International Hotel Chengdu Taikoo Li ha creado una base de clientes fieles y satisfechos que no solo regresan, sino que tambi\u00e9n recomiendan. Explore fotos de viajeros reales, comentarios detallados e historias aut\u00e9nticas en <strong>Trip.com<\/strong> y <strong>TripAdvisor<\/strong> para ver por qu\u00e9 tantos eligen el Lyhn International Hotel para sus aventuras en Chengdu.<\/p>\t\t\t\t\t\t\t\t<\/div>\n\t\t\t\t\t<\/div>\n\t\t\t\t<\/div>\n\t\t\t\t<section class=\"elementor-section elementor-top-section elementor-element elementor-element-308be846 elementor-section-stretched elementor-section-boxed elementor-section-gap-beside-yes elementor-section-height-default elementor-section-height-default elementor-section-column-vertical-align-stretch\" data-id=\"308be846\" data-element_type=\"section\" data-e-type=\"section\" data-settings=\"{&quot;background_background&quot;:&quot;classic&quot;,&quot;stretch_section&quot;:&quot;section-stretched&quot;}\">\n\t\t\t\t\t\t<div class=\"elementor-container elementor-column-gap-extended\">\n\t\t\t\t\t<div class=\"elementor-column elementor-col-100 elementor-top-column elementor-element elementor-element-16ce4064\" data-id=\"16ce4064\" data-element_type=\"column\" data-e-type=\"column\">\n\t\t\t<div class=\"elementor-widget-wrap elementor-element-populated\">\n\t\t\t\t\t\t<div class=\"elementor-element elementor-element-5616a939 elementor-widget elementor-widget-nuss-heading\" data-id=\"5616a939\" data-element_type=\"widget\" data-e-type=\"widget\" data-widget_type=\"nuss-heading.default\">\n\t\t\t\t<div class=\"elementor-widget-container\">\n\t\t\t\t\t\t\t<div class=\"nuss-modern-heading\">\r\n\t\t\t\t\t\t<div class=\"heading-secondary-wrap\">\r\n\t\t\t\t<h3 class=\"heading-secondary elementor-heading-title\">Consultar disponibilidad <\/h3>\t\t\t<\/div>\r\n\t\t\r\n\t\t\t\r\n\t\t\t\r\n\t\t\t\t\t<\/div>\r\n\t\t\t\t\t<\/div>\n\t\t\t\t<\/div>\n\t\t\t\t<div class=\"elementor-element elementor-element-1ad463f1 elementor-widget elementor-widget-text-editor\" data-id=\"1ad463f1\" data-element_type=\"widget\" data-e-type=\"widget\" data-widget_type=\"text-editor.default\">\n\t\t\t\t\t\t\t\t\t<iframe border=\"0\" src=\"https:\/\/www.trip.com\/partners\/ad\/S5321409?Allianceid=4590391&#038;SID=258456612&#038;trip_sub1=\" style=\"width:1200px;height:200px\" frameborder=\"0\" scrolling=\"no\" id=\"S5321409\"><\/iframe>\t\t\t\t\t\t\t\t<\/div>\n\t\t\t\t\t<\/div>\n\t\t<\/div>\n\t\t\t\t\t<\/div>\n\t\t<\/section>\n\t\t\t\t<\/div>","protected":false},"excerpt":{"rendered":"<p>Exceptional Guest Experiences &amp; Rave Reviews: What Travelers Are Saying About Lyhn International Hotel Chengdu Taikoo Li When it comes to choosing the perfect place to stay in Chengdu, nothing speaks louder than the voices of those who\u2019ve experienced it firsthand. At Lyhn International Hotel Chengdu Taikoo Li, located at No.1 Tidu Street, Qingyang District, [&hellip;]<\/p>\n","protected":false},"author":1,"featured_media":0,"parent":0,"menu_order":0,"comment_status":"closed","ping_status":"closed","template":"","meta":{"footnotes":""},"class_list":["post-2106","page","type-page","status-publish","hentry","post-no-thumbnail"],"_links":{"self":[{"href":"https:\/\/lyhninternationalhotelchengdu.com\/es\/wp-json\/wp\/v2\/pages\/2106","targetHints":{"allow":["GET"]}}],"collection":[{"href":"https:\/\/lyhninternationalhotelchengdu.com\/es\/wp-json\/wp\/v2\/pages"}],"about":[{"href":"https:\/\/lyhninternationalhotelchengdu.com\/es\/wp-json\/wp\/v2\/types\/page"}],"author":[{"embeddable":true,"href":"https:\/\/lyhninternationalhotelchengdu.com\/es\/wp-json\/wp\/v2\/users\/1"}],"replies":[{"embeddable":true,"href":"https:\/\/lyhninternationalhotelchengdu.com\/es\/wp-json\/wp\/v2\/comments?post=2106"}],"version-history":[{"count":0,"href":"https:\/\/lyhninternationalhotelchengdu.com\/es\/wp-json\/wp\/v2\/pages\/2106\/revisions"}],"wp:attachment":[{"href":"https:\/\/lyhninternationalhotelchengdu.com\/es\/wp-json\/wp\/v2\/media?parent=2106"}],"curies":[{"name":"wp","href":"https:\/\/api.w.org\/{rel}","templated":true}]}}