{"id":2105,"date":"2021-03-24T07:25:45","date_gmt":"2021-03-24T07:25:45","guid":{"rendered":"http:\/\/localhost\/nuss\/?page_id=235"},"modified":"2025-09-11T08:45:52","modified_gmt":"2025-09-11T08:45:52","slug":"preguntas-frecuentes","status":"publish","type":"page","link":"https:\/\/lyhninternationalhotelchengdu.com\/es\/preguntas-frecuentes\/","title":{"rendered":"Faqs"},"content":{"rendered":"<div data-elementor-type=\"wp-page\" data-elementor-id=\"2105\" class=\"elementor elementor-2105\">\n\t\t\t\t\t\t<section class=\"elementor-section elementor-top-section elementor-element elementor-element-2a96a73 elementor-section-boxed elementor-section-gap-beside-yes elementor-section-height-default elementor-section-height-default elementor-section-column-vertical-align-stretch\" data-id=\"2a96a73\" data-element_type=\"section\" data-e-type=\"section\">\n\t\t\t\t\t\t<div class=\"elementor-container elementor-column-gap-extended\">\n\t\t\t\t\t<div class=\"elementor-column elementor-col-100 elementor-top-column elementor-element elementor-element-98ef20c\" data-id=\"98ef20c\" data-element_type=\"column\" data-e-type=\"column\">\n\t\t\t<div class=\"elementor-widget-wrap elementor-element-populated\">\n\t\t\t\t\t\t<div class=\"elementor-element elementor-element-97088c0 elementor-widget__width-initial elementor-invisible elementor-widget elementor-widget-text-editor\" data-id=\"97088c0\" data-element_type=\"widget\" data-e-type=\"widget\" data-settings=\"{&quot;_animation&quot;:&quot;nussFadeInUp&quot;}\" data-widget_type=\"text-editor.default\">\n\t\t\t\t\t\t\t\t\t<p>A continuaci\u00f3n encontrar\u00e1 una lista de las preguntas m\u00e1s frecuentes que nos hacen nuestros hu\u00e9spedes.<\/p>\t\t\t\t\t\t\t\t<\/div>\n\t\t\t\t\t<\/div>\n\t\t<\/div>\n\t\t\t\t\t<\/div>\n\t\t<\/section>\n\t\t\t\t<section class=\"elementor-section elementor-top-section elementor-element elementor-element-b184647 elementor-section-gap-beside-no elementor-section-boxed elementor-section-height-default elementor-section-height-default elementor-section-column-vertical-align-stretch\" data-id=\"b184647\" data-element_type=\"section\" data-e-type=\"section\">\n\t\t\t\t\t\t<div class=\"elementor-container elementor-column-gap-extended\">\n\t\t\t\t\t<div class=\"elementor-column elementor-col-100 elementor-top-column elementor-element elementor-element-1d49749\" data-id=\"1d49749\" data-element_type=\"column\" data-e-type=\"column\">\n\t\t\t<div class=\"elementor-widget-wrap elementor-element-populated\">\n\t\t\t\t\t\t<div class=\"elementor-element elementor-element-b986a9e elementor-invisible elementor-widget elementor-widget-nuss-heading\" data-id=\"b986a9e\" data-element_type=\"widget\" data-e-type=\"widget\" data-settings=\"{&quot;_animation&quot;:&quot;nussFadeInUp&quot;}\" data-widget_type=\"nuss-heading.default\">\n\t\t\t\t<div class=\"elementor-widget-container\">\n\t\t\t\t\t\t\t<div class=\"nuss-modern-heading\">\r\n\t\t\t\r\n\t\t\t\t\t\t<div class=\"heading-primary-wrap\">\r\n\t\t\t\t<h4 class=\"heading-primary elementor-heading-title\">Preguntas frecuentes<\/h4>\t\t\t<\/div>\r\n\t\t\r\n\t\t\t\t\t\t<div class=\"heading-divider-wrap\">\r\n\t\t\t\t<div class=\"heading-divider\" style=\"left: 0px;top: 6px\"><\/div>\r\n\t\t\t<\/div>\r\n\t\r\n\t\t\t\t\t<\/div>\r\n\t\t\t\t\t<\/div>\n\t\t\t\t<\/div>\n\t\t\t\t<div class=\"elementor-element elementor-element-50f0733 elementor-invisible elementor-widget elementor-widget-heading\" data-id=\"50f0733\" data-element_type=\"widget\" data-e-type=\"widget\" data-settings=\"{&quot;_animation&quot;:&quot;nussFadeInUp&quot;}\" data-widget_type=\"heading.default\">\n\t\t\t\t\t<h2 class=\"elementor-heading-title elementor-size-default\">Preguntas y respuestas<\/h2>\t\t\t\t<\/div>\n\t\t\t\t<div class=\"elementor-element elementor-element-ac23737 elementor-widget elementor-widget-text-editor\" data-id=\"ac23737\" data-element_type=\"widget\" data-e-type=\"widget\" data-widget_type=\"text-editor.default\">\n\t\t\t\t\t\t\t\t\t<h3><strong data-spm-anchor-id=\"a2ty_o01.29997173.0.i63.4901c9211d0XT3\">1. \u00bfCu\u00e1les son los horarios de check-in y check-out?<\/strong><\/h3><p>El check-in se realiza despu\u00e9s de <strong>14:00 (14:00 horas)<\/strong>, y el check-out es antes <strong>12:00 (mediod\u00eda)<\/strong>Disponemos de check-in expr\u00e9s y quioscos de autoservicio.<\/p><div class=\"py-2 my-3\"><hr \/><\/div><h3><strong>2. \u00bfEl hotel ofrece servicio de traslado al aeropuerto?<\/strong><\/h3><p>No, <strong>No se proporcionan servicios de transporte al aeropuerto ni de traslado.<\/strong> Junto al hotel. Sin embargo, hay taxis y aplicaciones de transporte como Didi f\u00e1cilmente disponibles.<\/p><div class=\"py-2 my-3\"><hr \/><\/div><h3><strong>3. \u00bfA qu\u00e9 distancia est\u00e1 el hotel del Aeropuerto Internacional de Chengdu Shuangliu?<\/strong><\/h3><p>Aproximadamente <strong>18,1 kil\u00f3metros<\/strong>, que tarda aproximadamente <strong>36 minutos en coche<\/strong>, dependiendo del tr\u00e1fico.<\/p><div class=\"py-2 my-3\"><hr \/><\/div><h3><strong>4. \u00bfCu\u00e1l es la estaci\u00f3n de metro m\u00e1s cercana?<\/strong><\/h3><p>La estaci\u00f3n de metro m\u00e1s cercana es <strong>Estaci\u00f3n Taisheng South Road (L\u00ednea 3)<\/strong>, justo <strong>640 metros<\/strong> lejos (aproximadamente 8 minutos a pie).<\/p><div class=\"py-2 my-3\"><hr \/><\/div><h3><strong>5. \u00bfHay estacionamiento disponible en el hotel?<\/strong><\/h3><p>S\u00ed, <strong>Estacionamiento p\u00fablico gratuito en el establecimiento<\/strong> Est\u00e1 disponible para hu\u00e9spedes. No se requiere reserva.<\/p><div class=\"py-2 my-3\"><hr \/><\/div><h3><strong>6. \u00bfEl desayuno est\u00e1 incluido en el precio de la habitaci\u00f3n?<\/strong><\/h3><p>El desayuno es <strong>no incluido autom\u00e1ticamente<\/strong> Pero se puede comprar en el establecimiento. Es un buffet con opciones occidentales y chinas.<\/p><ul dir=\"auto\"><li><strong>Adultos<\/strong>: 68 CNY (aprox. 9,55 USD)<\/li><li><strong>Ni\u00f1os mayores de 1,2 m<\/strong>: 48 CNY (aprox. 6,74 USD)<\/li><li><strong>Ni\u00f1os menores de 1,2 m<\/strong>: Gratis<\/li><\/ul><div class=\"py-2 my-3\"><hr \/><\/div><h3><strong>7. \u00bfA qu\u00e9 hora se sirve el desayuno?<\/strong><\/h3><ul dir=\"auto\"><li><strong>De lunes a viernes<\/strong>: 07:00 \u2013 10:00<\/li><li><strong>S\u00e1bado a domingo<\/strong>: 07:00 \u2013 11:00<\/li><\/ul><div class=\"py-2 my-3\"><hr \/><\/div><h3><strong>8. \u00bfSe admiten mascotas?<\/strong><\/h3><p>No, <strong>No se permiten mascotas<\/strong> en el hotel.<\/p><div class=\"py-2 my-3\"><hr \/><\/div><h3><strong>9. \u00bfEl hotel tiene piscina?<\/strong><\/h3><p>No, Hotel Internacional Lyhn <strong>no tiene piscina<\/strong>.<\/p><div class=\"py-2 my-3\"><hr \/><\/div><h3><strong>10. \u00bfHay un centro de fitness o gimnasio?<\/strong><\/h3><p>S\u00ed, el hotel cuenta con un <strong>gimnasio totalmente equipado<\/strong> Abierto las 24 horas para los hu\u00e9spedes.<\/p><div class=\"py-2 my-3\"><hr \/><\/div><h3><strong>11. \u00bfHay Wi-Fi disponible?<\/strong><\/h3><p>S\u00ed, <strong>Wi-Fi de alta velocidad gratuito<\/strong> Est\u00e1 disponible en todas las habitaciones y \u00e1reas p\u00fablicas.<\/p><div class=\"py-2 my-3\"><hr \/><\/div><h3><strong>12. \u00bfCu\u00e1ntas habitaciones tiene el hotel?<\/strong><\/h3><p>El hotel tiene <strong>218 habitaciones<\/strong>, seg\u00fan sus datos oficiales de propiedad.<\/p><div class=\"py-2 my-3\"><hr \/><\/div><h3><strong>13. \u00bfQu\u00e9 tipos de habitaciones est\u00e1n disponibles?<\/strong><\/h3><p>Los tipos de habitaciones disponibles incluyen:<\/p><ul dir=\"auto\"><li>Habitaci\u00f3n para miembros destacados (cama doble)<\/li><li>Habitaci\u00f3n ejecutiva con cama grande<\/li><li>Suite Familiar<\/li><li>Suite para padres e hijos<\/li><li>Y otras categor\u00edas premium<\/li><\/ul><div class=\"py-2 my-3\"><hr \/><\/div><h3><strong>14. \u00bfHay habitaciones para no fumadores?<\/strong><\/h3><p>S\u00ed, <strong>Habitaciones y pisos para no fumadores<\/strong> Est\u00e1n disponibles. Por favor, especifique su preferencia al hacer la reserva.<\/p><div class=\"py-2 my-3\"><hr \/><\/div><h3><strong>15. \u00bfPuedo a\u00f1adir una cama extra o una cuna?<\/strong><\/h3><p>S\u00ed, <strong>Las cunas est\u00e1n disponibles de forma gratuita.<\/strong> Para ni\u00f1os menores de 3 a\u00f1os. Las camas supletorias dependen del tipo de habitaci\u00f3n y pueden tener un coste adicional.<\/p><div class=\"py-2 my-3\"><hr \/><\/div><h3><strong>16. \u00bfHay servicio de habitaciones?<\/strong><\/h3><p>S\u00ed, <strong>El servicio de habitaciones est\u00e1 disponible<\/strong>, incluida la entrega de comida a trav\u00e9s de mayordomos robot, un aspecto destacado y \u00fanico elogiado por los hu\u00e9spedes.<\/p><div class=\"py-2 my-3\"><hr \/><\/div><h3><strong>17. \u00bfEl hotel tiene restaurante?<\/strong><\/h3><p>S\u00ed, el restaurante del hotel. <strong>Rong Ting Shi Fu (\u84c9\u5ead\u98df\u5e9c)<\/strong> sirve:<\/p><ul dir=\"auto\"><li>Cenas tipo buffet y a la carta<\/li><li>cocina china<\/li><li>Abierto todos los d\u00edas de 07:00 a 22:00<br \/>Sirve desayuno, almuerzo, t\u00e9 de la tarde y cena.<\/li><\/ul><div class=\"py-2 my-3\"><hr \/><\/div><h3><strong>18. \u00bfExisten instalaciones para negocios?<\/strong><\/h3><p>S\u00ed, el hotel ofrece:<\/p><ul dir=\"auto\"><li>Centro de negocios<\/li><li>Salas de conferencias y multifunci\u00f3n<\/li><li>Servicios de fax y fotocopias<\/li><li>Servicio de despertador y asistencia para reservar excursiones<\/li><\/ul><p>Ideal para viajeros de negocios.<\/p><div class=\"py-2 my-3\"><hr \/><\/div><h3><strong>19. \u00bfQu\u00e9 idiomas habla el personal?<\/strong><\/h3><p>El personal de recepci\u00f3n habla <strong>Ingl\u00e9s y chino mandar\u00edn<\/strong>, garantizando una comunicaci\u00f3n fluida para los hu\u00e9spedes internacionales.<\/p><div class=\"py-2 my-3\"><hr \/><\/div><h3><strong>20. \u00bfExiste una pol\u00edtica de dep\u00f3sito?<\/strong><\/h3><p data-spm-anchor-id=\"a2ty_o01.29997173.0.i64.4901c9211d0XT3\">S\u00ed, una <strong>Dep\u00f3sito reembolsable de CNY 500 (aprox. USD 70)<\/strong> Se requiere al momento del check-in, a pagar en efectivo o con tarjeta de cr\u00e9dito.<\/p>\t\t\t\t\t\t\t\t<\/div>\n\t\t\t\t\t<\/div>\n\t\t<\/div>\n\t\t\t\t\t<\/div>\n\t\t<\/section>\n\t\t\t\t<\/div>","protected":false},"excerpt":{"rendered":"<p>Below, you will find a list of the questions most frequently asked by our guests. FAQ&#8217;S Questions &amp; Answers 1. What are the check-in and check-out times? Check-in is after 14:00 (2:00 PM), and check-out is before 12:00 (noon). Express check-in and self-service kiosks are available. 2. Does the hotel offer airport transfer services? No, [&hellip;]<\/p>\n","protected":false},"author":1,"featured_media":0,"parent":0,"menu_order":0,"comment_status":"closed","ping_status":"closed","template":"elementor_header_footer","meta":{"footnotes":""},"class_list":["post-2105","page","type-page","status-publish","hentry","post-no-thumbnail"],"_links":{"self":[{"href":"https:\/\/lyhninternationalhotelchengdu.com\/es\/wp-json\/wp\/v2\/pages\/2105","targetHints":{"allow":["GET"]}}],"collection":[{"href":"https:\/\/lyhninternationalhotelchengdu.com\/es\/wp-json\/wp\/v2\/pages"}],"about":[{"href":"https:\/\/lyhninternationalhotelchengdu.com\/es\/wp-json\/wp\/v2\/types\/page"}],"author":[{"embeddable":true,"href":"https:\/\/lyhninternationalhotelchengdu.com\/es\/wp-json\/wp\/v2\/users\/1"}],"replies":[{"embeddable":true,"href":"https:\/\/lyhninternationalhotelchengdu.com\/es\/wp-json\/wp\/v2\/comments?post=2105"}],"version-history":[{"count":0,"href":"https:\/\/lyhninternationalhotelchengdu.com\/es\/wp-json\/wp\/v2\/pages\/2105\/revisions"}],"wp:attachment":[{"href":"https:\/\/lyhninternationalhotelchengdu.com\/es\/wp-json\/wp\/v2\/media?parent=2105"}],"curies":[{"name":"wp","href":"https:\/\/api.w.org\/{rel}","templated":true}]}}