{"id":647,"date":"2021-03-29T02:13:52","date_gmt":"2021-03-29T02:13:52","guid":{"rendered":"http:\/\/localhost\/nuss\/?page_id=647"},"modified":"2025-09-11T09:13:25","modified_gmt":"2025-09-11T09:13:25","slug":"dienstleistungen","status":"publish","type":"page","link":"https:\/\/lyhninternationalhotelchengdu.com\/de\/dienstleistungen\/","title":{"rendered":"Leistungen"},"content":{"rendered":"<div data-elementor-type=\"wp-page\" data-elementor-id=\"647\" class=\"elementor elementor-647\">\n\t\t\t\t\t\t<section class=\"elementor-section elementor-top-section elementor-element elementor-element-3353bc8 elementor-section-boxed elementor-section-gap-beside-yes elementor-section-height-default elementor-section-height-default elementor-section-column-vertical-align-stretch\" data-id=\"3353bc8\" data-element_type=\"section\" data-e-type=\"section\">\n\t\t\t\t\t\t<div class=\"elementor-container elementor-column-gap-extended\">\n\t\t\t\t\t<div class=\"elementor-column elementor-col-100 elementor-top-column elementor-element elementor-element-0a2bc64\" data-id=\"0a2bc64\" data-element_type=\"column\" data-e-type=\"column\">\n\t\t\t<div class=\"elementor-widget-wrap elementor-element-populated\">\n\t\t\t\t\t\t<div class=\"elementor-element elementor-element-447e3ef elementor-widget__width-initial elementor-invisible elementor-widget elementor-widget-text-editor\" data-id=\"447e3ef\" data-element_type=\"widget\" data-e-type=\"widget\" data-settings=\"{&quot;_animation&quot;:&quot;nussFadeInUp&quot;}\" data-widget_type=\"text-editor.default\">\n\t\t\t\t\t\t\t\t\t<p><strong data-spm-anchor-id=\"a2ty_o01.29997173.0.i82.4901c9211d0XT3\">Au\u00dfergew\u00f6hnliche Services f\u00fcr Komfort, Bequemlichkeit und Verbindung im Lyhn International Hotel Chengdu Taikoo Li<\/strong><\/p>\t\t\t\t\t\t\t\t<\/div>\n\t\t\t\t\t<\/div>\n\t\t<\/div>\n\t\t\t\t\t<\/div>\n\t\t<\/section>\n\t\t<div class=\"elementor-element elementor-element-41b173e e-flex e-con-boxed e-con e-parent\" data-id=\"41b173e\" data-element_type=\"container\" data-e-type=\"container\">\n\t\t\t\t\t<div class=\"e-con-inner\">\n\t\t\t\t<div class=\"elementor-element elementor-element-96bc701 elementor-widget elementor-widget-text-editor\" data-id=\"96bc701\" data-element_type=\"widget\" data-e-type=\"widget\" data-widget_type=\"text-editor.default\">\n\t\t\t\t\t\t\t\t\t<div class=\"svelte-1c06zsf\" data-lang-code=\"\"><p data-spm-anchor-id=\"a2ty_o01.29997173.0.i83.4901c9211d0XT3\">Bei <strong>Lyhn International Hotel Chengdu Taikoo Li<\/strong>, gelegen im pulsierenden Herzen einer der dynamischsten St\u00e4dte Chinas in <strong>Nr. 1 Tidu Street, Bezirk Qingyang, Chengdu, Sichuan 610000<\/strong>ist Service nicht nur ein Standard \u2013 es ist eine Philosophie. Seit der Er\u00f6ffnung im <strong>2014<\/strong>Das Hotel hat die urbane Gastfreundschaft neu definiert, indem es Spitzentechnologie mit \u00e4u\u00dferst pers\u00f6nlicher Betreuung verbindet und so f\u00fcr jeden Gast ein nahtloses und unvergessliches Erlebnis schafft.<\/p><p>Von dem Moment an, in dem Sie ankommen, wird unser Engagement f\u00fcr Spitzenleistungen deutlich. Die <strong>24-Stunden-Rezeption<\/strong> begr\u00fc\u00dft Reisende aus aller Welt mit mehrsprachigem Personal, das flie\u00dfend spricht <strong>Englisch und Mandarin-Chinesisch<\/strong>, wodurch eine klare Kommunikation und aufmerksame Unterst\u00fctzung unabh\u00e4ngig von Zeitzone oder Reiseroute gew\u00e4hrleistet wird. Egal, ob Sie nach einem langen Flug sp\u00e4t abends einchecken oder dringend Hilfe bei der Organisation eines Gesch\u00e4ftstreffens ben\u00f6tigen, unser Team ist immer bereit \u2013 unterst\u00fctzt durch Tools wie <strong>\u00dcbersetzungshilfen und Self-Check-in-Automaten<\/strong> um Ihre Ankunft m\u00fchelos zu gestalten.<\/p><p>Eines der am meisten diskutierten Merkmale unseres Service-\u00d6kosystems ist unsere Flotte von <strong>Serviceroboter<\/strong>, einschlie\u00dflich der geliebten <strong>Lieferroboter in Pandaform<\/strong> die G\u00e4ste in den Bewertungen auf Trip.com begeistert haben. Diese intelligenten Assistenten gleiten durch die Flure und bringen Zimmerservice, zus\u00e4tzliche Handt\u00fccher, Zahnb\u00fcrsten f\u00fcr Kinder oder sogar Gutscheine f\u00fcr den Nachmittagstee \u2013 und sorgen so f\u00fcr einen Hauch von futuristischem Spa\u00df bei gleichzeitiger Wahrung von Effizienz und Hygiene. Es ist Innovation mit Pers\u00f6nlichkeit und spiegelt unsere \u00dcberzeugung wider, dass moderner Luxus smart sein sollte <em>Und<\/em> warm.<\/p><p>F\u00fcr Gesch\u00e4ftsreisende bieten wir mehr als nur die Grundausstattung. Unsere umfassende <strong>Unternehmensdienstleistungen<\/strong> beinhalten den Zugang zu einem voll ausgestatteten <strong>Konferenzraum<\/strong>, <strong>Mehrzweckhalle<\/strong>, Und <strong>Gesch\u00e4ftszentrum<\/strong>, was uns zur bevorzugten Wahl f\u00fcr Gesch\u00e4ftsreisende macht, die die Handelszentren von Chengdu besuchen. M\u00fcssen Sie Vertr\u00e4ge ausdrucken, ein Fax senden oder Last-Minute-Tickets buchen? Unsere Rezeption bietet <strong>Fax-\/Kopierdienste<\/strong>, <strong>Postunterst\u00fctzung<\/strong>, Und <strong>Tour- &amp; Ticketbuchung<\/strong> \u2014 alles darauf ausgelegt, Ihren Zeitplan reibungslos zu gestalten. Wir bieten auch <strong>Weckrufe<\/strong>, <strong>Express-Check-in und -Check-out<\/strong>, Und <strong>Schlie\u00dff\u00e4cher<\/strong> f\u00fcr zus\u00e4tzlichen Komfort.<\/p><p>G\u00e4ste sch\u00e4tzen die kleinen Details, die den gro\u00dfen Unterschied machen: kostenlose <strong>Gep\u00e4ckaufbewahrung<\/strong> vor dem Check-in oder nach dem Check-out, <strong>kostenloses Highspeed-WLAN<\/strong> im gesamten Anwesen und <strong>Nichtraucheretagen<\/strong> f\u00fcr einen ges\u00fcnderen Aufenthalt. F\u00fcr diejenigen, die mit der Familie reisen, sind durchdachte Details wie <strong>Kinderhausschuhe<\/strong> Und <strong>Zahnb\u00fcrsten<\/strong> werden auf Anfrage bereitgestellt und untermauern unseren Ruf als erste Wahl f\u00fcr Familienaufenthalte im Zentrum von Chengdu.<\/p><p>Wir wissen, dass Komfort \u00fcber den Raum hinausgeht. Deshalb bieten wir <strong>24-Stunden-Selbstbedienungsw\u00e4scherei<\/strong> Und <strong>B\u00fcgel- und Dampfservice vor Ort<\/strong>, damit Sie leicht und frisch reisen k\u00f6nnen. Unsere <strong>Waschk\u00fcche<\/strong> ist mit modernen Maschinen und kostenlosem Waschmittel ausgestattet. An der Rezeption k\u00f6nnen Sie eine professionelle chemische Reinigung in Anspruch nehmen. Egal, ob Sie zwei N\u00e4chte oder zwei Wochen bleiben, dieser Service sorgt daf\u00fcr, dass Sie sich wie zu Hause f\u00fchlen.<\/p><p>Essen und Entspannen sind gleicherma\u00dfen m\u00f6glich. G\u00e4ste genie\u00dfen Zugang zu unserem eleganten <strong>Teestube<\/strong> Und <strong>Kartenraum<\/strong>, perfekt f\u00fcr ruhige Gespr\u00e4che, lockere Spiele oder zum Entspannen bei einer Tasse erstklassigen chinesischen Tees. Die <strong>Lobbybar<\/strong> Und <strong>Cafe<\/strong> bieten einladende R\u00e4ume f\u00fcr den Morgenkaffee oder abendliche Drinks, w\u00e4hrend <strong>Zimmerservice<\/strong> bringt die Aromen von <strong>Rong Ting Shi Fu (\u84c9\u5ead\u98df\u5e9c)<\/strong> direkt an Ihre T\u00fcr \u2013 oft per Roboter geliefert, sehr zur Freude wiederkehrender G\u00e4ste.<\/p><p>Der Transport wird einfach gemacht mit <strong>Taxi-Buchungsdienste<\/strong> Unser aufmerksames Personal bietet Ihnen einen komfortablen und komfortablen Flughafentransfer. Das Hotel bietet zwar keinen Flughafentransfer an, unser Team hilft Ihnen jedoch gerne bei der Bestellung zuverl\u00e4ssiger Taxis oder bei der Vermittlung von Fahrdienst-Apps wie Didi, was besonders f\u00fcr internationale Besucher hilfreich ist, die sich in der Stadt zurechtfinden. Das Hotel liegt nur <strong>640 Meter von der U-Bahn-Station Taisheng South Road (Linie 3)<\/strong>, wir sind auch nur wenige Schritte von \u00f6ffentlichen Verkehrsmitteln entfernt, die Sie m\u00fchelos zu wichtigen Sehensw\u00fcrdigkeiten wie <strong>Taikoo Li (15 Gehminuten)<\/strong>, <strong>Chunxi-Stra\u00dfe<\/strong>, Und <strong>Alte Jinli-Stra\u00dfe<\/strong>.<\/p><p>Hinter den Kulissen sorgen strenge Sicherheitsprotokolle f\u00fcr ein beruhigendes Gef\u00fchl. Das gesamte Anwesen verf\u00fcgt \u00fcber <strong>CCTV-\u00dcberwachung<\/strong>, <strong>Rauchmelder<\/strong>, <strong>Feuermelder<\/strong>und ein <strong>Schl\u00fcsselkarten-Zugangssystem<\/strong>. Ein engagierter <strong>Sicherheitspersonalteam<\/strong> \u00fcberwacht das Gel\u00e4nde rund um die Uhr, w\u00e4hrend <strong>L\u00fcftungssysteme<\/strong> Und <strong>Aufz\u00fcge<\/strong> werden regelm\u00e4\u00dfig auf Gesundheit und Zug\u00e4nglichkeit gewartet.<\/p><p>Jeder Service im Lyhn International Hotel wird von einem Grundsatz geleitet: <strong>Bed\u00fcrfnisse vorhersehen, bevor sie entstehen<\/strong>Mit einem herausragenden <strong>9,6\/10 Bewertung f\u00fcr den Service<\/strong> In \u00fcber 9.300 verifizierten Bewertungen auf Trip.com loben G\u00e4ste durchweg die Reaktionsbereitschaft, Freundlichkeit und Professionalit\u00e4t unseres Personals \u2013 von der pers\u00f6nlichen Aufmerksamkeit von Manager HeLiang bis hin zur geduldigen Beratung chinesischer G\u00e4ste aus dem Ausland, die mit Sprachbarrieren zu k\u00e4mpfen haben, durch den Rezeptionsmitarbeiter Wei Youyan.<\/p><p>Dies ist nicht nur ein Hotel mit gro\u00dfartigen Einrichtungen \u2013 es ist ein Ort, wo <strong>Technologie trifft Menschlichkeit<\/strong>, Wo <strong>Effizienz steigert das Erlebnis<\/strong>, und wo jedes Detail darauf ausgerichtet ist, Ihren Aufenthalt in Chengdu zu versch\u00f6nern. Im Lyhn International Hotel Chengdu Taikoo Li ist au\u00dfergew\u00f6hnlicher Service kein Extra. Er ist unser Wesen.<\/p><\/div>\t\t\t\t\t\t\t\t<\/div>\n\t\t\t\t\t<\/div>\n\t\t\t\t<\/div>\n\t\t\t\t<section class=\"elementor-section elementor-top-section elementor-element elementor-element-13a7802a elementor-section-stretched elementor-section-boxed elementor-section-gap-beside-yes elementor-section-height-default elementor-section-height-default elementor-section-column-vertical-align-stretch\" data-id=\"13a7802a\" data-element_type=\"section\" data-e-type=\"section\" data-settings=\"{&quot;background_background&quot;:&quot;classic&quot;,&quot;stretch_section&quot;:&quot;section-stretched&quot;}\">\n\t\t\t\t\t\t<div class=\"elementor-container elementor-column-gap-extended\">\n\t\t\t\t\t<div class=\"elementor-column elementor-col-100 elementor-top-column elementor-element elementor-element-cc3d97a\" data-id=\"cc3d97a\" data-element_type=\"column\" data-e-type=\"column\">\n\t\t\t<div class=\"elementor-widget-wrap elementor-element-populated\">\n\t\t\t\t\t\t<div class=\"elementor-element elementor-element-3673d6ff elementor-widget elementor-widget-nuss-heading\" data-id=\"3673d6ff\" data-element_type=\"widget\" data-e-type=\"widget\" data-widget_type=\"nuss-heading.default\">\n\t\t\t\t<div class=\"elementor-widget-container\">\n\t\t\t\t\t\t\t<div class=\"nuss-modern-heading\">\r\n\t\t\t\t\t\t<div class=\"heading-secondary-wrap\">\r\n\t\t\t\t<h3 class=\"heading-secondary elementor-heading-title\">Verf\u00fcgbarkeit pr\u00fcfen <\/h3>\t\t\t<\/div>\r\n\t\t\r\n\t\t\t\r\n\t\t\t\r\n\t\t\t\t\t<\/div>\r\n\t\t\t\t\t<\/div>\n\t\t\t\t<\/div>\n\t\t\t\t<div class=\"elementor-element elementor-element-1f054b4a elementor-widget elementor-widget-text-editor\" data-id=\"1f054b4a\" data-element_type=\"widget\" data-e-type=\"widget\" data-widget_type=\"text-editor.default\">\n\t\t\t\t\t\t\t\t\t<iframe border=\"0\" src=\"https:\/\/www.trip.com\/partners\/ad\/S5321409?Allianceid=4590391&#038;SID=258456612&#038;trip_sub1=\" style=\"width:1200px;height:200px\" frameborder=\"0\" scrolling=\"no\" id=\"S5321409\"><\/iframe>\t\t\t\t\t\t\t\t<\/div>\n\t\t\t\t\t<\/div>\n\t\t<\/div>\n\t\t\t\t\t<\/div>\n\t\t<\/section>\n\t\t\t\t<\/div>","protected":false},"excerpt":{"rendered":"<p>Exceptional Services Designed for Comfort, Convenience, and Connection at Lyhn International Hotel Chengdu Taikoo Li At Lyhn International Hotel Chengdu Taikoo Li, located in the vibrant heart of one of China\u2019s most dynamic cities at No.1 Tidu Street, Qingyang District, Chengdu, Sichuan 610000, service is not just a standard \u2014 it\u2019s a philosophy. Since opening [&hellip;]<\/p>\n","protected":false},"author":1,"featured_media":0,"parent":0,"menu_order":0,"comment_status":"closed","ping_status":"closed","template":"","meta":{"footnotes":""},"class_list":["post-647","page","type-page","status-publish","hentry","post-no-thumbnail"],"_links":{"self":[{"href":"https:\/\/lyhninternationalhotelchengdu.com\/de\/wp-json\/wp\/v2\/pages\/647","targetHints":{"allow":["GET"]}}],"collection":[{"href":"https:\/\/lyhninternationalhotelchengdu.com\/de\/wp-json\/wp\/v2\/pages"}],"about":[{"href":"https:\/\/lyhninternationalhotelchengdu.com\/de\/wp-json\/wp\/v2\/types\/page"}],"author":[{"embeddable":true,"href":"https:\/\/lyhninternationalhotelchengdu.com\/de\/wp-json\/wp\/v2\/users\/1"}],"replies":[{"embeddable":true,"href":"https:\/\/lyhninternationalhotelchengdu.com\/de\/wp-json\/wp\/v2\/comments?post=647"}],"version-history":[{"count":0,"href":"https:\/\/lyhninternationalhotelchengdu.com\/de\/wp-json\/wp\/v2\/pages\/647\/revisions"}],"wp:attachment":[{"href":"https:\/\/lyhninternationalhotelchengdu.com\/de\/wp-json\/wp\/v2\/media?parent=647"}],"curies":[{"name":"wp","href":"https:\/\/api.w.org\/{rel}","templated":true}]}}