{"id":612,"date":"2021-03-26T10:04:13","date_gmt":"2021-03-26T10:04:13","guid":{"rendered":"http:\/\/localhost\/nuss\/?page_id=612"},"modified":"2025-09-11T09:03:42","modified_gmt":"2025-09-11T09:03:42","slug":"restaurant","status":"publish","type":"page","link":"https:\/\/lyhninternationalhotelchengdu.com\/de\/restaurant\/","title":{"rendered":"Restaurant"},"content":{"rendered":"<div data-elementor-type=\"wp-page\" data-elementor-id=\"612\" class=\"elementor elementor-612\">\n\t\t\t\t\t\t<section class=\"elementor-section elementor-top-section elementor-element elementor-element-e2effe8 elementor-section-boxed elementor-section-gap-beside-yes elementor-section-height-default elementor-section-height-default elementor-section-column-vertical-align-stretch\" data-id=\"e2effe8\" data-element_type=\"section\" data-e-type=\"section\">\n\t\t\t\t\t\t<div class=\"elementor-container elementor-column-gap-extended\">\n\t\t\t\t\t<div class=\"elementor-column elementor-col-100 elementor-top-column elementor-element elementor-element-e18f688\" data-id=\"e18f688\" data-element_type=\"column\" data-e-type=\"column\">\n\t\t\t<div class=\"elementor-widget-wrap elementor-element-populated\">\n\t\t\t\t\t\t<div class=\"elementor-element elementor-element-6db146d elementor-widget__width-initial elementor-invisible elementor-widget elementor-widget-text-editor\" data-id=\"6db146d\" data-element_type=\"widget\" data-e-type=\"widget\" data-settings=\"{&quot;_animation&quot;:&quot;nussFadeInUp&quot;}\" data-widget_type=\"text-editor.default\">\n\t\t\t\t\t\t\t\t\t<p><strong data-spm-anchor-id=\"a2ty_o01.29997173.0.i77.4901c9211d0XT3\">Genie\u00dfen Sie die Seele von Sichuan: Entdecken Sie Rong Ting Shi Fu \u2013 das kulinarische Herz des Lyhn International Hotel Chengdu Taikoo Li<\/strong><\/p>\t\t\t\t\t\t\t\t<\/div>\n\t\t\t\t\t<\/div>\n\t\t<\/div>\n\t\t\t\t\t<\/div>\n\t\t<\/section>\n\t\t<div class=\"elementor-element elementor-element-f73e441 e-flex e-con-boxed e-con e-parent\" data-id=\"f73e441\" data-element_type=\"container\" data-e-type=\"container\">\n\t\t\t\t\t<div class=\"e-con-inner\">\n\t\t\t\t<div class=\"elementor-element elementor-element-f1d94b1 elementor-widget elementor-widget-nuss-image-gallery\" data-id=\"f1d94b1\" data-element_type=\"widget\" data-e-type=\"widget\" data-widget_type=\"nuss-image-gallery.default\">\n\t\t\t\t<div class=\"elementor-widget-container\">\n\t\t\t\t\t\t\t<div class=\"nuss-grid-wrapper\" data-grid=\"{&quot;type&quot;:&quot;grid&quot;,&quot;ratio&quot;:null,&quot;columns&quot;:3,&quot;gutter&quot;:30}\">\r\n\t\t\t<div class=\"nuss-grid lazy-grid\">\r\n\t\t\t\t<div class=\"grid-sizer\"><\/div>\r\n\r\n\t\t\t\t\t\t\t\t\t\t\t\t<div class=\"grid-item\">\r\n\t\t\t\t\t\t<div class=\"nuss-box\">\t\t<div class=\"nuss-image image\">\r\n\t\t\t<img decoding=\"async\"  src=\"https:\/\/lyhninternationalhotelchengdu.com\/wp-content\/uploads\/2025\/09\/Lyhn-International-Hotel-Chengdu-Taikoo-Li-52.webp\" alt=\"Lyhn International Hotel Chengdu Taikoo Li (52)\" \/>\t\t<\/div>\r\n\t\t\t\t<\/div>\t\t\t\t\t<\/div>\r\n\t\t\t\t\t\t<div class=\"grid-item\">\r\n\t\t\t\t\t\t<div class=\"nuss-box\">\t\t<div class=\"nuss-image image\">\r\n\t\t\t<img decoding=\"async\"  src=\"https:\/\/lyhninternationalhotelchengdu.com\/wp-content\/uploads\/2025\/09\/Lyhn-International-Hotel-Chengdu-Taikoo-Li-49.webp\" alt=\"Lyhn International Hotel Chengdu Taikoo Li (49)\" \/>\t\t<\/div>\r\n\t\t\t\t<\/div>\t\t\t\t\t<\/div>\r\n\t\t\t\t\t\t<div class=\"grid-item\">\r\n\t\t\t\t\t\t<div class=\"nuss-box\">\t\t<div class=\"nuss-image image\">\r\n\t\t\t<img decoding=\"async\"  src=\"https:\/\/lyhninternationalhotelchengdu.com\/wp-content\/uploads\/2025\/09\/Lyhn-International-Hotel-Chengdu-Taikoo-Li-48.webp\" alt=\"Lyhn International Hotel Chengdu Taikoo Li (48)\" \/>\t\t<\/div>\r\n\t\t\t\t<\/div>\t\t\t\t\t<\/div>\r\n\t\t\t\t\t\t<div class=\"grid-item\">\r\n\t\t\t\t\t\t<div class=\"nuss-box\">\t\t<div class=\"nuss-image image\">\r\n\t\t\t<img decoding=\"async\"  src=\"https:\/\/lyhninternationalhotelchengdu.com\/wp-content\/uploads\/2025\/09\/Lyhn-International-Hotel-Chengdu-Taikoo-Li-47.webp\" alt=\"Lyhn International Hotel Chengdu Taikoo Li (47)\" \/>\t\t<\/div>\r\n\t\t\t\t<\/div>\t\t\t\t\t<\/div>\r\n\t\t\t\t\t\t<div class=\"grid-item\">\r\n\t\t\t\t\t\t<div class=\"nuss-box\">\t\t<div class=\"nuss-image image\">\r\n\t\t\t<img decoding=\"async\"  src=\"https:\/\/lyhninternationalhotelchengdu.com\/wp-content\/uploads\/2025\/09\/Lyhn-International-Hotel-Chengdu-Taikoo-Li-45.webp\" alt=\"Lyhn International Hotel Chengdu Taikoo Li (45)\" \/>\t\t<\/div>\r\n\t\t\t\t<\/div>\t\t\t\t\t<\/div>\r\n\t\t\t\t\t\t<div class=\"grid-item\">\r\n\t\t\t\t\t\t<div class=\"nuss-box\">\t\t<div class=\"nuss-image image\">\r\n\t\t\t<img decoding=\"async\"  src=\"https:\/\/lyhninternationalhotelchengdu.com\/wp-content\/uploads\/2025\/09\/Lyhn-International-Hotel-Chengdu-Taikoo-Li-56.webp\" alt=\"Lyhn International Hotel Chengdu Taikoo Li (56)\" \/>\t\t<\/div>\r\n\t\t\t\t<\/div>\t\t\t\t\t<\/div>\r\n\t\t\t\t\t\t\t\r\n\t\t\t<\/div>\r\n\t\t<\/div>\r\n\t\t\t\t\t\t<\/div>\n\t\t\t\t<\/div>\n\t\t\t\t\t<\/div>\n\t\t\t\t<\/div>\n\t\t<div class=\"elementor-element elementor-element-3a92925 e-flex e-con-boxed e-con e-parent\" data-id=\"3a92925\" data-element_type=\"container\" data-e-type=\"container\">\n\t\t\t\t\t<div class=\"e-con-inner\">\n\t\t\t\t<div class=\"elementor-element elementor-element-0616968 elementor-widget elementor-widget-text-editor\" data-id=\"0616968\" data-element_type=\"widget\" data-e-type=\"widget\" data-widget_type=\"text-editor.default\">\n\t\t\t\t\t\t\t\t\t<p data-spm-anchor-id=\"a2ty_o01.29997173.0.i78.4901c9211d0XT3\">Eingebettet in das pulsierende kulturelle und kommerzielle Epizentrum von Chengdu, <strong>Lyhn International Hotel Chengdu Taikoo Li<\/strong> bietet mehr als nur einen luxuri\u00f6sen Aufenthalt \u2013 es bietet eine unvergessliche gastronomische Reise in seinem charakteristischen Restaurant vor Ort, <strong>Rong Ting Shi Fu (\u84c9\u5ead\u98df\u5e9c)<\/strong>. Standort <strong>Tidu-Stra\u00dfe Nr. 1, Bezirk Qingyang<\/strong>Dieses sorgf\u00e4ltig zusammengestellte Speiselokal l\u00e4dt G\u00e4ste und Liebhaber lokaler K\u00fcche gleicherma\u00dfen ein, die kr\u00e4ftigen, aromatischen und \u00e4u\u00dferst befriedigenden Aromen der authentischen Sichuan-K\u00fcche zu erleben, die durch moderne Eleganz und tadellosen Service verfeinert werden.<\/p><div class=\"my-2\">\u00a0<\/div><p>T\u00e4glich ge\u00f6ffnet von <strong>07:00 bis 22:00<\/strong>Rong Ting Shi Fu ist nicht nur ein Hotelrestaurant \u2013 es ist eine Hommage an Chengdus reiches kulinarisches Erbe. Ob Sie Ihren Tag mit einem belebenden Fr\u00fchst\u00fcck beginnen, beim Nachmittagstee entspannen oder nach der Erkundung von Taikoo Li ein feuriges Abendessen genie\u00dfen, unser Restaurant bietet bei jeder Mahlzeit eine nahtlose Mischung aus Tradition und Innovation. Mit beiden <strong>\u00c0-la-carte- und Buffet-Optionen<\/strong> Die G\u00e4ste k\u00f6nnen ihren bevorzugten Speisestil w\u00e4hlen und dabei stets hohe Standards in puncto Frische, Geschmack und Pr\u00e4sentation genie\u00dfen.<\/p><div class=\"my-2\">\u00a0<\/div><p>Das Fr\u00fchst\u00fcck im Rong Ting Shi Fu ist ein Highlight f\u00fcr Reisende, die Energie und Komfort suchen. Die G\u00e4ste werden mit einem <strong>abwechslungsreiches Fr\u00fchst\u00fccksangebot<\/strong> Das Restaurant bietet sowohl westliche als auch chinesische Gerichte \u2013 von lockeren Eiern, knusprigem Speck und gebackenem Geb\u00e4ck bis hin zu dampfenden Sch\u00fcsseln mit Reisbrei, herzhaften Teigtaschen, frischen Br\u00f6tchen und regionalen Spezialit\u00e4ten wie Dan-Dan-Nudeln und w\u00fcrzigen Sichuan-Pickles. Diese harmonische Fusion spiegelt den kosmopolitischen Geist Chengdus wider und hei\u00dft internationale Besucher willkommen, ohne dabei den lokalen Geschmack zu vernachl\u00e4ssigen.<\/p><div class=\"my-2\">\u00a0<\/div><p>Zum Mittag- und Abendessen erstrahlt die Speisekarte in der Essenz der Sichuan-K\u00fcche. Denken Sie <strong>bet\u00e4ubend leckeres Mapo Tofu<\/strong>, fachm\u00e4nnisch ausgewogen mit Chili und Sichuan-Pfefferk\u00f6rnern; zart <strong>Kung Pao H\u00fchnchen<\/strong> mit genau der richtigen Hitze; und langsam geschmort <strong>Schweinebauch in roter Sauce<\/strong> das auf der Zunge zergeht. Unsere K\u00f6che beziehen saisonale Zutaten von lokalen M\u00e4rkten, um Authentizit\u00e4t und Qualit\u00e4t zu gew\u00e4hrleisten. Sie kreieren Gerichte, die altehrw\u00fcrdige Rezepte ehren und gleichzeitig den modernen Gaumen ansprechen.<\/p><div class=\"my-2\">\u00a0<\/div><p>Eines der herausragendsten Erlebnisse bei Rong Ting Shi Fu ist die <strong>Nachmittagsteeservice<\/strong>, von G\u00e4sten f\u00fcr sein entspanntes Ambiente und die durchdachten Angebote gelobt. Genie\u00dfen Sie erstklassige chinesische Tees, dazu feine Dim Sum, s\u00fc\u00dfes Geb\u00e4ck und leichte Snacks \u2013 eine perfekte Pause zwischen Sightseeing und abendlichen Erkundungen. Ein TripAdvisor-Rezensent bemerkte: <em>\u201eIch habe Gutscheine f\u00fcr einen kostenlosen Nachmittagstee bekommen \u2026 ein Standardset, bei dem man Snacks essen, Tee trinken und entspannen kann.\u201c<\/em> \u2013 ein Beweis f\u00fcr die herzliche Gastfreundschaft, die in jeden Aspekt des Speiseerlebnisses eingewoben ist.<\/p><div class=\"my-2\">\u00a0<\/div><p>Das Restaurant bietet auch vegetarische Gerichte an und geht, wenn m\u00f6glich, auf Sonderw\u00fcnsche ein. F\u00fcr Gesch\u00e4ftsreisende ist das Rong Ting Shi Fu dank seines eleganten Ambientes ideal f\u00fcr informelle Meetings oder Kundenessen, w\u00e4hrend Familien die kinderfreundliche Atmosph\u00e4re sch\u00e4tzen, darunter <strong>Kinderzahnb\u00fcrsten und Hausschuhe<\/strong> auf Anfrage zur Verf\u00fcgung gestellt.<\/p><div class=\"my-2\">\u00a0<\/div><p>Was Rong Ting Shi Fu neben dem Essen auszeichnet, ist seine <strong>Engagement f\u00fcr Innovation und G\u00e4stezufriedenheit<\/strong>. Hier geht es nicht nur ums Essen \u2013 es geht um die Interaktion mit einem intelligenten, modernen Gastfreundschafts-\u00d6kosystem. Speisen und Annehmlichkeiten k\u00f6nnen sogar direkt auf Ihr Zimmer geliefert werden, \u00fcber unsere beliebte <strong>Serviceroboter in Pandaform<\/strong>und verleiht Ihrem Aufenthalt einen Hauch von Spa\u00df und futuristischem Flair.<\/p><div class=\"my-2\">\u00a0<\/div><p>G\u00fcnstig gelegen, nur <strong>640 Meter vom U-Bahnhof Taisheng South Road entfernt<\/strong> und nur wenige Schritte entfernt von <strong>Chunxi Road und Taikoo Li<\/strong>Rong Ting Shi Fu ist nicht nur f\u00fcr Hotelg\u00e4ste, sondern auch f\u00fcr anspruchsvolle Einheimische und Touristen, die echte Sichuan-Aromen in einem eleganten Ambiente probieren m\u00f6chten, zu einer beliebten Wahl geworden.<\/p><div class=\"my-2\">\u00a0<\/div><p data-spm-anchor-id=\"a2ty_o01.29997173.0.i79.4901c9211d0XT3\">Egal, ob Sie Lust auf die legend\u00e4re W\u00fcrze von Chengdu haben oder einen eleganten, urbanen Speiseort suchen, <strong>Rong Ting Shi Fu im Lyhn International Hotel<\/strong> verspricht ein Fest f\u00fcr die Sinne. Kommen Sie wegen des Essens, bleiben Sie wegen des Ambientes und gehen Sie mit Erinnerungen, die von der W\u00e4rme, dem Geschmack und der Seele einer der gr\u00f6\u00dften kulinarischen St\u00e4dte Chinas gepr\u00e4gt sind.<\/p>\t\t\t\t\t\t\t\t<\/div>\n\t\t\t\t\t<\/div>\n\t\t\t\t<\/div>\n\t\t\t\t<section class=\"elementor-section elementor-top-section elementor-element elementor-element-48d75367 elementor-section-stretched elementor-section-boxed elementor-section-gap-beside-yes elementor-section-height-default elementor-section-height-default elementor-section-column-vertical-align-stretch\" data-id=\"48d75367\" data-element_type=\"section\" data-e-type=\"section\" data-settings=\"{&quot;background_background&quot;:&quot;classic&quot;,&quot;stretch_section&quot;:&quot;section-stretched&quot;}\">\n\t\t\t\t\t\t<div class=\"elementor-container elementor-column-gap-extended\">\n\t\t\t\t\t<div class=\"elementor-column elementor-col-100 elementor-top-column elementor-element elementor-element-4fb0afc8\" data-id=\"4fb0afc8\" data-element_type=\"column\" data-e-type=\"column\">\n\t\t\t<div class=\"elementor-widget-wrap elementor-element-populated\">\n\t\t\t\t\t\t<div class=\"elementor-element elementor-element-776e4b08 elementor-widget elementor-widget-nuss-heading\" data-id=\"776e4b08\" data-element_type=\"widget\" data-e-type=\"widget\" data-widget_type=\"nuss-heading.default\">\n\t\t\t\t<div class=\"elementor-widget-container\">\n\t\t\t\t\t\t\t<div class=\"nuss-modern-heading\">\r\n\t\t\t\t\t\t<div class=\"heading-secondary-wrap\">\r\n\t\t\t\t<h3 class=\"heading-secondary elementor-heading-title\">Verf\u00fcgbarkeit pr\u00fcfen <\/h3>\t\t\t<\/div>\r\n\t\t\r\n\t\t\t\r\n\t\t\t\r\n\t\t\t\t\t<\/div>\r\n\t\t\t\t\t<\/div>\n\t\t\t\t<\/div>\n\t\t\t\t<div class=\"elementor-element elementor-element-629347a6 elementor-widget elementor-widget-text-editor\" data-id=\"629347a6\" data-element_type=\"widget\" data-e-type=\"widget\" data-widget_type=\"text-editor.default\">\n\t\t\t\t\t\t\t\t\t<iframe border=\"0\" src=\"https:\/\/www.trip.com\/partners\/ad\/S5321409?Allianceid=4590391&#038;SID=258456612&#038;trip_sub1=\" style=\"width:1200px;height:200px\" frameborder=\"0\" scrolling=\"no\" id=\"S5321409\"><\/iframe>\t\t\t\t\t\t\t\t<\/div>\n\t\t\t\t\t<\/div>\n\t\t<\/div>\n\t\t\t\t\t<\/div>\n\t\t<\/section>\n\t\t\t\t<\/div>","protected":false},"excerpt":{"rendered":"<p>Savor the Soul of Sichuan: Discover Rong Ting Shi Fu \u2013 The Culinary Heart of Lyhn International Hotel Chengdu Taikoo Li Nestled in the vibrant cultural and commercial epicenter of Chengdu, Lyhn International Hotel Chengdu Taikoo Li offers more than just a luxurious stay \u2014 it delivers an unforgettable gastronomic journey at its signature on-site [&hellip;]<\/p>\n","protected":false},"author":1,"featured_media":0,"parent":0,"menu_order":0,"comment_status":"closed","ping_status":"closed","template":"","meta":{"footnotes":""},"class_list":["post-612","page","type-page","status-publish","hentry","post-no-thumbnail"],"_links":{"self":[{"href":"https:\/\/lyhninternationalhotelchengdu.com\/de\/wp-json\/wp\/v2\/pages\/612","targetHints":{"allow":["GET"]}}],"collection":[{"href":"https:\/\/lyhninternationalhotelchengdu.com\/de\/wp-json\/wp\/v2\/pages"}],"about":[{"href":"https:\/\/lyhninternationalhotelchengdu.com\/de\/wp-json\/wp\/v2\/types\/page"}],"author":[{"embeddable":true,"href":"https:\/\/lyhninternationalhotelchengdu.com\/de\/wp-json\/wp\/v2\/users\/1"}],"replies":[{"embeddable":true,"href":"https:\/\/lyhninternationalhotelchengdu.com\/de\/wp-json\/wp\/v2\/comments?post=612"}],"version-history":[{"count":0,"href":"https:\/\/lyhninternationalhotelchengdu.com\/de\/wp-json\/wp\/v2\/pages\/612\/revisions"}],"wp:attachment":[{"href":"https:\/\/lyhninternationalhotelchengdu.com\/de\/wp-json\/wp\/v2\/media?parent=612"}],"curies":[{"name":"wp","href":"https:\/\/api.w.org\/{rel}","templated":true}]}}