{"id":2109,"date":"2021-03-26T08:35:58","date_gmt":"2021-03-26T08:35:58","guid":{"rendered":"http:\/\/localhost\/nuss\/?page_id=536"},"modified":"2025-09-11T08:09:23","modified_gmt":"2025-09-11T08:09:23","slug":"business-einrichtungen","status":"publish","type":"page","link":"https:\/\/lyhninternationalhotelchengdu.com\/de\/business-einrichtungen\/","title":{"rendered":"Business-Einrichtungen"},"content":{"rendered":"<div data-elementor-type=\"wp-page\" data-elementor-id=\"2109\" class=\"elementor elementor-2109\">\n\t\t\t\t\t\t<section class=\"elementor-section elementor-top-section elementor-element elementor-element-bb2901b elementor-section-boxed elementor-section-gap-beside-yes elementor-section-height-default elementor-section-height-default elementor-section-column-vertical-align-stretch\" data-id=\"bb2901b\" data-element_type=\"section\" data-e-type=\"section\">\n\t\t\t\t\t\t<div class=\"elementor-container elementor-column-gap-extended\">\n\t\t\t\t\t<div class=\"elementor-column elementor-col-100 elementor-top-column elementor-element elementor-element-1919db9\" data-id=\"1919db9\" data-element_type=\"column\" data-e-type=\"column\">\n\t\t\t<div class=\"elementor-widget-wrap elementor-element-populated\">\n\t\t\t\t\t\t<div class=\"elementor-element elementor-element-41a7b9c elementor-widget__width-initial elementor-invisible elementor-widget elementor-widget-text-editor\" data-id=\"41a7b9c\" data-element_type=\"widget\" data-e-type=\"widget\" data-settings=\"{&quot;_animation&quot;:&quot;nussFadeInUp&quot;}\" data-widget_type=\"text-editor.default\">\n\t\t\t\t\t\t\t\t\t<p><strong data-spm-anchor-id=\"a2ty_o01.29997173.0.i47.4901c9211d0XT3\">Anspruchsvolle Business-Einrichtungen f\u00fcr Produktivit\u00e4t und professionelle Exzellenz im Lyhn International Hotel Chengdu Taikoo Li<\/strong><\/p>\t\t\t\t\t\t\t\t<\/div>\n\t\t\t\t\t<\/div>\n\t\t<\/div>\n\t\t\t\t\t<\/div>\n\t\t<\/section>\n\t\t<div class=\"elementor-element elementor-element-4b1112f e-flex e-con-boxed e-con e-parent\" data-id=\"4b1112f\" data-element_type=\"container\" data-e-type=\"container\">\n\t\t\t\t\t<div class=\"e-con-inner\">\n\t\t\t\t<div class=\"elementor-element elementor-element-38409cf elementor-widget elementor-widget-text-editor\" data-id=\"38409cf\" data-element_type=\"widget\" data-e-type=\"widget\" data-widget_type=\"text-editor.default\">\n\t\t\t\t\t\t\t\t\t<p data-spm-anchor-id=\"a2ty_o01.29997173.0.i49.4901c9211d0XT3\">F\u00fcr den modernen Gesch\u00e4ftsreisenden beginnt der Erfolg mit reibungsloser Logistik, zuverl\u00e4ssiger Technologie und einer Umgebung, die Konzentration und Effizienz f\u00f6rdert. Bei <strong>Lyhn International Hotel Chengdu Taikoo Li<\/strong>, gelegen im florierenden Gesch\u00e4ftszentrum von Chengdu bei <strong>Tidu-Stra\u00dfe Nr. 1, Bezirk Qingyang<\/strong>verstehen wir die Anforderungen der dynamischen Berufst\u00e4tigen von heute. Deshalb sind unsere durchdachten <strong>Business-Einrichtungen<\/strong> Gehen Sie \u00fcber das Wesentliche hinaus und bieten Sie ein anspruchsvolles, produktives Erlebnis, das auf Unternehmer, Gesch\u00e4ftsg\u00e4ste und internationale Delegierte gleicherma\u00dfen zugeschnitten ist.<\/p><div class=\"my-2\">\u00a0<\/div><p>Das Lyhn International Hotel bietet die intime Atmosph\u00e4re eines Boutique-Hotels und ist dennoch bestens f\u00fcr anspruchsvolle Gesch\u00e4ftsaufenthalte ausgestattet. Jedes G\u00e4stezimmer und jeder Gemeinschaftsbereich verf\u00fcgt \u00fcber <strong>Hochgeschwindigkeits- und stabile WLAN-Konnektivit\u00e4t<\/strong>, wodurch unterbrechungsfreie Videokonferenzen, sicherer E-Mail-Zugriff und reibungslose Zusammenarbeit in der Cloud gew\u00e4hrleistet werden \u2013 unerl\u00e4sslich f\u00fcr die Remote-Arbeit oder die Synchronisierung mit globalen Teams. Egal, ob Sie von Ihrem Zimmer aus eine Pr\u00e4sentation fertigstellen oder sich bei einer Tasse Kaffee auf ein Kundengespr\u00e4ch vorbereiten, unser Netzwerk ist auf Geschwindigkeit und Zuverl\u00e4ssigkeit optimiert.<\/p><div class=\"my-2\">\u00a0<\/div><p>Dank der zentralen Lage des Hotels erreichen Sie die wichtigsten Gesch\u00e4ftsviertel Chengdus, die B\u00fcros multinationaler Konzerne und die Innovationszentren in der Hi-Tech-Zone und Jinjiang in wenigen Minuten. Nur wenige Schritte entfernt <strong>Taikoo Li<\/strong> ist nicht nur ein luxuri\u00f6ses Lifestyle-Reiseziel \u2013 es beherbergt auch Flagship-B\u00fcros, Coworking-Spaces und internationale Marken, was unser Hotel zum idealen Ausgangspunkt f\u00fcr Berufst\u00e4tige macht, die sich mit Netzwerken, Partnerschaften oder der Marktexpansion in Westchina besch\u00e4ftigen.<\/p>\t\t\t\t\t\t\t\t<\/div>\n\t\t\t\t\t<\/div>\n\t\t\t\t<\/div>\n\t\t<div class=\"elementor-element elementor-element-a43bdfd e-flex e-con-boxed e-con e-parent\" data-id=\"a43bdfd\" data-element_type=\"container\" data-e-type=\"container\">\n\t\t\t\t\t<div class=\"e-con-inner\">\n\t\t\t\t<div class=\"elementor-element elementor-element-7fd0596 elementor-widget elementor-widget-image\" data-id=\"7fd0596\" data-element_type=\"widget\" data-e-type=\"widget\" data-widget_type=\"image.default\">\n\t\t\t\t\t\t\t\t\t\t\t\t\t\t\t<img fetchpriority=\"high\" decoding=\"async\" width=\"1024\" height=\"456\" src=\"https:\/\/lyhninternationalhotelchengdu.com\/wp-content\/uploads\/2025\/09\/Lyhn-International-Hotel-Chengdu-Taikoo-Li-10-1024x456.webp\" class=\"attachment-large size-large wp-image-5600\" alt=\"\" srcset=\"https:\/\/lyhninternationalhotelchengdu.com\/wp-content\/uploads\/2025\/09\/Lyhn-International-Hotel-Chengdu-Taikoo-Li-10-1024x456.webp 1024w, https:\/\/lyhninternationalhotelchengdu.com\/wp-content\/uploads\/2025\/09\/Lyhn-International-Hotel-Chengdu-Taikoo-Li-10-300x134.webp 300w, https:\/\/lyhninternationalhotelchengdu.com\/wp-content\/uploads\/2025\/09\/Lyhn-International-Hotel-Chengdu-Taikoo-Li-10-768x342.webp 768w, https:\/\/lyhninternationalhotelchengdu.com\/wp-content\/uploads\/2025\/09\/Lyhn-International-Hotel-Chengdu-Taikoo-Li-10-18x8.webp 18w, https:\/\/lyhninternationalhotelchengdu.com\/wp-content\/uploads\/2025\/09\/Lyhn-International-Hotel-Chengdu-Taikoo-Li-10.webp 1280w\" sizes=\"(max-width: 1024px) 100vw, 1024px\" \/>\t\t\t\t\t\t\t\t\t\t\t\t\t\t\t<\/div>\n\t\t\t\t\t<\/div>\n\t\t\t\t<\/div>\n\t\t<div class=\"elementor-element elementor-element-c5593fb e-flex e-con-boxed e-con e-parent\" data-id=\"c5593fb\" data-element_type=\"container\" data-e-type=\"container\">\n\t\t\t\t\t<div class=\"e-con-inner\">\n\t\t\t\t<div class=\"elementor-element elementor-element-668b576 elementor-widget elementor-widget-text-editor\" data-id=\"668b576\" data-element_type=\"widget\" data-e-type=\"widget\" data-widget_type=\"text-editor.default\">\n\t\t\t\t\t\t\t\t\t<p>Trotz seiner kompakten Gr\u00f6\u00dfe bietet das Hotel <strong>dedizierte Arbeitsplatzl\u00f6sungen<\/strong> In ausgew\u00e4hlten G\u00e4stezimmern finden Sie ergonomische Sitzgelegenheiten, gut beleuchtete Schreibtische, Steckdosen mit Universaladaptern und ger\u00e4uschreduzierte Innenausstattung f\u00fcr private Gespr\u00e4che oder konzentriertes Arbeiten. F\u00fcr informelle Treffen oder kurze Diskussionen bietet die <strong>elegante Lobby-Lounge<\/strong> bietet eine elegante, ruhige Umgebung, in der Sie Kollegen bei einem erstklassigen Tee- oder Espressoservice bewirten k\u00f6nnen.<\/p><div class=\"my-2\">\u00a0<\/div><p data-spm-anchor-id=\"a2ty_o01.29997173.0.i50.4901c9211d0XT3\">Erg\u00e4nzend zu diesen Funktionen sind <strong>24-Stunden-Rezeption<\/strong> Mehrsprachiges Personal steht Ihnen beim Drucken, der Dokumentenbearbeitung, Kurieranfragen und kurzfristigen Terminplanungen zur Verf\u00fcgung. M\u00fcssen Sie fr\u00fcher abreisen? Nutzen Sie unsere <strong>Express-Check-out<\/strong> Und <strong>Fr\u00fchfr\u00fchst\u00fccksservice<\/strong> um Ihre Zeit optimal zu nutzen. Wir bieten auch <strong>Flughafentransfer-Arrangements<\/strong> und die Koordination des lokalen Transports, wodurch der Reisestress minimiert wird, sodass Sie erfrischt und p\u00fcnktlich zu Ihren Meetings kommen.<\/p><div class=\"my-2\">\u00a0<\/div><p>Dar\u00fcber hinaus profitieren die G\u00e4ste von <strong>Fitnesseinrichtungen vor Ort<\/strong> um auch auf l\u00e4ngeren Gesch\u00e4ftsreisen Wellness-Routinen einzuhalten \u2013 denn Spitzenleistung beginnt mit k\u00f6rperlichem und geistigem Gleichgewicht. Die ruhige Atmosph\u00e4re des Hotels, fernab vom Chaos gro\u00dfer Ketten und dennoch eingebettet in urbanen Komfort, schafft das perfekte Gleichgewicht zwischen Produktivit\u00e4t und Erholung.<\/p><div class=\"my-2\">\u00a0<\/div><p>Ob Sie f\u00fcr ein kurzfristiges Projekt, ein Investorentreffen oder eine regionale Konferenz in Chengdu sind, <strong>Lyhn International Hotel Chengdu Taikoo Li<\/strong> bietet ein professionelles Ambiente in dezenter Eleganz. Hier bedeutet Business nicht, auf Komfort zu verzichten \u2013 es bedeutet, intelligenter zu arbeiten, in Verbindung zu bleiben und die Stadt selbstbewusst und entspannt zu erleben.<\/p><div class=\"my-2\">\u00a0<\/div><p>W\u00e4hlen Sie das Lyhn International Hotel nicht nur als Unterkunft, sondern als Ihren strategischen Partner f\u00fcr die Erreichung gesch\u00e4ftlicher Spitzenleistungen in einer der zukunftsorientiertesten St\u00e4dte Chinas.<\/p>\t\t\t\t\t\t\t\t<\/div>\n\t\t\t\t\t<\/div>\n\t\t\t\t<\/div>\n\t\t\t\t<section class=\"elementor-section elementor-top-section elementor-element elementor-element-41197a65 elementor-section-stretched elementor-section-boxed elementor-section-gap-beside-yes elementor-section-height-default elementor-section-height-default elementor-section-column-vertical-align-stretch\" data-id=\"41197a65\" data-element_type=\"section\" data-e-type=\"section\" data-settings=\"{&quot;background_background&quot;:&quot;classic&quot;,&quot;stretch_section&quot;:&quot;section-stretched&quot;}\">\n\t\t\t\t\t\t<div class=\"elementor-container elementor-column-gap-extended\">\n\t\t\t\t\t<div class=\"elementor-column elementor-col-100 elementor-top-column elementor-element elementor-element-7e9449bf\" data-id=\"7e9449bf\" data-element_type=\"column\" data-e-type=\"column\">\n\t\t\t<div class=\"elementor-widget-wrap elementor-element-populated\">\n\t\t\t\t\t\t<div class=\"elementor-element elementor-element-74bcb6ae elementor-widget elementor-widget-nuss-heading\" data-id=\"74bcb6ae\" data-element_type=\"widget\" data-e-type=\"widget\" data-widget_type=\"nuss-heading.default\">\n\t\t\t\t<div class=\"elementor-widget-container\">\n\t\t\t\t\t\t\t<div class=\"nuss-modern-heading\">\r\n\t\t\t\t\t\t<div class=\"heading-secondary-wrap\">\r\n\t\t\t\t<h3 class=\"heading-secondary elementor-heading-title\">Verf\u00fcgbarkeit pr\u00fcfen <\/h3>\t\t\t<\/div>\r\n\t\t\r\n\t\t\t\r\n\t\t\t\r\n\t\t\t\t\t<\/div>\r\n\t\t\t\t\t<\/div>\n\t\t\t\t<\/div>\n\t\t\t\t<div class=\"elementor-element elementor-element-652e4934 elementor-widget elementor-widget-text-editor\" data-id=\"652e4934\" data-element_type=\"widget\" data-e-type=\"widget\" data-widget_type=\"text-editor.default\">\n\t\t\t\t\t\t\t\t\t<iframe border=\"0\" src=\"https:\/\/www.trip.com\/partners\/ad\/S5321409?Allianceid=4590391&#038;SID=258456612&#038;trip_sub1=\" style=\"width:1200px;height:200px\" frameborder=\"0\" scrolling=\"no\" id=\"S5321409\"><\/iframe>\t\t\t\t\t\t\t\t<\/div>\n\t\t\t\t\t<\/div>\n\t\t<\/div>\n\t\t\t\t\t<\/div>\n\t\t<\/section>\n\t\t\t\t<\/div>","protected":false},"excerpt":{"rendered":"<p>Sophisticated Business Facilities Designed for Productivity and Professional Excellence at Lyhn International Hotel Chengdu Taikoo Li For the modern business traveler, success begins with seamless logistics, reliable technology, and an environment that fosters focus and efficiency. At Lyhn International Hotel Chengdu Taikoo Li, located in the thriving commercial heart of Chengdu at No.1 Tidu Street, [&hellip;]<\/p>\n","protected":false},"author":1,"featured_media":0,"parent":0,"menu_order":0,"comment_status":"closed","ping_status":"closed","template":"","meta":{"footnotes":""},"class_list":["post-2109","page","type-page","status-publish","hentry","post-no-thumbnail"],"_links":{"self":[{"href":"https:\/\/lyhninternationalhotelchengdu.com\/de\/wp-json\/wp\/v2\/pages\/2109","targetHints":{"allow":["GET"]}}],"collection":[{"href":"https:\/\/lyhninternationalhotelchengdu.com\/de\/wp-json\/wp\/v2\/pages"}],"about":[{"href":"https:\/\/lyhninternationalhotelchengdu.com\/de\/wp-json\/wp\/v2\/types\/page"}],"author":[{"embeddable":true,"href":"https:\/\/lyhninternationalhotelchengdu.com\/de\/wp-json\/wp\/v2\/users\/1"}],"replies":[{"embeddable":true,"href":"https:\/\/lyhninternationalhotelchengdu.com\/de\/wp-json\/wp\/v2\/comments?post=2109"}],"version-history":[{"count":0,"href":"https:\/\/lyhninternationalhotelchengdu.com\/de\/wp-json\/wp\/v2\/pages\/2109\/revisions"}],"wp:attachment":[{"href":"https:\/\/lyhninternationalhotelchengdu.com\/de\/wp-json\/wp\/v2\/media?parent=2109"}],"curies":[{"name":"wp","href":"https:\/\/api.w.org\/{rel}","templated":true}]}}