{"id":2106,"date":"2021-03-25T04:08:26","date_gmt":"2021-03-25T04:08:26","guid":{"rendered":"http:\/\/localhost\/nuss\/?page_id=298"},"modified":"2025-09-11T08:32:50","modified_gmt":"2025-09-11T08:32:50","slug":"kundenerfahrungen-bewertungen","status":"publish","type":"page","link":"https:\/\/lyhninternationalhotelchengdu.com\/de\/kundenerfahrungen-bewertungen\/","title":{"rendered":"Kundenerfahrungen &amp; Bewertungen"},"content":{"rendered":"<div data-elementor-type=\"wp-page\" data-elementor-id=\"2106\" class=\"elementor elementor-2106\">\n\t\t\t\t\t\t<section class=\"elementor-section elementor-top-section elementor-element elementor-element-1954ffc elementor-section-boxed elementor-section-gap-beside-yes elementor-section-height-default elementor-section-height-default elementor-section-column-vertical-align-stretch\" data-id=\"1954ffc\" data-element_type=\"section\" data-e-type=\"section\">\n\t\t\t\t\t\t<div class=\"elementor-container elementor-column-gap-extended\">\n\t\t\t\t\t<div class=\"elementor-column elementor-col-100 elementor-top-column elementor-element elementor-element-86aebc5\" data-id=\"86aebc5\" data-element_type=\"column\" data-e-type=\"column\">\n\t\t\t<div class=\"elementor-widget-wrap elementor-element-populated\">\n\t\t\t\t\t\t<div class=\"elementor-element elementor-element-11803d1 elementor-widget__width-initial elementor-invisible elementor-widget elementor-widget-text-editor\" data-id=\"11803d1\" data-element_type=\"widget\" data-e-type=\"widget\" data-settings=\"{&quot;_animation&quot;:&quot;nussFadeInUp&quot;}\" data-widget_type=\"text-editor.default\">\n\t\t\t\t\t\t\t\t\t<p><strong data-spm-anchor-id=\"a2ty_o01.29997173.0.i54.4901c9211d0XT3\">Au\u00dfergew\u00f6hnliche G\u00e4steerlebnisse und begeisterte Kritiken: Was Reisende \u00fcber das Lyhn International Hotel Chengdu Taikoo Li sagen<\/strong><\/p>\t\t\t\t\t\t\t\t<\/div>\n\t\t\t\t\t<\/div>\n\t\t<\/div>\n\t\t\t\t\t<\/div>\n\t\t<\/section>\n\t\t<div class=\"elementor-element elementor-element-9e99630 e-flex e-con-boxed e-con e-parent\" data-id=\"9e99630\" data-element_type=\"container\" data-e-type=\"container\">\n\t\t\t\t\t<div class=\"e-con-inner\">\n\t\t\t\t<div class=\"elementor-element elementor-element-1eb468c elementor-widget elementor-widget-image\" data-id=\"1eb468c\" data-element_type=\"widget\" data-e-type=\"widget\" data-widget_type=\"image.default\">\n\t\t\t\t\t\t\t\t\t\t\t\t\t\t\t\t<a href=\"https:\/\/www.trip.com\/t\/AR8HtzWtPR2\" target=\"_blank\" rel=\"noopener\">\n\t\t\t\t\t\t\t<img fetchpriority=\"high\" decoding=\"async\" width=\"1024\" height=\"297\" src=\"https:\/\/lyhninternationalhotelchengdu.com\/wp-content\/uploads\/2025\/09\/review-1024x297.jpg\" class=\"attachment-large size-large wp-image-5775\" alt=\"\" srcset=\"https:\/\/lyhninternationalhotelchengdu.com\/wp-content\/uploads\/2025\/09\/review-1024x297.jpg 1024w, https:\/\/lyhninternationalhotelchengdu.com\/wp-content\/uploads\/2025\/09\/review-300x87.jpg 300w, https:\/\/lyhninternationalhotelchengdu.com\/wp-content\/uploads\/2025\/09\/review-768x223.jpg 768w, https:\/\/lyhninternationalhotelchengdu.com\/wp-content\/uploads\/2025\/09\/review-18x5.jpg 18w, https:\/\/lyhninternationalhotelchengdu.com\/wp-content\/uploads\/2025\/09\/review.jpg 1287w\" sizes=\"(max-width: 1024px) 100vw, 1024px\" \/>\t\t\t\t\t\t\t\t<\/a>\n\t\t\t\t\t\t\t\t\t\t\t\t\t\t\t<\/div>\n\t\t\t\t\t<\/div>\n\t\t\t\t<\/div>\n\t\t<div class=\"elementor-element elementor-element-cf9cdf6 e-flex e-con-boxed e-con e-parent\" data-id=\"cf9cdf6\" data-element_type=\"container\" data-e-type=\"container\">\n\t\t\t\t\t<div class=\"e-con-inner\">\n\t\t\t\t<div class=\"elementor-element elementor-element-ff1369e elementor-widget elementor-widget-text-editor\" data-id=\"ff1369e\" data-element_type=\"widget\" data-e-type=\"widget\" data-widget_type=\"text-editor.default\">\n\t\t\t\t\t\t\t\t\t<p data-spm-anchor-id=\"a2ty_o01.29997173.0.i56.4901c9211d0XT3\">Wenn es darum geht, den perfekten Ort f\u00fcr einen Aufenthalt in Chengdu zu finden, spricht nichts lauter als die Stimmen derjenigen, die es aus erster Hand erlebt haben. Bei <strong>Lyhn International Hotel Chengdu Taikoo Li<\/strong>, gelegen in <strong>Nr. 1 Tidu Street, Bezirk Qingyang, Chengdu, Sichuan 610000<\/strong>ist die Zufriedenheit der G\u00e4ste nicht nur ein Ziel \u2013 sie ist eine best\u00e4ndige Realit\u00e4t, die sich in begeisterten Kundenerlebnissen auf f\u00fchrenden Reiseplattformen wie widerspiegelt <strong>Trip.com<\/strong> Und <strong>TripAdvisor<\/strong>.<\/p><div class=\"my-2\">\u00a0<\/div><p data-spm-anchor-id=\"a2ty_o01.29997173.0.i55.4901c9211d0XT3\">Reisende aus aller Welt loben das Lyhn International Hotel f\u00fcr seine gelungene Kombination aus <strong>erstklassige Lage, moderner Komfort, aufmerksamer Service und Boutique-Charme<\/strong>Mit einer beeindruckenden <strong>4,7\/5 Bewertung auf Trip.com<\/strong> Basierend auf Hunderten von verifizierten G\u00e4stebewertungen ist das Hotel eine der am meisten empfohlenen Unterk\u00fcnfte im Zentrum von Chengdu. G\u00e4ste heben h\u00e4ufig hervor, <strong>Au\u00dfergew\u00f6hnliche N\u00e4he zu Taikoo Li (nur 900 Meter entfernt) und Chunxi Road (nur 600 Meter)<\/strong> \u2013 ideal sowohl f\u00fcr Shopping-Fans als auch f\u00fcr Gesch\u00e4ftsleute, die urbanen Komfort suchen.<\/p><div class=\"my-2\">\u00a0<\/div><p>An <strong>TripAdvisor<\/strong>, wo das Hotel einen guten Ruf f\u00fcr Sauberkeit, Wert und Gastfreundschaft genie\u00dft, loben die Kritiker durchweg die <strong>makellos saubere Zimmer, ruhige Atmosph\u00e4re und Panoramablick auf die Stadt<\/strong> von raumhohen Fenstern. Ein wiederkehrender Gast schw\u00e4rmte, <em>\u201eDieses Boutique-Juwel bietet alles, was Sie brauchen \u2013 stilvolles Design, schnelles WLAN, bequeme Betten und einen ruhigen R\u00fcckzugsort nach der Erkundung des gesch\u00e4ftigen Chengdu.\u201c<\/em> Ein anderer bemerkte: <em>\u201eDas Personal hat sich wirklich M\u00fche gegeben, uns mit lokalen Empfehlungen zu helfen und hat sogar in letzter Minute problemlos einen Flughafentransfer organisiert.\u201c<\/em><\/p><div class=\"my-2\">\u00a0<\/div><p>Ein wiederkehrendes Thema in allen Rezensionen ist die <strong>herzlicher, professioneller Service<\/strong> Das rund um die Uhr besetzte Rezeptionsteam bietet Ihnen einen umfassenden Service. Die mehrsprachigen Mitarbeiter werden h\u00e4ufig f\u00fcr ihre Reaktionsschnelligkeit, ihr kulturelles Verst\u00e4ndnis und ihre Unterst\u00fctzung bei allen Fragen gelobt, von der Restaurantreservierung bis zur Nutzung \u00f6ffentlicher Verkehrsmittel. Ob privat oder gesch\u00e4ftlich, unsere G\u00e4ste sch\u00e4tzen die pers\u00f6nliche Betreuung, die ihnen das Gef\u00fchl gibt, willkommen und gut aufgehoben zu sein.<\/p><div class=\"my-2\">\u00a0<\/div><p>Viele Reisende betonen auch die <strong>ausgezeichnetes Preis-Leistungs-Verh\u00e4ltnis<\/strong>, insbesondere angesichts der zentralen Lage und der 4-Sterne-Ausstattung des Hotels. Rezensenten auf Trip.com erw\u00e4hnen oft die <strong>durchdachte Raumgestaltung<\/strong>, einschlie\u00dflich ergonomischer Arbeitspl\u00e4tze, hochwertiger Bettw\u00e4sche, Klimaanlage und Highspeed-Internet \u2013 alles unerl\u00e4sslich f\u00fcr internationale Besucher und Remote-Mitarbeiter gleicherma\u00dfen. Das hauseigene Restaurant verdient Lob f\u00fcr seine <strong>k\u00f6stliche Sichuan-Spezialit\u00e4ten mit einem modernen Touch<\/strong>, w\u00e4hrend der Zugang zum Fitnesscenter die allgemeine Attraktivit\u00e4t f\u00fcr gesundheitsbewusste G\u00e4ste erh\u00f6ht.<\/p><div class=\"my-2\">\u00a0<\/div><p>Erstbesucher sind immer wieder \u00fcberrascht, wie sehr sie ihren Aufenthalt genie\u00dfen, mit Kommentaren wie <em>\u201eBesser als erwartet!\u201c<\/em> Und <em>\u201eEines der komfortabelsten Hotels, in denen ich in China \u00fcbernachtet habe\u201c<\/em> erscheinen auf mehreren Plattformen. Familien, Paare, Alleinreisende und Gesch\u00e4ftsreisende sind sich einig: Das Lyhn International Hotel bietet eine <strong>raffiniertes, stressfreies Erlebnis<\/strong> im Herzen einer der lebenswertesten St\u00e4dte Chinas.<\/p><div class=\"my-2\">\u00a0<\/div><p>Dank seines wachsenden Rufs f\u00fcr Exzellenz verdient das Hotel weiterhin <strong>Auszeichnungen von Traveller&#039;s Choice und die Auszeichnung \u201eTop-bewertetes Boutique-Hotel\u201c<\/strong> auf verschiedenen Reise-Websites und festigte so seinen Status als bevorzugte Wahl unter anspruchsvollen Reisenden.<\/p><div class=\"my-2\">\u00a0<\/div><p data-spm-anchor-id=\"a2ty_o01.29997173.0.i57.4901c9211d0XT3\">Durch Mischen <strong>urbane Erreichbarkeit mit intimer Gastfreundschaft<\/strong>Das Lyhn International Hotel Chengdu Taikoo Li hat sich einen treuen Stamm zufriedener G\u00e4ste aufgebaut, die nicht nur wiederkommen, sondern das Hotel auch weiterempfehlen. Entdecken Sie echte Reisefotos, detailliertes Feedback und authentische Geschichten auf <strong>Trip.com<\/strong> Und <strong>TripAdvisor<\/strong> um zu sehen, warum so viele das Lyhn International Hotel f\u00fcr ihre Abenteuer in Chengdu w\u00e4hlen.<\/p>\t\t\t\t\t\t\t\t<\/div>\n\t\t\t\t\t<\/div>\n\t\t\t\t<\/div>\n\t\t\t\t<section class=\"elementor-section elementor-top-section elementor-element elementor-element-308be846 elementor-section-stretched elementor-section-boxed elementor-section-gap-beside-yes elementor-section-height-default elementor-section-height-default elementor-section-column-vertical-align-stretch\" data-id=\"308be846\" data-element_type=\"section\" data-e-type=\"section\" data-settings=\"{&quot;background_background&quot;:&quot;classic&quot;,&quot;stretch_section&quot;:&quot;section-stretched&quot;}\">\n\t\t\t\t\t\t<div class=\"elementor-container elementor-column-gap-extended\">\n\t\t\t\t\t<div class=\"elementor-column elementor-col-100 elementor-top-column elementor-element elementor-element-16ce4064\" data-id=\"16ce4064\" data-element_type=\"column\" data-e-type=\"column\">\n\t\t\t<div class=\"elementor-widget-wrap elementor-element-populated\">\n\t\t\t\t\t\t<div class=\"elementor-element elementor-element-5616a939 elementor-widget elementor-widget-nuss-heading\" data-id=\"5616a939\" data-element_type=\"widget\" data-e-type=\"widget\" data-widget_type=\"nuss-heading.default\">\n\t\t\t\t<div class=\"elementor-widget-container\">\n\t\t\t\t\t\t\t<div class=\"nuss-modern-heading\">\r\n\t\t\t\t\t\t<div class=\"heading-secondary-wrap\">\r\n\t\t\t\t<h3 class=\"heading-secondary elementor-heading-title\">Verf\u00fcgbarkeit pr\u00fcfen <\/h3>\t\t\t<\/div>\r\n\t\t\r\n\t\t\t\r\n\t\t\t\r\n\t\t\t\t\t<\/div>\r\n\t\t\t\t\t<\/div>\n\t\t\t\t<\/div>\n\t\t\t\t<div class=\"elementor-element elementor-element-1ad463f1 elementor-widget elementor-widget-text-editor\" data-id=\"1ad463f1\" data-element_type=\"widget\" data-e-type=\"widget\" data-widget_type=\"text-editor.default\">\n\t\t\t\t\t\t\t\t\t<iframe border=\"0\" src=\"https:\/\/www.trip.com\/partners\/ad\/S5321409?Allianceid=4590391&#038;SID=258456612&#038;trip_sub1=\" style=\"width:1200px;height:200px\" frameborder=\"0\" scrolling=\"no\" id=\"S5321409\"><\/iframe>\t\t\t\t\t\t\t\t<\/div>\n\t\t\t\t\t<\/div>\n\t\t<\/div>\n\t\t\t\t\t<\/div>\n\t\t<\/section>\n\t\t\t\t<\/div>","protected":false},"excerpt":{"rendered":"<p>Exceptional Guest Experiences &amp; Rave Reviews: What Travelers Are Saying About Lyhn International Hotel Chengdu Taikoo Li When it comes to choosing the perfect place to stay in Chengdu, nothing speaks louder than the voices of those who\u2019ve experienced it firsthand. At Lyhn International Hotel Chengdu Taikoo Li, located at No.1 Tidu Street, Qingyang District, [&hellip;]<\/p>\n","protected":false},"author":1,"featured_media":0,"parent":0,"menu_order":0,"comment_status":"closed","ping_status":"closed","template":"","meta":{"footnotes":""},"class_list":["post-2106","page","type-page","status-publish","hentry","post-no-thumbnail"],"_links":{"self":[{"href":"https:\/\/lyhninternationalhotelchengdu.com\/de\/wp-json\/wp\/v2\/pages\/2106","targetHints":{"allow":["GET"]}}],"collection":[{"href":"https:\/\/lyhninternationalhotelchengdu.com\/de\/wp-json\/wp\/v2\/pages"}],"about":[{"href":"https:\/\/lyhninternationalhotelchengdu.com\/de\/wp-json\/wp\/v2\/types\/page"}],"author":[{"embeddable":true,"href":"https:\/\/lyhninternationalhotelchengdu.com\/de\/wp-json\/wp\/v2\/users\/1"}],"replies":[{"embeddable":true,"href":"https:\/\/lyhninternationalhotelchengdu.com\/de\/wp-json\/wp\/v2\/comments?post=2106"}],"version-history":[{"count":0,"href":"https:\/\/lyhninternationalhotelchengdu.com\/de\/wp-json\/wp\/v2\/pages\/2106\/revisions"}],"wp:attachment":[{"href":"https:\/\/lyhninternationalhotelchengdu.com\/de\/wp-json\/wp\/v2\/media?parent=2106"}],"curies":[{"name":"wp","href":"https:\/\/api.w.org\/{rel}","templated":true}]}}