{"id":2105,"date":"2021-03-24T07:25:45","date_gmt":"2021-03-24T07:25:45","guid":{"rendered":"http:\/\/localhost\/nuss\/?page_id=235"},"modified":"2025-09-11T08:45:52","modified_gmt":"2025-09-11T08:45:52","slug":"faqs","status":"publish","type":"page","link":"https:\/\/lyhninternationalhotelchengdu.com\/de\/faqs\/","title":{"rendered":"H\u00e4ufig gestellte Fragen"},"content":{"rendered":"<div data-elementor-type=\"wp-page\" data-elementor-id=\"2105\" class=\"elementor elementor-2105\">\n\t\t\t\t\t\t<section class=\"elementor-section elementor-top-section elementor-element elementor-element-2a96a73 elementor-section-boxed elementor-section-gap-beside-yes elementor-section-height-default elementor-section-height-default elementor-section-column-vertical-align-stretch\" data-id=\"2a96a73\" data-element_type=\"section\" data-e-type=\"section\">\n\t\t\t\t\t\t<div class=\"elementor-container elementor-column-gap-extended\">\n\t\t\t\t\t<div class=\"elementor-column elementor-col-100 elementor-top-column elementor-element elementor-element-98ef20c\" data-id=\"98ef20c\" data-element_type=\"column\" data-e-type=\"column\">\n\t\t\t<div class=\"elementor-widget-wrap elementor-element-populated\">\n\t\t\t\t\t\t<div class=\"elementor-element elementor-element-97088c0 elementor-widget__width-initial elementor-invisible elementor-widget elementor-widget-text-editor\" data-id=\"97088c0\" data-element_type=\"widget\" data-e-type=\"widget\" data-settings=\"{&quot;_animation&quot;:&quot;nussFadeInUp&quot;}\" data-widget_type=\"text-editor.default\">\n\t\t\t\t\t\t\t\t\t<p>Nachfolgend finden Sie eine Liste der am h\u00e4ufigsten von unseren G\u00e4sten gestellten Fragen.<\/p>\t\t\t\t\t\t\t\t<\/div>\n\t\t\t\t\t<\/div>\n\t\t<\/div>\n\t\t\t\t\t<\/div>\n\t\t<\/section>\n\t\t\t\t<section class=\"elementor-section elementor-top-section elementor-element elementor-element-b184647 elementor-section-gap-beside-no elementor-section-boxed elementor-section-height-default elementor-section-height-default elementor-section-column-vertical-align-stretch\" data-id=\"b184647\" data-element_type=\"section\" data-e-type=\"section\">\n\t\t\t\t\t\t<div class=\"elementor-container elementor-column-gap-extended\">\n\t\t\t\t\t<div class=\"elementor-column elementor-col-100 elementor-top-column elementor-element elementor-element-1d49749\" data-id=\"1d49749\" data-element_type=\"column\" data-e-type=\"column\">\n\t\t\t<div class=\"elementor-widget-wrap elementor-element-populated\">\n\t\t\t\t\t\t<div class=\"elementor-element elementor-element-b986a9e elementor-invisible elementor-widget elementor-widget-nuss-heading\" data-id=\"b986a9e\" data-element_type=\"widget\" data-e-type=\"widget\" data-settings=\"{&quot;_animation&quot;:&quot;nussFadeInUp&quot;}\" data-widget_type=\"nuss-heading.default\">\n\t\t\t\t<div class=\"elementor-widget-container\">\n\t\t\t\t\t\t\t<div class=\"nuss-modern-heading\">\r\n\t\t\t\r\n\t\t\t\t\t\t<div class=\"heading-primary-wrap\">\r\n\t\t\t\t<h4 class=\"heading-primary elementor-heading-title\">H\u00e4ufig gestellte Fragen<\/h4>\t\t\t<\/div>\r\n\t\t\r\n\t\t\t\t\t\t<div class=\"heading-divider-wrap\">\r\n\t\t\t\t<div class=\"heading-divider\" style=\"left: 0px;top: 6px\"><\/div>\r\n\t\t\t<\/div>\r\n\t\r\n\t\t\t\t\t<\/div>\r\n\t\t\t\t\t<\/div>\n\t\t\t\t<\/div>\n\t\t\t\t<div class=\"elementor-element elementor-element-50f0733 elementor-invisible elementor-widget elementor-widget-heading\" data-id=\"50f0733\" data-element_type=\"widget\" data-e-type=\"widget\" data-settings=\"{&quot;_animation&quot;:&quot;nussFadeInUp&quot;}\" data-widget_type=\"heading.default\">\n\t\t\t\t\t<h2 class=\"elementor-heading-title elementor-size-default\">Fragen &amp; Antworten<\/h2>\t\t\t\t<\/div>\n\t\t\t\t<div class=\"elementor-element elementor-element-ac23737 elementor-widget elementor-widget-text-editor\" data-id=\"ac23737\" data-element_type=\"widget\" data-e-type=\"widget\" data-widget_type=\"text-editor.default\">\n\t\t\t\t\t\t\t\t\t<h3><strong data-spm-anchor-id=\"a2ty_o01.29997173.0.i63.4901c9211d0XT3\">1. Was sind die Check-in- und Check-out-Zeiten?<\/strong><\/h3><p>Check-in ist nach <strong>14:00 Uhr<\/strong>und der Check-out ist vor <strong>12:00 (Mittag)<\/strong>. Express-Check-in und Selbstbedienungskioske stehen zur Verf\u00fcgung.<\/p><div class=\"py-2 my-3\"><hr \/><\/div><h3><strong>2. Bietet das Hotel einen Flughafentransfer an?<\/strong><\/h3><p>NEIN, <strong>Flughafentransfers oder Transferdienste werden nicht angeboten<\/strong> beim Hotel. Taxis und Mitfahr-Apps wie Didi sind jedoch problemlos verf\u00fcgbar.<\/p><div class=\"py-2 my-3\"><hr \/><\/div><h3><strong>3. Wie weit ist das Hotel vom internationalen Flughafen Chengdu Shuangliu entfernt?<\/strong><\/h3><p>Etwa <strong>18,1 km<\/strong>, was etwa dauert <strong>36 Minuten mit dem Auto<\/strong>, je nach Verkehr.<\/p><div class=\"py-2 my-3\"><hr \/><\/div><h3><strong>4. Welche U-Bahn-Station ist am n\u00e4chsten?<\/strong><\/h3><p>Die n\u00e4chste U-Bahnstation ist <strong>Bahnhof Taisheng South Road (Linie 3)<\/strong>, Nur <strong>640 Meter<\/strong> entfernt (~8 Gehminuten).<\/p><div class=\"py-2 my-3\"><hr \/><\/div><h3><strong>5. Gibt es Parkpl\u00e4tze am Hotel?<\/strong><\/h3><p>Ja, <strong>kostenlose \u00f6ffentliche Parkpl\u00e4tze vor Ort<\/strong> steht den G\u00e4sten zur Verf\u00fcgung. Eine Reservierung ist nicht erforderlich.<\/p><div class=\"py-2 my-3\"><hr \/><\/div><h3><strong>6. Ist das Fr\u00fchst\u00fcck im Zimmerpreis inbegriffen?<\/strong><\/h3><p>Das Fr\u00fchst\u00fcck ist <strong>nicht automatisch enthalten<\/strong> kann aber vor Ort gekauft werden. Es ist ein Buffet mit westlichen und chinesischen Optionen.<\/p><ul dir=\"auto\"><li><strong>Erwachsene<\/strong>: 68 CNY (ca. 9,55 USD)<\/li><li><strong>Kinder \u00fcber 1,2 m<\/strong>: 48 CNY (ca. 6,74 USD)<\/li><li><strong>Kinder unter 1,2 m<\/strong>: Frei<\/li><\/ul><div class=\"py-2 my-3\"><hr \/><\/div><h3><strong>7. Um wie viel Uhr wird das Fr\u00fchst\u00fcck serviert?<\/strong><\/h3><ul dir=\"auto\"><li><strong>Montag bis Freitag<\/strong>: 07:00 \u2013 10:00<\/li><li><strong>Samstag bis Sonntag<\/strong>: 07:00 \u2013 11:00<\/li><\/ul><div class=\"py-2 my-3\"><hr \/><\/div><h3><strong>8. Sind Haustiere erlaubt?<\/strong><\/h3><p>NEIN, <strong>Haustiere sind nicht gestattet<\/strong> im Hotel.<\/p><div class=\"py-2 my-3\"><hr \/><\/div><h3><strong>9. Verf\u00fcgt das Hotel \u00fcber einen Swimmingpool?<\/strong><\/h3><p>Nein, Lyhn International Hotel <strong>hat keinen Swimmingpool<\/strong>.<\/p><div class=\"py-2 my-3\"><hr \/><\/div><h3><strong>10. Gibt es ein Fitnesscenter oder Fitnessstudio?<\/strong><\/h3><p>Ja, das Hotel verf\u00fcgt \u00fcber ein <strong>voll ausgestattetes Fitnessstudio<\/strong> 24 Stunden f\u00fcr G\u00e4ste ge\u00f6ffnet.<\/p><div class=\"py-2 my-3\"><hr \/><\/div><h3><strong>11. Ist WLAN verf\u00fcgbar?<\/strong><\/h3><p>Ja, <strong>kostenloses Highspeed-WLAN<\/strong> ist in allen G\u00e4stezimmern und \u00f6ffentlichen Bereichen verf\u00fcgbar.<\/p><div class=\"py-2 my-3\"><hr \/><\/div><h3><strong>12. Wie viele Zimmer hat das Hotel?<\/strong><\/h3><p>Das Hotel verf\u00fcgt <strong>218 G\u00e4stezimmer<\/strong>, gem\u00e4\u00df den offiziellen Eigentumsangaben.<\/p><div class=\"py-2 my-3\"><hr \/><\/div><h3><strong>13. Welche Zimmertypen stehen zur Verf\u00fcgung?<\/strong><\/h3><p>Zu den verf\u00fcgbaren Zimmertypen geh\u00f6ren:<\/p><ul dir=\"auto\"><li>Besonderes Mitgliederzimmer (Doppelbett)<\/li><li>Executive Zimmer mit Queensize-Bett<\/li><li>Familiensuite<\/li><li>Eltern-Kind-Suite<\/li><li>Und andere Premiumkategorien<\/li><\/ul><div class=\"py-2 my-3\"><hr \/><\/div><h3><strong>14. Gibt es Nichtraucherzimmer?<\/strong><\/h3><p>Ja, <strong>Nichtraucherzimmer und -etagen<\/strong> sind verf\u00fcgbar. Bitte geben Sie bei der Buchung Ihre Pr\u00e4ferenz an.<\/p><div class=\"py-2 my-3\"><hr \/><\/div><h3><strong>15. Kann ich ein Zustellbett oder Kinderbett hinzuf\u00fcgen?<\/strong><\/h3><p>Ja, <strong>Kinderbetten stehen kostenlos zur Verf\u00fcgung<\/strong> f\u00fcr Kinder bis 3 Jahre. Zustellbetten sind je nach Zimmerkategorie unterschiedlich und k\u00f6nnen mit zus\u00e4tzlichen Geb\u00fchren verbunden sein.<\/p><div class=\"py-2 my-3\"><hr \/><\/div><h3><strong>16. Gibt es einen Zimmerservice?<\/strong><\/h3><p>Ja, <strong>Zimmerservice ist verf\u00fcgbar<\/strong>, einschlie\u00dflich der Essenslieferung durch Roboterbutler \u2013 ein einzigartiges Highlight, das von den G\u00e4sten gelobt wird.<\/p><div class=\"py-2 my-3\"><hr \/><\/div><h3><strong>17. Verf\u00fcgt das Hotel \u00fcber ein Restaurant?<\/strong><\/h3><p>Ja, das hoteleigene Restaurant <strong>Rong Ting Shi Fu (\u84c9\u5ead\u98df\u5e9c)<\/strong> dient:<\/p><ul dir=\"auto\"><li>Buffet und \u00e0 la carte-Speisen<\/li><li>Chinesische K\u00fcche<\/li><li>T\u00e4glich ge\u00f6ffnet von 07:00 bis 22:00 Uhr<br \/>Serviert Fr\u00fchst\u00fcck, Mittagessen, Nachmittagstee und Abendessen.<\/li><\/ul><div class=\"py-2 my-3\"><hr \/><\/div><h3><strong>18. Gibt es Gesch\u00e4ftseinrichtungen?<\/strong><\/h3><p>Ja, das Hotel bietet:<\/p><ul dir=\"auto\"><li>Gesch\u00e4ftszentrum<\/li><li>Konferenz- und Multifunktionsr\u00e4ume<\/li><li>Fax-\/Kopierdienste<\/li><li>Weckrufe und Unterst\u00fctzung bei der Tourbuchung<\/li><\/ul><p>Ideal f\u00fcr Gesch\u00e4ftsreisende.<\/p><div class=\"py-2 my-3\"><hr \/><\/div><h3><strong>19. Welche Sprachen spricht das Personal?<\/strong><\/h3><p>Mitarbeiter an der Rezeption sprechen <strong>Englisch und Mandarin-Chinesisch<\/strong>, wodurch eine reibungslose Kommunikation f\u00fcr internationale G\u00e4ste gew\u00e4hrleistet wird.<\/p><div class=\"py-2 my-3\"><hr \/><\/div><h3><strong>20. Gibt es eine Kautionsregelung?<\/strong><\/h3><p data-spm-anchor-id=\"a2ty_o01.29997173.0.i64.4901c9211d0XT3\">Ja, ein <strong>r\u00fcckzahlbare Kaution von 500 CNY (ca. 70 USD)<\/strong> ist beim Check-in erforderlich und kann in bar oder per Kreditkarte bezahlt werden.<\/p>\t\t\t\t\t\t\t\t<\/div>\n\t\t\t\t\t<\/div>\n\t\t<\/div>\n\t\t\t\t\t<\/div>\n\t\t<\/section>\n\t\t\t\t<\/div>","protected":false},"excerpt":{"rendered":"<p>Below, you will find a list of the questions most frequently asked by our guests. FAQ&#8217;S Questions &amp; Answers 1. What are the check-in and check-out times? Check-in is after 14:00 (2:00 PM), and check-out is before 12:00 (noon). Express check-in and self-service kiosks are available. 2. Does the hotel offer airport transfer services? No, [&hellip;]<\/p>\n","protected":false},"author":1,"featured_media":0,"parent":0,"menu_order":0,"comment_status":"closed","ping_status":"closed","template":"elementor_header_footer","meta":{"footnotes":""},"class_list":["post-2105","page","type-page","status-publish","hentry","post-no-thumbnail"],"_links":{"self":[{"href":"https:\/\/lyhninternationalhotelchengdu.com\/de\/wp-json\/wp\/v2\/pages\/2105","targetHints":{"allow":["GET"]}}],"collection":[{"href":"https:\/\/lyhninternationalhotelchengdu.com\/de\/wp-json\/wp\/v2\/pages"}],"about":[{"href":"https:\/\/lyhninternationalhotelchengdu.com\/de\/wp-json\/wp\/v2\/types\/page"}],"author":[{"embeddable":true,"href":"https:\/\/lyhninternationalhotelchengdu.com\/de\/wp-json\/wp\/v2\/users\/1"}],"replies":[{"embeddable":true,"href":"https:\/\/lyhninternationalhotelchengdu.com\/de\/wp-json\/wp\/v2\/comments?post=2105"}],"version-history":[{"count":0,"href":"https:\/\/lyhninternationalhotelchengdu.com\/de\/wp-json\/wp\/v2\/pages\/2105\/revisions"}],"wp:attachment":[{"href":"https:\/\/lyhninternationalhotelchengdu.com\/de\/wp-json\/wp\/v2\/media?parent=2105"}],"curies":[{"name":"wp","href":"https:\/\/api.w.org\/{rel}","templated":true}]}}