{"id":2104,"date":"2021-03-23T09:33:48","date_gmt":"2021-03-23T09:33:48","guid":{"rendered":"http:\/\/localhost\/nuss\/?page_id=167"},"modified":"2025-09-11T08:50:04","modified_gmt":"2025-09-11T08:50:04","slug":"unsere-geschichte","status":"publish","type":"page","link":"https:\/\/lyhninternationalhotelchengdu.com\/de\/unsere-geschichte\/","title":{"rendered":"Unsere Geschichte"},"content":{"rendered":"<div data-elementor-type=\"wp-page\" data-elementor-id=\"2104\" class=\"elementor elementor-2104\">\n\t\t\t\t\t\t<section class=\"elementor-section elementor-top-section elementor-element elementor-element-8f5bb9d elementor-section-boxed elementor-section-gap-beside-yes elementor-section-height-default elementor-section-height-default elementor-section-column-vertical-align-stretch\" data-id=\"8f5bb9d\" data-element_type=\"section\" data-e-type=\"section\">\n\t\t\t\t\t\t<div class=\"elementor-container elementor-column-gap-extended\">\n\t\t\t\t\t<div class=\"elementor-column elementor-col-100 elementor-top-column elementor-element elementor-element-7ec4215\" data-id=\"7ec4215\" data-element_type=\"column\" data-e-type=\"column\">\n\t\t\t<div class=\"elementor-widget-wrap elementor-element-populated\">\n\t\t\t\t\t\t<div class=\"elementor-element elementor-element-edd9d03 elementor-widget__width-initial elementor-invisible elementor-widget elementor-widget-text-editor\" data-id=\"edd9d03\" data-element_type=\"widget\" data-e-type=\"widget\" data-settings=\"{&quot;_animation&quot;:&quot;nussFadeInUp&quot;}\" data-widget_type=\"text-editor.default\">\n\t\t\t\t\t\t\t\t\t<p><strong data-spm-anchor-id=\"a2ty_o01.29997173.0.i71.4901c9211d0XT3\">Die Vision hinter Lyhn International Hotel Chengdu Taikoo Li<\/strong><\/p>\t\t\t\t\t\t\t\t<\/div>\n\t\t\t\t\t<\/div>\n\t\t<\/div>\n\t\t\t\t\t<\/div>\n\t\t<\/section>\n\t\t<div class=\"elementor-element elementor-element-e451916 e-flex e-con-boxed e-con e-parent\" data-id=\"e451916\" data-element_type=\"container\" data-e-type=\"container\">\n\t\t\t\t\t<div class=\"e-con-inner\">\n\t\t\t\t<div class=\"elementor-element elementor-element-bb01f99 elementor-widget elementor-widget-image\" data-id=\"bb01f99\" data-element_type=\"widget\" data-e-type=\"widget\" data-widget_type=\"image.default\">\n\t\t\t\t\t\t\t\t\t\t\t\t\t\t\t<img fetchpriority=\"high\" decoding=\"async\" width=\"1024\" height=\"1024\" src=\"https:\/\/lyhninternationalhotelchengdu.com\/wp-content\/uploads\/2025\/09\/home-1024x1024.jpeg\" class=\"attachment-large size-large wp-image-5550\" alt=\"\" srcset=\"https:\/\/lyhninternationalhotelchengdu.com\/wp-content\/uploads\/2025\/09\/home-1024x1024.jpeg 1024w, https:\/\/lyhninternationalhotelchengdu.com\/wp-content\/uploads\/2025\/09\/home-300x300.jpeg 300w, https:\/\/lyhninternationalhotelchengdu.com\/wp-content\/uploads\/2025\/09\/home-150x150.jpeg 150w, https:\/\/lyhninternationalhotelchengdu.com\/wp-content\/uploads\/2025\/09\/home-768x768.jpeg 768w, https:\/\/lyhninternationalhotelchengdu.com\/wp-content\/uploads\/2025\/09\/home-12x12.jpeg 12w, https:\/\/lyhninternationalhotelchengdu.com\/wp-content\/uploads\/2025\/09\/home.jpeg 1066w\" sizes=\"(max-width: 1024px) 100vw, 1024px\" \/>\t\t\t\t\t\t\t\t\t\t\t\t\t\t\t<\/div>\n\t\t\t\t\t<\/div>\n\t\t\t\t<\/div>\n\t\t<div class=\"elementor-element elementor-element-ef78cb5 e-flex e-con-boxed e-con e-parent\" data-id=\"ef78cb5\" data-element_type=\"container\" data-e-type=\"container\">\n\t\t\t\t\t<div class=\"e-con-inner\">\n\t\t\t\t<div class=\"elementor-element elementor-element-5523dfc elementor-widget elementor-widget-text-editor\" data-id=\"5523dfc\" data-element_type=\"widget\" data-e-type=\"widget\" data-widget_type=\"text-editor.default\">\n\t\t\t\t\t\t\t\t\t<p data-spm-anchor-id=\"a2ty_o01.29997173.0.i72.4901c9211d0XT3\">Im Herzen einer der lebendigsten und kulturell reichsten St\u00e4dte Chinas wurde mit der Er\u00f6ffnung von <strong>Lyhn International Hotel Chengdu Taikoo Li<\/strong>. Standort <strong>Nr. 1 Tidu Street, Bezirk Qingyang, Chengdu, Sichuan 610000<\/strong>Unser Hotel ist mehr als nur ein Ort zum Ausruhen \u2013 es ist der H\u00f6hepunkt einer k\u00fchnen Vision, moderne Eleganz, intelligenten Service und authentischen lokalen Geist zu einem wirklich unverwechselbaren urbanen R\u00fcckzugsort zu verbinden.<\/p><p>Das Lyhn International Hotel entstand aus der Leidenschaft f\u00fcr durchdachtes Design und g\u00e4steorientierte Innovation in <strong>2014<\/strong> als zukunftsorientiertes Reiseziel f\u00fcr Reisende, die sowohl Komfort als auch Charakter suchen. Nur wenige Schritte entfernt von der weltber\u00fchmten <strong>Taikoo Li<\/strong> Einkaufs- und Lifestyleviertel und in unmittelbarer N\u00e4he <strong>Chunxi-Stra\u00dfe<\/strong>, Chengdus gesch\u00e4ftiger Handelsstra\u00dfe, wurden wir in der \u00dcberzeugung gegr\u00fcndet, dass die Lage niemals auf Kosten der Ruhe oder Qualit\u00e4t gehen sollte.<\/p><p>Von Anfang an war unsere Mission klar: einen Ort zu schaffen, an dem die Energie der Innenstadt von Chengdu auf die Ruhe eines pers\u00f6nlichen R\u00fcckzugsortes trifft. Mit <strong>218 liebevoll gestaltete Zimmer und Suiten<\/strong>, jedes mit dem Ziel, minimalistische \u00c4sthetik mit funktionalem Luxus zu vereinen, haben wir uns vorgenommen, das 4-Sterne-Boutique-Erlebnis neu zu definieren. Vom Boden bis zur Decke reichende Fenster bieten einen Panoramablick auf die Stadt, w\u00e4hrend erstklassige Annehmlichkeiten \u2013 von Highspeed-WLAN und intelligenter Klimaanlage bis hin zu tiefen Badewannen und ausgew\u00e4hlten Toilettenartikeln \u2013 daf\u00fcr sorgen, dass sich jeder Aufenthalt m\u00fchelos und verw\u00f6hnend anf\u00fchlt.<\/p><p>Aber unsere Geschichte dreht sich nicht nur um Architektur oder Innenarchitektur \u2013 es geht um Menschen. Inspiriert von Chengdus legend\u00e4rer W\u00e4rme und seinem entspannten Charme haben wir eine Kultur der Gastfreundschaft geschaffen, in der die Liebe zum Detail alles ist. Unser mehrsprachiges Personal, das flie\u00dfend in <strong>Mandarin und Englisch<\/strong>, sind darauf trainiert, nicht nur Erwartungen zu erf\u00fcllen, sondern sie auch vorwegzunehmen. Ob es darum geht, Last-Minute-Reservierungen f\u00fcr das Abendessen zu arrangieren, G\u00e4ste zu versteckten Restaurants in der N\u00e4he zu f\u00fchren oder schnell zus\u00e4tzliche Kissen \u00fcber unsere charakteristische <strong>Serviceroboter in Pandaform<\/strong>Wir glauben, dass wahrer Luxus in einer nahtlosen, pers\u00f6nlichen Betreuung liegt.<\/p><p>Innovation war schon immer Teil unserer DNA. Als eines der ersten Hotels in der Region, das <strong>robotergest\u00fctzter Zimmerservice<\/strong>, Self-Check-in-Kioske und intelligenter Zugang rund um die Uhr \u2013 wir haben die Technologie nicht wegen ihrer Neuheit angenommen, sondern wegen ihrer F\u00e4higkeit, die menschliche Verbindung zu verbessern \u2013 und so unserem Team Zeit zu geben, sich auf sinnvolle Interaktionen zu konzentrieren.<\/p><p>Im Laufe der Jahre hat sich das Lyhn International Hotel zu einer bevorzugten Wahl f\u00fcr anspruchsvolle Reisende entwickelt \u2013 von internationalen Gesch\u00e4ftsleuten, die an Meetings in Chengdus Technologiezentren teilnehmen, bis hin zu Familien, die die alten Tempel, Pandas und w\u00fcrzigen kulinarischen K\u00f6stlichkeiten der Stadt erkunden. Unser hauseigenes Restaurant, <strong>Rong Ting Shi Fu (\u84c9\u5ead\u98df\u5e9c)<\/strong>, zelebriert die kr\u00e4ftigen Aromen der Sichuan-K\u00fcche und bietet gleichzeitig Gerichte aus aller Welt, die jede Mahlzeit zu einer Erweiterung des lokalen Erlebnisses machen. Annehmlichkeiten wie das <strong>24-Stunden-Fitnesscenter<\/strong>, <strong>kostenlose Parkpl\u00e4tze<\/strong>, <strong>W\u00e4scheservice<\/strong>, Und <strong>multifunktionale Businessr\u00e4ume<\/strong> erf\u00fcllen die praktischen Anforderungen des modernen mobilen Lebens.<\/p><p>Was als einzelnes Anwesen im Zentrum von Chengdu begann, hat sich zu einem Symbol f\u00fcr kultiviertes Stadtleben entwickelt \u2013 gelobt von \u00fcber <strong>9.300 verifizierte G\u00e4ste<\/strong> auf Trip.com f\u00fcr seine <strong>hervorragende Sauberkeit (9,6\/10), au\u00dfergew\u00f6hnlicher Service (9,6\/10) und unschlagbare Lage (9,5\/10)<\/strong>Reisende betonen immer wieder nicht nur den Komfort ihres Aufenthalts, sondern auch die Freude, wie heimkehrende Freunde willkommen gehei\u00dfen zu werden.<\/p><p>Auch heute, w\u00e4hrend wir uns weiterentwickeln, bleiben unsere Grundwerte unver\u00e4ndert: <strong>Integrit\u00e4t, Innovation, Empathie und Exzellenz<\/strong>Wir sind stolz darauf, mehr als nur ein Hotel zu sein \u2013 wir sind ein Tor zu Chengdu, eine ruhige Oase inmitten des Rhythmus der Stadt und ein Ort, an dem Geschichten beginnen, sich wiedervereinigen und entfalten.<\/p><p data-spm-anchor-id=\"a2ty_o01.29997173.0.i73.4901c9211d0XT3\">Dies ist <strong>Unsere Geschichte<\/strong> \u2013 und jetzt k\u00f6nnen Sie es entdecken.<\/p>\t\t\t\t\t\t\t\t<\/div>\n\t\t\t\t\t<\/div>\n\t\t\t\t<\/div>\n\t\t\t\t<section class=\"elementor-section elementor-top-section elementor-element elementor-element-25b907af elementor-section-stretched elementor-section-boxed elementor-section-gap-beside-yes elementor-section-height-default elementor-section-height-default elementor-section-column-vertical-align-stretch\" data-id=\"25b907af\" data-element_type=\"section\" data-e-type=\"section\" data-settings=\"{&quot;background_background&quot;:&quot;classic&quot;,&quot;stretch_section&quot;:&quot;section-stretched&quot;}\">\n\t\t\t\t\t\t<div class=\"elementor-container elementor-column-gap-extended\">\n\t\t\t\t\t<div class=\"elementor-column elementor-col-100 elementor-top-column elementor-element elementor-element-33f22b95\" data-id=\"33f22b95\" data-element_type=\"column\" data-e-type=\"column\">\n\t\t\t<div class=\"elementor-widget-wrap elementor-element-populated\">\n\t\t\t\t\t\t<div class=\"elementor-element elementor-element-274bf8f5 elementor-widget elementor-widget-nuss-heading\" data-id=\"274bf8f5\" data-element_type=\"widget\" data-e-type=\"widget\" data-widget_type=\"nuss-heading.default\">\n\t\t\t\t<div class=\"elementor-widget-container\">\n\t\t\t\t\t\t\t<div class=\"nuss-modern-heading\">\r\n\t\t\t\t\t\t<div class=\"heading-secondary-wrap\">\r\n\t\t\t\t<h3 class=\"heading-secondary elementor-heading-title\">Verf\u00fcgbarkeit pr\u00fcfen <\/h3>\t\t\t<\/div>\r\n\t\t\r\n\t\t\t\r\n\t\t\t\r\n\t\t\t\t\t<\/div>\r\n\t\t\t\t\t<\/div>\n\t\t\t\t<\/div>\n\t\t\t\t<div class=\"elementor-element elementor-element-90b4fd1 elementor-widget elementor-widget-text-editor\" data-id=\"90b4fd1\" data-element_type=\"widget\" data-e-type=\"widget\" data-widget_type=\"text-editor.default\">\n\t\t\t\t\t\t\t\t\t<iframe border=\"0\" src=\"https:\/\/www.trip.com\/partners\/ad\/S5321409?Allianceid=4590391&#038;SID=258456612&#038;trip_sub1=\" style=\"width:1200px;height:200px\" frameborder=\"0\" scrolling=\"no\" id=\"S5321409\"><\/iframe>\t\t\t\t\t\t\t\t<\/div>\n\t\t\t\t\t<\/div>\n\t\t<\/div>\n\t\t\t\t\t<\/div>\n\t\t<\/section>\n\t\t\t\t<\/div>","protected":false},"excerpt":{"rendered":"<p>The Vision Behind Lyhn International Hotel Chengdu Taikoo Li At the heart of one of China\u2019s most vibrant and culturally rich cities, a new chapter in hospitality was written with the opening of Lyhn International Hotel Chengdu Taikoo Li. Located at No.1 Tidu Street, Qingyang District, Chengdu, Sichuan 610000, our hotel is more than just [&hellip;]<\/p>\n","protected":false},"author":1,"featured_media":0,"parent":0,"menu_order":0,"comment_status":"closed","ping_status":"closed","template":"","meta":{"footnotes":""},"class_list":["post-2104","page","type-page","status-publish","hentry","post-no-thumbnail"],"_links":{"self":[{"href":"https:\/\/lyhninternationalhotelchengdu.com\/de\/wp-json\/wp\/v2\/pages\/2104","targetHints":{"allow":["GET"]}}],"collection":[{"href":"https:\/\/lyhninternationalhotelchengdu.com\/de\/wp-json\/wp\/v2\/pages"}],"about":[{"href":"https:\/\/lyhninternationalhotelchengdu.com\/de\/wp-json\/wp\/v2\/types\/page"}],"author":[{"embeddable":true,"href":"https:\/\/lyhninternationalhotelchengdu.com\/de\/wp-json\/wp\/v2\/users\/1"}],"replies":[{"embeddable":true,"href":"https:\/\/lyhninternationalhotelchengdu.com\/de\/wp-json\/wp\/v2\/comments?post=2104"}],"version-history":[{"count":0,"href":"https:\/\/lyhninternationalhotelchengdu.com\/de\/wp-json\/wp\/v2\/pages\/2104\/revisions"}],"wp:attachment":[{"href":"https:\/\/lyhninternationalhotelchengdu.com\/de\/wp-json\/wp\/v2\/media?parent=2104"}],"curies":[{"name":"wp","href":"https:\/\/api.w.org\/{rel}","templated":true}]}}